{"id":13373,"date":"2024-07-14T17:36:13","date_gmt":"2024-07-14T15:36:13","guid":{"rendered":"https:\/\/www.botres.com\/technologia\/oczyszczanie-pofermentu-i-produkcja-nawozu\/"},"modified":"2026-03-09T16:22:35","modified_gmt":"2026-03-09T15:22:35","slug":"oczyszczanie-pofermentu-i-produkcja-nawozu","status":"publish","type":"page","link":"https:\/\/www.botres.com\/pl\/technologia\/oczyszczanie-pofermentu-i-produkcja-nawozu\/","title":{"rendered":"Oczyszczanie pofermentu i produkcja nawozu"},"content":{"rendered":"<p>[et_pb_section fb_built=&#8221;1&#8243; _builder_version=&#8221;4.27.4&#8243; _module_preset=&#8221;default&#8221; background_image=&#8221;https:\/\/www.botres.com\/wp-content\/uploads\/2024\/01\/006-Sincan-2-2.png&#8221; background_enable_video_mp4=&#8221;off&#8221; hover_enabled=&#8221;0&#8243; global_colors_info=&#8221;{}&#8221; title_text=&#8221;006-Sincan-2-2&#8243; sticky_enabled=&#8221;0&#8243;][et_pb_row _builder_version=&#8221;4.25.1&#8243; _module_preset=&#8221;default&#8221; global_colors_info=&#8221;{}&#8221;][et_pb_column type=&#8221;4_4&#8243; _builder_version=&#8221;4.25.1&#8243; _module_preset=&#8221;default&#8221; global_colors_info=&#8221;{}&#8221;][et_pb_text module_class=&#8221;accent-bold accentcolor-on-bold&#8221; _builder_version=&#8221;4.27.0&#8243; _module_preset=&#8221;default&#8221; header_font=&#8221;|||on|||||&#8221; header_text_color=&#8221;#FFFFFF&#8221; custom_margin=&#8221;5rem||5rem||false|false&#8221; header_text_shadow_style=&#8221;preset1&#8243; global_colors_info=&#8221;{}&#8221;]<\/p>\n<h1><strong>Zr\u00f3wnowa\u017cona produkcja biogazu<\/strong> <\/h1>\n<p>[\/et_pb_text][\/et_pb_column][\/et_pb_row][\/et_pb_section][et_pb_section fb_built=&#8221;1&#8243; custom_padding_last_edited=&#8221;on|phone&#8221; _builder_version=&#8221;4.27.4&#8243; _module_preset=&#8221;default&#8221; min_height=&#8221;1537.7px&#8221; custom_margin=&#8221;10px||||false|false&#8221; custom_margin_tablet=&#8221;10px||||false|false&#8221; custom_margin_phone=&#8221;1px||||false|false&#8221; custom_margin_last_edited=&#8221;on|phone&#8221; custom_padding=&#8221;20px||||false|false&#8221; custom_padding_tablet=&#8221;20px||||false|false&#8221; custom_padding_phone=&#8221;20px||||false|false&#8221; global_colors_info=&#8221;{}&#8221;][et_pb_row custom_padding_last_edited=&#8221;on|desktop&#8221; _builder_version=&#8221;4.27.4&#8243; _module_preset=&#8221;default&#8221; custom_margin_tablet=&#8221;&#8221; custom_margin_phone=&#8221;&#8221; custom_margin_last_edited=&#8221;on|phone&#8221; custom_padding_tablet=&#8221;&#8221; custom_padding_phone=&#8221;&#8221; global_colors_info=&#8221;{}&#8221;][et_pb_column type=&#8221;4_4&#8243; _builder_version=&#8221;4.25.1&#8243; _module_preset=&#8221;default&#8221; global_colors_info=&#8221;{}&#8221;][et_pb_text _builder_version=&#8221;4.27.4&#8243; _module_preset=&#8221;b147756b-4572-46e4-ad90-d428afb5e7e5&#8243; custom_margin_tablet=&#8221;&#8221; custom_margin_phone=&#8221;&#8221; custom_margin_last_edited=&#8221;on|phone&#8221; custom_padding_tablet=&#8221;&#8221; custom_padding_phone=&#8221;&#8221; custom_padding_last_edited=&#8221;on|phone&#8221; animation_style=&#8221;fade&#8221; animation_duration=&#8221;650ms&#8221; global_colors_info=&#8221;{}&#8221;]<\/p>\n<h1><strong>Oczyszczanie pofermentu i produkcja nawozu<\/strong><\/h1>\n<p>[\/et_pb_text][\/et_pb_column][\/et_pb_row][et_pb_row column_structure=&#8221;3_5,2_5&#8243; custom_padding_last_edited=&#8221;on|desktop&#8221; _builder_version=&#8221;4.27.4&#8243; _module_preset=&#8221;default&#8221; custom_margin_tablet=&#8221;&#8221; custom_margin_phone=&#8221;10px||||false|false&#8221; custom_margin_last_edited=&#8221;on|phone&#8221; custom_padding=&#8221;0px|||||&#8221; custom_padding_tablet=&#8221;0px|||||&#8221; custom_padding_phone=&#8221;20px||||false|false&#8221; global_colors_info=&#8221;{}&#8221;][et_pb_column type=&#8221;3_5&#8243; _builder_version=&#8221;4.25.1&#8243; _module_preset=&#8221;default&#8221; global_colors_info=&#8221;{}&#8221;][et_pb_text _builder_version=&#8221;4.27.4&#8243; _module_preset=&#8221;b147756b-4572-46e4-ad90-d428afb5e7e5&#8243; custom_margin_tablet=&#8221;&#8221; custom_margin_phone=&#8221;-35px||||false|false&#8221; custom_margin_last_edited=&#8221;on|phone&#8221; custom_padding_tablet=&#8221;&#8221; custom_padding_phone=&#8221;1px||||false|false&#8221; custom_padding_last_edited=&#8221;on|desktop&#8221; animation_style=&#8221;fade&#8221; animation_duration=&#8221;650ms&#8221; global_colors_info=&#8221;{}&#8221;]<\/p>\n<p>W wielu obszarach wiejskich nadal powszechn\u0105 praktyk\u0105 jest bezpo\u015brednie rozprowadzanie obornika bydl\u0119cego lub gnojowicy \u015bwi\u0144skiej na polach jako naturalnego nawozu w celu poprawy \u017cyzno\u015bci gleby i plon\u00f3w. Metoda ta wi\u0105\u017ce si\u0119 jednak z szeregiem negatywnych skutk\u00f3w, takich jak emisje metanu przyczyniaj\u0105ce si\u0119 do zmian klimatu, zanieczyszczenie w\u00f3d gruntowych oraz uci\u0105\u017cliwe zapachy w otoczeniu. <\/p>\n<p>Istnieje jednak znacznie bardziej przyjazne dla \u015brodowiska podej\u015bcie do poprawy \u017cyzno\u015bci gleby. W procesie fermentacji beztlenowej zachodz\u0105cym w biogazowniach bakterie wytwarzaj\u0105 metan, pozostawiaj\u0105c jednocze\u015bnie bogaty w sk\u0142adniki od\u017cywcze p\u0142yn, zwany pofermentem. Recykling i ponowne wykorzystanie materii organicznej w postaci pofermentu przynosi istotne korzy\u015bci zar\u00f3wno \u015brodowiskowe, jak i ekonomiczne.  <\/p>\n<p>Najwi\u0119ksz\u0105 zalet\u0105 pofermentu jest jego zdolno\u015b\u0107 do znacz\u0105cej redukcji emisji gaz\u00f3w cieplarnianych. Stosowany jako naw\u00f3z lub kompost wzbogaca gleb\u0119, nie powoduj\u0105c emisji szkodliwych gaz\u00f3w do atmosfery. <\/p>\n<p>Jako kompleksowy dostawca instalacji biogazowych zapewniamy nie tylko wydajn\u0105 produkcj\u0119 biogazu i biometanu, lecz tak\u017ce pe\u0142en zakres us\u0142ug zwi\u0105zanych z obr\u00f3bk\u0105 pofermentu. Obejmuje to separacj\u0119 pofermentu na frakcj\u0119 ciek\u0142\u0105 i sta\u0142\u0105 oraz redukcj\u0119 zawarto\u015bci wody, co u\u0142atwia jego transport i magazynowanie. Dodatkowo proces higienizacji eliminuje patogeny, dzi\u0119ki czemu na pola trafia wy\u0142\u0105cznie naw\u00f3z najwy\u017cszej jako\u015bci. Takie podej\u015bcie poprawia kondycj\u0119 gleby, obni\u017ca koszty i chroni \u015brodowisko.   <\/p>\n<p>&nbsp;<\/p>\n<p>[\/et_pb_text][\/et_pb_column][et_pb_column type=&#8221;2_5&#8243; _builder_version=&#8221;4.25.1&#8243; _module_preset=&#8221;default&#8221; global_colors_info=&#8221;{}&#8221;][et_pb_image src=&#8221;https:\/\/botres.com\/wp-content\/uploads\/2024\/07\/bunch-good-soil-hands-ground-background-scaled.jpg&#8221; title_text=&#8221;Soil in hands&#8221; _builder_version=&#8221;4.27.4&#8243; _module_preset=&#8221;default&#8221; global_colors_info=&#8221;{}&#8221;][\/et_pb_image][et_pb_image src=&#8221;https:\/\/www.botres.com\/wp-content\/uploads\/2025\/04\/Solutions-digestate-treatment-2.jpg&#8221; title_text=&#8221;Solutions digestate treatment 2&#8243; _builder_version=&#8221;4.27.4&#8243; _module_preset=&#8221;default&#8221; global_colors_info=&#8221;{}&#8221;][\/et_pb_image][et_pb_image src=&#8221;https:\/\/botres.com\/wp-content\/uploads\/2024\/07\/close-up-seedling-dirt-scaled.jpg&#8221; title_text=&#8221;close-up-seedling-dirt&#8221; _builder_version=&#8221;4.25.1&#8243; _module_preset=&#8221;default&#8221; global_colors_info=&#8221;{}&#8221;][\/et_pb_image][\/et_pb_column][\/et_pb_row][et_pb_row _builder_version=&#8221;4.27.0&#8243; _module_preset=&#8221;default&#8221; global_colors_info=&#8221;{}&#8221;][et_pb_column type=&#8221;4_4&#8243; _builder_version=&#8221;4.27.0&#8243; _module_preset=&#8221;default&#8221; global_colors_info=&#8221;{}&#8221;][et_pb_text _builder_version=&#8221;4.27.4&#8243; _module_preset=&#8221;b147756b-4572-46e4-ad90-d428afb5e7e5&#8243; header_2_text_color=&#8221;#0096C5&#8243; global_colors_info=&#8221;{}&#8221;]<\/p>\n<h2><strong>Oczyszczanie \u015bciek\u00f3w \u2013 technologia BOTRES LOX: idealne uzupe\u0142nienie procesu biogazowego<\/strong><\/h2>\n<p>[\/et_pb_text][\/et_pb_column][\/et_pb_row][et_pb_row column_structure=&#8221;3_5,2_5&#8243; _builder_version=&#8221;4.27.0&#8243; _module_preset=&#8221;default&#8221; global_colors_info=&#8221;{}&#8221;][et_pb_column type=&#8221;3_5&#8243; _builder_version=&#8221;4.27.0&#8243; _module_preset=&#8221;default&#8221; global_colors_info=&#8221;{}&#8221;][et_pb_text _builder_version=&#8221;4.27.2&#8243; _module_preset=&#8221;default&#8221; global_colors_info=&#8221;{}&#8221;]<\/p>\n<p>Technologia oczyszczania \u015bciek\u00f3w Botres Global, przeznaczona do strumieni o wysokiej zawarto\u015bci amoniaku, stanowi ekonomiczn\u0105 alternatyw\u0119 dla konwencjonalnych system\u00f3w nitryfikacji i denitryfikacji. Nasze innowacyjne rozwi\u0105zanie obejmuje trzy etapy, w tym biologiczne oczyszczanie tlenowe i beztlenowe w warunkach niskiego st\u0119\u017cenia tlenu (LOX), umo\u017cliwiaj\u0105ce skuteczn\u0105 eliminacj\u0119 amoniaku z pofermentu, a nast\u0119pnie ultrafiltracj\u0119 (UF) oraz \u2013 opcjonalnie \u2013 odwr\u00f3con\u0105 osmoz\u0119 (RO).<br \/>Takie podej\u015bcie znacz\u0105co obni\u017ca zu\u017cycie energii, eliminuje konieczno\u015b\u0107 stosowania zewn\u0119trznego w\u0119gla organicznego i efektywnie przekszta\u0142ca amoniak w azot cz\u0105steczkowy. Integracja systemu LOX z produkcj\u0105 biogazu zwi\u0119ksza og\u00f3ln\u0105 efektywno\u015b\u0107 procesu, tworz\u0105c zr\u00f3wnowa\u017cone, zamkni\u0119te rozwi\u0105zanie w zakresie gospodarki odpadami i energi\u0105.   <\/p>\n<p>[\/et_pb_text][\/et_pb_column][et_pb_column type=&#8221;2_5&#8243; _builder_version=&#8221;4.27.0&#8243; _module_preset=&#8221;default&#8221; global_colors_info=&#8221;{}&#8221;][et_pb_image src=&#8221;https:\/\/www.botres.com\/wp-content\/uploads\/2024\/10\/water-treatment-plant-clean-water-bright-future_110373-9221-scaled.jpg&#8221; title_text=&#8221;water-treatment-plant-clean-water-bright-future_110373-9221&#8243; _builder_version=&#8221;4.27.4&#8243; _module_preset=&#8221;default&#8221; global_colors_info=&#8221;{}&#8221;][\/et_pb_image][\/et_pb_column][\/et_pb_row][\/et_pb_section][et_pb_section fb_built=&#8221;1&#8243; _builder_version=&#8221;4.27.0&#8243; _module_preset=&#8221;default&#8221; background_color=&#8221;#0096C5&#8243; custom_padding=&#8221;0px||0px|||&#8221; global_colors_info=&#8221;{}&#8221;][et_pb_row custom_padding_last_edited=&#8221;on|phone&#8221; _builder_version=&#8221;4.27.4&#8243; _module_preset=&#8221;default&#8221; custom_margin_tablet=&#8221;&#8221; custom_margin_phone=&#8221;-20px||||false|false&#8221; custom_margin_last_edited=&#8221;on|phone&#8221; custom_padding_tablet=&#8221;&#8221; custom_padding_phone=&#8221;&#8221; global_colors_info=&#8221;{}&#8221;][et_pb_column type=&#8221;4_4&#8243; _builder_version=&#8221;4.25.1&#8243; _module_preset=&#8221;default&#8221; global_colors_info=&#8221;{}&#8221;][et_pb_text _builder_version=&#8221;4.27.4&#8243; _module_preset=&#8221;7c58e020-85d6-488e-bb3b-9e82c1e6fe6d&#8221; header_2_font_size=&#8221;1.5rem&#8221; global_colors_info=&#8221;{}&#8221;]<\/p>\n<h2 style=\"text-align: left;\">Zast\u0119powanie nawoz\u00f3w mineralnych pofermentem dla lepszego \u015brodowiska<\/h2>\n<p>[\/et_pb_text][\/et_pb_column][\/et_pb_row][\/et_pb_section][et_pb_section fb_built=&#8221;1&#8243; custom_padding_last_edited=&#8221;on|phone&#8221; _builder_version=&#8221;4.27.4&#8243; _module_preset=&#8221;default&#8221; min_height=&#8221;928.4px&#8221; custom_margin=&#8221;0px||-160px||false|false&#8221; custom_padding=&#8221;44px|||||&#8221; custom_padding_tablet=&#8221;44px|||||&#8221; custom_padding_phone=&#8221;5px||0px||false|false&#8221; global_module=&#8221;1987&#8243; saved_tabs=&#8221;all&#8221; global_colors_info=&#8221;{}&#8221;][et_pb_row _builder_version=&#8221;4.27.0&#8243; _module_preset=&#8221;default&#8221; min_height=&#8221;778.4px&#8221; global_module=&#8221;3279&#8243; saved_tabs=&#8221;all&#8221; global_colors_info=&#8221;{}&#8221;][et_pb_column type=&#8221;4_4&#8243; _builder_version=&#8221;4.27.0&#8243; _module_preset=&#8221;default&#8221; global_colors_info=&#8221;{}&#8221;][et_pb_text _builder_version=&#8221;4.27.2&#8243; _module_preset=&#8221;b147756b-4572-46e4-ad90-d428afb5e7e5&#8243; animation_style=&#8221;fade&#8221; animation_duration=&#8221;650ms&#8221; global_colors_info=&#8221;{}&#8221;]<\/p>\n<h2><strong>AKTUALNO\u015aCI<\/strong><\/h2>\n<p>[\/et_pb_text][dnxte_blog_slider order=&#8221;DESC&#8221; date_position=&#8221;none&#8221; excerpt_length=&#8221;40&#8243; dnxte_blogslider_spacebetween=&#8221;36&#8243; _builder_version=&#8221;4.27.4&#8243; _module_preset=&#8221;default&#8221; custom_margin=&#8221;3rem||||false|false&#8221; custom_padding=&#8221;||5px|||&#8221; global_colors_info=&#8221;{}&#8221;][\/dnxte_blog_slider][\/et_pb_column][\/et_pb_row][\/et_pb_section]<\/p>\n","protected":false},"excerpt":{"rendered":"<p>Zr\u00f3wnowa\u017cona produkcja biogazu Oczyszczanie pofermentu i produkcja nawozuW wielu obszarach wiejskich nadal powszechn\u0105 praktyk\u0105 jest bezpo\u015brednie rozprowadzanie obornika bydl\u0119cego lub gnojowicy \u015bwi\u0144skiej na polach jako naturalnego nawozu w celu poprawy \u017cyzno\u015bci gleby i plon\u00f3w. Metoda ta wi\u0105\u017ce si\u0119 jednak z szeregiem negatywnych skutk\u00f3w, takich jak emisje metanu przyczyniaj\u0105ce si\u0119 do zmian klimatu, zanieczyszczenie w\u00f3d gruntowych [&hellip;]<\/p>\n","protected":false},"author":5,"featured_media":0,"parent":13341,"menu_order":6,"comment_status":"closed","ping_status":"closed","template":"","meta":{"_acf_changed":false,"_et_pb_use_builder":"on","_et_pb_old_content":"","_et_gb_content_width":"","footnotes":""},"class_list":["post-13373","page","type-page","status-publish","hentry"],"acf":[],"yoast_head":"<!-- This site is optimized with the Yoast SEO plugin v27.4 - https:\/\/yoast.com\/product\/yoast-seo-wordpress\/ -->\n<title>Oczyszczanie pofermentu i produkcja nawozu - Botres<\/title>\n<meta name=\"robots\" content=\"index, follow, max-snippet:-1, max-image-preview:large, max-video-preview:-1\" \/>\n<link rel=\"canonical\" href=\"https:\/\/www.botres.com\/pl\/technologia\/oczyszczanie-pofermentu-i-produkcja-nawozu\/\" \/>\n<meta property=\"og:locale\" content=\"pl_PL\" \/>\n<meta property=\"og:type\" content=\"article\" \/>\n<meta property=\"og:title\" content=\"Oczyszczanie pofermentu i produkcja nawozu - Botres\" \/>\n<meta property=\"og:description\" content=\"Zr\u00f3wnowa\u017cona produkcja biogazu Oczyszczanie pofermentu i produkcja nawozuW wielu obszarach wiejskich nadal powszechn\u0105 praktyk\u0105 jest bezpo\u015brednie rozprowadzanie obornika bydl\u0119cego lub gnojowicy \u015bwi\u0144skiej na polach jako naturalnego nawozu w celu poprawy \u017cyzno\u015bci gleby i plon\u00f3w. Metoda ta wi\u0105\u017ce si\u0119 jednak z szeregiem negatywnych skutk\u00f3w, takich jak emisje metanu przyczyniaj\u0105ce si\u0119 do zmian klimatu, zanieczyszczenie w\u00f3d gruntowych [&hellip;]\" \/>\n<meta property=\"og:url\" content=\"https:\/\/www.botres.com\/pl\/technologia\/oczyszczanie-pofermentu-i-produkcja-nawozu\/\" \/>\n<meta property=\"og:site_name\" content=\"Botres\" \/>\n<meta property=\"article:publisher\" content=\"https:\/\/www.facebook.com\/profile.php?id=61550819780504\" \/>\n<meta property=\"article:modified_time\" content=\"2026-03-09T15:22:35+00:00\" \/>\n<meta property=\"og:image\" content=\"https:\/\/www.botres.com\/wp-content\/uploads\/2024\/01\/004-Anlage-Bilecik1-1.jpg\" \/>\n\t<meta property=\"og:image:width\" content=\"1536\" \/>\n\t<meta property=\"og:image:height\" content=\"1228\" \/>\n\t<meta property=\"og:image:type\" content=\"image\/jpeg\" \/>\n<meta name=\"twitter:card\" content=\"summary_large_image\" \/>\n<script type=\"application\/ld+json\" class=\"yoast-schema-graph\">{\"@context\":\"https:\\\/\\\/schema.org\",\"@graph\":[{\"@type\":\"WebPage\",\"@id\":\"https:\\\/\\\/www.botres.com\\\/pl\\\/technologia\\\/oczyszczanie-pofermentu-i-produkcja-nawozu\\\/\",\"url\":\"https:\\\/\\\/www.botres.com\\\/pl\\\/technologia\\\/oczyszczanie-pofermentu-i-produkcja-nawozu\\\/\",\"name\":\"Oczyszczanie pofermentu i produkcja nawozu - Botres\",\"isPartOf\":{\"@id\":\"https:\\\/\\\/www.botres.com\\\/#website\"},\"datePublished\":\"2024-07-14T15:36:13+00:00\",\"dateModified\":\"2026-03-09T15:22:35+00:00\",\"breadcrumb\":{\"@id\":\"https:\\\/\\\/www.botres.com\\\/pl\\\/technologia\\\/oczyszczanie-pofermentu-i-produkcja-nawozu\\\/#breadcrumb\"},\"inLanguage\":\"pl-PL\",\"potentialAction\":[{\"@type\":\"ReadAction\",\"target\":[\"https:\\\/\\\/www.botres.com\\\/pl\\\/technologia\\\/oczyszczanie-pofermentu-i-produkcja-nawozu\\\/\"]}]},{\"@type\":\"BreadcrumbList\",\"@id\":\"https:\\\/\\\/www.botres.com\\\/pl\\\/technologia\\\/oczyszczanie-pofermentu-i-produkcja-nawozu\\\/#breadcrumb\",\"itemListElement\":[{\"@type\":\"ListItem\",\"position\":1,\"name\":\"Home\",\"item\":\"https:\\\/\\\/www.botres.com\\\/pl\\\/home\\\/\"},{\"@type\":\"ListItem\",\"position\":2,\"name\":\"Technologia\",\"item\":\"https:\\\/\\\/www.botres.com\\\/pl\\\/technologia\\\/\"},{\"@type\":\"ListItem\",\"position\":3,\"name\":\"Oczyszczanie pofermentu i produkcja nawozu\"}]},{\"@type\":\"WebSite\",\"@id\":\"https:\\\/\\\/www.botres.com\\\/#website\",\"url\":\"https:\\\/\\\/www.botres.com\\\/\",\"name\":\"Botres Global GmbH\",\"description\":\"\",\"publisher\":{\"@id\":\"https:\\\/\\\/www.botres.com\\\/#organization\"},\"potentialAction\":[{\"@type\":\"SearchAction\",\"target\":{\"@type\":\"EntryPoint\",\"urlTemplate\":\"https:\\\/\\\/www.botres.com\\\/?s={search_term_string}\"},\"query-input\":{\"@type\":\"PropertyValueSpecification\",\"valueRequired\":true,\"valueName\":\"search_term_string\"}}],\"inLanguage\":\"pl-PL\"},{\"@type\":\"Organization\",\"@id\":\"https:\\\/\\\/www.botres.com\\\/#organization\",\"name\":\"Botres Global GmbH\",\"url\":\"https:\\\/\\\/www.botres.com\\\/\",\"logo\":{\"@type\":\"ImageObject\",\"inLanguage\":\"pl-PL\",\"@id\":\"https:\\\/\\\/www.botres.com\\\/#\\\/schema\\\/logo\\\/image\\\/\",\"url\":\"https:\\\/\\\/www.botres.com\\\/wp-content\\\/uploads\\\/2024\\\/01\\\/cropped-cropped-Logo-Botres-quadratisch-scaled-1.jpg\",\"contentUrl\":\"https:\\\/\\\/www.botres.com\\\/wp-content\\\/uploads\\\/2024\\\/01\\\/cropped-cropped-Logo-Botres-quadratisch-scaled-1.jpg\",\"width\":512,\"height\":512,\"caption\":\"Botres Global GmbH\"},\"image\":{\"@id\":\"https:\\\/\\\/www.botres.com\\\/#\\\/schema\\\/logo\\\/image\\\/\"},\"sameAs\":[\"https:\\\/\\\/www.facebook.com\\\/profile.php?id=61550819780504\",\"https:\\\/\\\/www.linkedin.com\\\/company\\\/botres-global\\\/\",\"https:\\\/\\\/www.instagram.com\\\/botresglobal\\\/\"]}]}<\/script>\n<!-- \/ Yoast SEO plugin. -->","yoast_head_json":{"title":"Oczyszczanie pofermentu i produkcja nawozu - Botres","robots":{"index":"index","follow":"follow","max-snippet":"max-snippet:-1","max-image-preview":"max-image-preview:large","max-video-preview":"max-video-preview:-1"},"canonical":"https:\/\/www.botres.com\/pl\/technologia\/oczyszczanie-pofermentu-i-produkcja-nawozu\/","og_locale":"pl_PL","og_type":"article","og_title":"Oczyszczanie pofermentu i produkcja nawozu - Botres","og_description":"Zr\u00f3wnowa\u017cona produkcja biogazu Oczyszczanie pofermentu i produkcja nawozuW wielu obszarach wiejskich nadal powszechn\u0105 praktyk\u0105 jest bezpo\u015brednie rozprowadzanie obornika bydl\u0119cego lub gnojowicy \u015bwi\u0144skiej na polach jako naturalnego nawozu w celu poprawy \u017cyzno\u015bci gleby i plon\u00f3w. Metoda ta wi\u0105\u017ce si\u0119 jednak z szeregiem negatywnych skutk\u00f3w, takich jak emisje metanu przyczyniaj\u0105ce si\u0119 do zmian klimatu, zanieczyszczenie w\u00f3d gruntowych [&hellip;]","og_url":"https:\/\/www.botres.com\/pl\/technologia\/oczyszczanie-pofermentu-i-produkcja-nawozu\/","og_site_name":"Botres","article_publisher":"https:\/\/www.facebook.com\/profile.php?id=61550819780504","article_modified_time":"2026-03-09T15:22:35+00:00","og_image":[{"width":1536,"height":1228,"url":"https:\/\/www.botres.com\/wp-content\/uploads\/2024\/01\/004-Anlage-Bilecik1-1.jpg","type":"image\/jpeg"}],"twitter_card":"summary_large_image","schema":{"@context":"https:\/\/schema.org","@graph":[{"@type":"WebPage","@id":"https:\/\/www.botres.com\/pl\/technologia\/oczyszczanie-pofermentu-i-produkcja-nawozu\/","url":"https:\/\/www.botres.com\/pl\/technologia\/oczyszczanie-pofermentu-i-produkcja-nawozu\/","name":"Oczyszczanie pofermentu i produkcja nawozu - Botres","isPartOf":{"@id":"https:\/\/www.botres.com\/#website"},"datePublished":"2024-07-14T15:36:13+00:00","dateModified":"2026-03-09T15:22:35+00:00","breadcrumb":{"@id":"https:\/\/www.botres.com\/pl\/technologia\/oczyszczanie-pofermentu-i-produkcja-nawozu\/#breadcrumb"},"inLanguage":"pl-PL","potentialAction":[{"@type":"ReadAction","target":["https:\/\/www.botres.com\/pl\/technologia\/oczyszczanie-pofermentu-i-produkcja-nawozu\/"]}]},{"@type":"BreadcrumbList","@id":"https:\/\/www.botres.com\/pl\/technologia\/oczyszczanie-pofermentu-i-produkcja-nawozu\/#breadcrumb","itemListElement":[{"@type":"ListItem","position":1,"name":"Home","item":"https:\/\/www.botres.com\/pl\/home\/"},{"@type":"ListItem","position":2,"name":"Technologia","item":"https:\/\/www.botres.com\/pl\/technologia\/"},{"@type":"ListItem","position":3,"name":"Oczyszczanie pofermentu i produkcja nawozu"}]},{"@type":"WebSite","@id":"https:\/\/www.botres.com\/#website","url":"https:\/\/www.botres.com\/","name":"Botres Global GmbH","description":"","publisher":{"@id":"https:\/\/www.botres.com\/#organization"},"potentialAction":[{"@type":"SearchAction","target":{"@type":"EntryPoint","urlTemplate":"https:\/\/www.botres.com\/?s={search_term_string}"},"query-input":{"@type":"PropertyValueSpecification","valueRequired":true,"valueName":"search_term_string"}}],"inLanguage":"pl-PL"},{"@type":"Organization","@id":"https:\/\/www.botres.com\/#organization","name":"Botres Global GmbH","url":"https:\/\/www.botres.com\/","logo":{"@type":"ImageObject","inLanguage":"pl-PL","@id":"https:\/\/www.botres.com\/#\/schema\/logo\/image\/","url":"https:\/\/www.botres.com\/wp-content\/uploads\/2024\/01\/cropped-cropped-Logo-Botres-quadratisch-scaled-1.jpg","contentUrl":"https:\/\/www.botres.com\/wp-content\/uploads\/2024\/01\/cropped-cropped-Logo-Botres-quadratisch-scaled-1.jpg","width":512,"height":512,"caption":"Botres Global GmbH"},"image":{"@id":"https:\/\/www.botres.com\/#\/schema\/logo\/image\/"},"sameAs":["https:\/\/www.facebook.com\/profile.php?id=61550819780504","https:\/\/www.linkedin.com\/company\/botres-global\/","https:\/\/www.instagram.com\/botresglobal\/"]}]}},"_links":{"self":[{"href":"https:\/\/www.botres.com\/pl\/wp-json\/wp\/v2\/pages\/13373","targetHints":{"allow":["GET"]}}],"collection":[{"href":"https:\/\/www.botres.com\/pl\/wp-json\/wp\/v2\/pages"}],"about":[{"href":"https:\/\/www.botres.com\/pl\/wp-json\/wp\/v2\/types\/page"}],"author":[{"embeddable":true,"href":"https:\/\/www.botres.com\/pl\/wp-json\/wp\/v2\/users\/5"}],"replies":[{"embeddable":true,"href":"https:\/\/www.botres.com\/pl\/wp-json\/wp\/v2\/comments?post=13373"}],"version-history":[{"count":2,"href":"https:\/\/www.botres.com\/pl\/wp-json\/wp\/v2\/pages\/13373\/revisions"}],"predecessor-version":[{"id":13376,"href":"https:\/\/www.botres.com\/pl\/wp-json\/wp\/v2\/pages\/13373\/revisions\/13376"}],"up":[{"embeddable":true,"href":"https:\/\/www.botres.com\/pl\/wp-json\/wp\/v2\/pages\/13341"}],"wp:attachment":[{"href":"https:\/\/www.botres.com\/pl\/wp-json\/wp\/v2\/media?parent=13373"}],"curies":[{"name":"wp","href":"https:\/\/api.w.org\/{rel}","templated":true}]}}