{"id":13367,"date":"2024-07-14T17:18:06","date_gmt":"2024-07-14T15:18:06","guid":{"rendered":"https:\/\/www.botres.com\/technologia\/produkcja-energii\/"},"modified":"2026-03-09T15:52:31","modified_gmt":"2026-03-09T14:52:31","slug":"produkcja-energii","status":"publish","type":"page","link":"https:\/\/www.botres.com\/pl\/technologia\/produkcja-energii\/","title":{"rendered":"Produkcja energii"},"content":{"rendered":"<p>[et_pb_section fb_built=&#8221;1&#8243; _builder_version=&#8221;4.27.4&#8243; _module_preset=&#8221;default&#8221; background_image=&#8221;https:\/\/www.botres.com\/wp-content\/uploads\/2024\/01\/006-Sincan-2-2.png&#8221; background_enable_video_mp4=&#8221;off&#8221; hover_enabled=&#8221;0&#8243; global_colors_info=&#8221;{}&#8221; title_text=&#8221;006-Sincan-2-2&#8243; sticky_enabled=&#8221;0&#8243;][et_pb_row _builder_version=&#8221;4.25.1&#8243; _module_preset=&#8221;default&#8221; global_colors_info=&#8221;{}&#8221;][et_pb_column type=&#8221;4_4&#8243; _builder_version=&#8221;4.25.1&#8243; _module_preset=&#8221;default&#8221; global_colors_info=&#8221;{}&#8221;][et_pb_text module_class=&#8221;accent-bold accentcolor-on-bold&#8221; _builder_version=&#8221;4.27.2&#8243; _module_preset=&#8221;default&#8221; header_font=&#8221;|||on|||||&#8221; header_text_color=&#8221;#FFFFFF&#8221; custom_margin=&#8221;5rem||5rem||false|false&#8221; header_text_shadow_style=&#8221;preset1&#8243; global_colors_info=&#8221;{}&#8221;]<\/p>\n<h1><strong>Zr\u00f3wnowa\u017cona produkcja biogazu<\/strong><\/h1>\n<p>[\/et_pb_text][\/et_pb_column][\/et_pb_row][\/et_pb_section][et_pb_section fb_built=&#8221;1&#8243; custom_padding_last_edited=&#8221;on|phone&#8221; _builder_version=&#8221;4.27.4&#8243; _module_preset=&#8221;default&#8221; custom_margin=&#8221;10px||||false|false&#8221; custom_margin_tablet=&#8221;&#8221; custom_margin_phone=&#8221;1px||1px||false|false&#8221; custom_margin_last_edited=&#8221;on|phone&#8221; custom_padding=&#8221;20px||||false|false&#8221; custom_padding_tablet=&#8221;20px||||false|false&#8221; custom_padding_phone=&#8221;20px||||false|false&#8221; global_colors_info=&#8221;{}&#8221;][et_pb_row _builder_version=&#8221;4.25.1&#8243; _module_preset=&#8221;default&#8221; global_colors_info=&#8221;{}&#8221;][et_pb_column type=&#8221;4_4&#8243; _builder_version=&#8221;4.25.1&#8243; _module_preset=&#8221;default&#8221; global_colors_info=&#8221;{}&#8221;][et_pb_text _builder_version=&#8221;4.27.0&#8243; _module_preset=&#8221;b147756b-4572-46e4-ad90-d428afb5e7e5&#8243; animation_style=&#8221;fade&#8221; animation_duration=&#8221;650ms&#8221; global_colors_info=&#8221;{}&#8221;]<\/p>\n<h1><strong>PRODUKCJA ENERGII<\/strong><\/h1>\n<p>[\/et_pb_text][\/et_pb_column][\/et_pb_row][et_pb_row column_structure=&#8221;3_5,2_5&#8243; custom_padding_last_edited=&#8221;on|phone&#8221; _builder_version=&#8221;4.27.4&#8243; _module_preset=&#8221;default&#8221; min_height=&#8221;376.8px&#8221; custom_margin_tablet=&#8221;&#8221; custom_margin_phone=&#8221;&#8221; custom_margin_last_edited=&#8221;on|phone&#8221; custom_padding_tablet=&#8221;&#8221; custom_padding_phone=&#8221;&#8221; global_colors_info=&#8221;{}&#8221;][et_pb_column type=&#8221;3_5&#8243; _builder_version=&#8221;4.25.1&#8243; _module_preset=&#8221;default&#8221; global_colors_info=&#8221;{}&#8221;][et_pb_text _builder_version=&#8221;4.27.4&#8243; _module_preset=&#8221;b147756b-4572-46e4-ad90-d428afb5e7e5&#8243; custom_margin=&#8221;-35px||||false|false&#8221; animation_style=&#8221;fade&#8221; animation_duration=&#8221;650ms&#8221; global_colors_info=&#8221;{}&#8221;]<\/p>\n<p>Instalacje biogazowe Botres Global efektywnie przekszta\u0142caj\u0105 szeroki zakres odpad\u00f3w organicznych i pozosta\u0142o\u015bci w warto\u015bciow\u0105 energi\u0119 odnawialn\u0105 w procesie fermentacji beztlenowej.<\/p>\n<p>Proces ten nie tylko ogranicza ilo\u015b\u0107 odpad\u00f3w, lecz tak\u017ce pozwala na produkcj\u0119 biogazu \u2014 wszechstronnego no\u015bnika energii, kt\u00f3ry mo\u017ce by\u0107 wykorzystywany do wytwarzania zielonej energii elektrycznej.<\/p>\n<p>Biogaz posiada istotn\u0105 przewag\u0119 nad innymi odnawialnymi \u017ar\u00f3d\u0142ami energii, takimi jak energia s\u0142oneczna czy wiatrowa \u2014 jest dost\u0119pny przez ca\u0142\u0105 dob\u0119 i mo\u017ce by\u0107 wykorzystywany w szerokim zakresie zastosowa\u0144.<\/p>\n<p>Produkuj\u0105c zielon\u0105 energi\u0119 elektryczn\u0105, Botres Global aktywnie przyczynia si\u0119 do ochrony klimatu oraz pomaga przeciwdzia\u0142a\u0107 obecnemu kryzysowi energetycznemu.<\/p>\n<p>[\/et_pb_text][\/et_pb_column][et_pb_column type=&#8221;2_5&#8243; _builder_version=&#8221;4.25.1&#8243; _module_preset=&#8221;default&#8221; global_colors_info=&#8221;{}&#8221;][et_pb_image src=&#8221;https:\/\/www.botres.com\/wp-content\/uploads\/2024\/01\/biogas-1.jpg&#8221; title_text=&#8221;biogas-1&#8243; _builder_version=&#8221;4.27.4&#8243; _module_preset=&#8221;default&#8221; custom_margin=&#8221;-27px|||||&#8221; custom_padding=&#8221;0px|||||&#8221; global_colors_info=&#8221;{}&#8221;][\/et_pb_image][\/et_pb_column][\/et_pb_row][et_pb_row column_structure=&#8221;3_5,2_5&#8243; _builder_version=&#8221;4.25.1&#8243; _module_preset=&#8221;default&#8221; custom_margin=&#8221;-30px|auto||auto||&#8221; custom_padding=&#8221;44px|||||&#8221; global_colors_info=&#8221;{}&#8221;][et_pb_column type=&#8221;3_5&#8243; _builder_version=&#8221;4.25.1&#8243; _module_preset=&#8221;default&#8221; global_colors_info=&#8221;{}&#8221;][et_pb_text _builder_version=&#8221;4.27.0&#8243; _module_preset=&#8221;b147756b-4572-46e4-ad90-d428afb5e7e5&#8243; header_2_text_color=&#8221;#0096C5&#8243; min_height=&#8221;20px&#8221; animation_style=&#8221;fade&#8221; animation_duration=&#8221;650ms&#8221; global_colors_info=&#8221;{}&#8221;]<\/p>\n<h2><strong>OD BIOGAZU DO ENERGII ELEKTRYCZNEJ<\/strong><\/h2>\n<p>[\/et_pb_text][et_pb_text _builder_version=&#8221;4.27.4&#8243; _module_preset=&#8221;b147756b-4572-46e4-ad90-d428afb5e7e5&#8243; min_height=&#8221;377.6px&#8221; custom_margin=&#8221;-20px||48px||false|false&#8221; custom_padding=&#8221;3px|||||&#8221; animation_style=&#8221;fade&#8221; animation_duration=&#8221;650ms&#8221; global_colors_info=&#8221;{}&#8221;]<\/p>\n<p>Po zako\u0144czeniu procesu fermentacji beztlenowej (AD) wytworzony biogaz mo\u017ce by\u0107 wykorzystany w silniku biogazowym, kt\u00f3ry nap\u0119dza uk\u0142ad kogeneracyjny (CHP \u2013 Combined Heat and Power). System ten umo\u017cliwia efektywn\u0105 produkcj\u0119 energii elektrycznej, kt\u00f3ra mo\u017ce by\u0107 wprowadzana do krajowej sieci elektroenergetycznej, wzmacniaj\u0105c og\u00f3lne bezpiecze\u0144stwo dostaw energii. <\/p>\n<p>Opr\u00f3cz energii elektrycznej wykorzystywane jest r\u00f3wnie\u017c ciep\u0142o powstaj\u0105ce jako produkt uboczny procesu. S\u0142u\u017cy ono do utrzymania optymalnej temperatury w fermentorach, zapewniaj\u0105c stabiln\u0105 produkcj\u0119 biogazu, a tak\u017ce mo\u017ce by\u0107 wykorzystywane do ogrzewania budynk\u00f3w i obiekt\u00f3w. Dzi\u0119ki temu system charakteryzuje si\u0119 wysok\u0105 efektywno\u015bci\u0105 wykorzystania zasob\u00f3w i du\u017c\u0105 elastyczno\u015bci\u0105 zastosowa\u0144. <\/p>\n<p>[\/et_pb_text][\/et_pb_column][et_pb_column type=&#8221;2_5&#8243; _builder_version=&#8221;4.25.1&#8243; _module_preset=&#8221;default&#8221; global_colors_info=&#8221;{}&#8221;][et_pb_image src=&#8221;https:\/\/www.botres.com\/wp-content\/uploads\/2024\/09\/Ausgewahltes-Foto1.jpeg&#8221; title_text=&#8221;Ausgew\u00e4hltes Foto1&#8243; _builder_version=&#8221;4.27.4&#8243; _module_preset=&#8221;default&#8221; custom_margin=&#8221;||-20px||false|false&#8221; global_colors_info=&#8221;{}&#8221;][\/et_pb_image][\/et_pb_column][\/et_pb_row][\/et_pb_section][et_pb_section fb_built=&#8221;1&#8243; _builder_version=&#8221;4.27.0&#8243; _module_preset=&#8221;default&#8221; background_color=&#8221;#0096C5&#8243; custom_padding=&#8221;0px||0px|||&#8221; global_colors_info=&#8221;{}&#8221;][et_pb_row _builder_version=&#8221;4.27.4&#8243; _module_preset=&#8221;default&#8221; custom_margin_tablet=&#8221;&#8221; custom_margin_phone=&#8221;0px||0px||false|false&#8221; custom_margin_last_edited=&#8221;on|phone&#8221; global_colors_info=&#8221;{}&#8221;][et_pb_column type=&#8221;4_4&#8243; _builder_version=&#8221;4.25.1&#8243; _module_preset=&#8221;default&#8221; global_colors_info=&#8221;{}&#8221;][et_pb_text _builder_version=&#8221;4.27.4&#8243; _module_preset=&#8221;7c58e020-85d6-488e-bb3b-9e82c1e6fe6d&#8221; header_2_font_size=&#8221;1.5rem&#8221; custom_margin_tablet=&#8221;&#8221; custom_margin_phone=&#8221;0px||0px||false|false&#8221; custom_margin_last_edited=&#8221;on|phone&#8221; custom_padding=&#8221;0px||0px||false|false&#8221; global_colors_info=&#8221;{}&#8221;]<\/p>\n<h2 style=\"text-align: left;\"><span class=\"OYPEnA font-feature-liga-off font-feature-clig-off font-feature-calt-off text-decoration-none text-strikethrough-none\">Produkcja czystej energii elektrycznej i ciep\u0142a z odpad\u00f3w \u2014 dla bardziej zielonej przysz\u0142o\u015bci.<\/span><\/h2>\n<p>[\/et_pb_text][\/et_pb_column][\/et_pb_row][\/et_pb_section][et_pb_section fb_built=&#8221;1&#8243; custom_padding_last_edited=&#8221;on|phone&#8221; _builder_version=&#8221;4.27.4&#8243; _module_preset=&#8221;default&#8221; min_height=&#8221;928.4px&#8221; custom_margin=&#8221;0px||-160px||false|false&#8221; custom_padding=&#8221;44px|||||&#8221; custom_padding_tablet=&#8221;44px|||||&#8221; custom_padding_phone=&#8221;5px||0px||false|false&#8221; global_module=&#8221;1987&#8243; saved_tabs=&#8221;all&#8221; global_colors_info=&#8221;{}&#8221;][et_pb_row _builder_version=&#8221;4.27.0&#8243; _module_preset=&#8221;default&#8221; min_height=&#8221;778.4px&#8221; global_module=&#8221;3279&#8243; saved_tabs=&#8221;all&#8221; global_colors_info=&#8221;{}&#8221;][et_pb_column type=&#8221;4_4&#8243; _builder_version=&#8221;4.27.0&#8243; _module_preset=&#8221;default&#8221; global_colors_info=&#8221;{}&#8221;][et_pb_text _builder_version=&#8221;4.27.2&#8243; _module_preset=&#8221;b147756b-4572-46e4-ad90-d428afb5e7e5&#8243; animation_style=&#8221;fade&#8221; animation_duration=&#8221;650ms&#8221; global_colors_info=&#8221;{}&#8221;]<\/p>\n<h2><strong>AKTUALNO\u015aCI<\/strong><\/h2>\n<p>[\/et_pb_text][dnxte_blog_slider order=&#8221;DESC&#8221; date_position=&#8221;none&#8221; excerpt_length=&#8221;40&#8243; dnxte_blogslider_spacebetween=&#8221;36&#8243; _builder_version=&#8221;4.27.4&#8243; _module_preset=&#8221;default&#8221; custom_margin=&#8221;3rem||||false|false&#8221; custom_padding=&#8221;||5px|||&#8221; global_colors_info=&#8221;{}&#8221;][\/dnxte_blog_slider][\/et_pb_column][\/et_pb_row][\/et_pb_section]<\/p>\n","protected":false},"excerpt":{"rendered":"<p>Zr\u00f3wnowa\u017cona produkcja biogazuPRODUKCJA ENERGIIInstalacje biogazowe Botres Global efektywnie przekszta\u0142caj\u0105 szeroki zakres odpad\u00f3w organicznych i pozosta\u0142o\u015bci w warto\u015bciow\u0105 energi\u0119 odnawialn\u0105 w procesie fermentacji beztlenowej. Proces ten nie tylko ogranicza ilo\u015b\u0107 odpad\u00f3w, lecz tak\u017ce pozwala na produkcj\u0119 biogazu \u2014 wszechstronnego no\u015bnika energii, kt\u00f3ry mo\u017ce by\u0107 wykorzystywany do wytwarzania zielonej energii elektrycznej. Biogaz posiada istotn\u0105 przewag\u0119 nad innymi [&hellip;]<\/p>\n","protected":false},"author":5,"featured_media":0,"parent":13341,"menu_order":4,"comment_status":"closed","ping_status":"closed","template":"","meta":{"_acf_changed":false,"_et_pb_use_builder":"on","_et_pb_old_content":"","_et_gb_content_width":"","footnotes":""},"class_list":["post-13367","page","type-page","status-publish","hentry"],"acf":[],"yoast_head":"<!-- This site is optimized with the Yoast SEO plugin v27.4 - https:\/\/yoast.com\/product\/yoast-seo-wordpress\/ -->\n<title>Produkcja energii - Botres<\/title>\n<meta name=\"robots\" content=\"index, follow, max-snippet:-1, max-image-preview:large, max-video-preview:-1\" \/>\n<link rel=\"canonical\" href=\"https:\/\/www.botres.com\/pl\/technologia\/produkcja-energii\/\" \/>\n<meta property=\"og:locale\" content=\"pl_PL\" \/>\n<meta property=\"og:type\" content=\"article\" \/>\n<meta property=\"og:title\" content=\"Produkcja energii - Botres\" \/>\n<meta property=\"og:description\" content=\"Zr\u00f3wnowa\u017cona produkcja biogazuPRODUKCJA ENERGIIInstalacje biogazowe Botres Global efektywnie przekszta\u0142caj\u0105 szeroki zakres odpad\u00f3w organicznych i pozosta\u0142o\u015bci w warto\u015bciow\u0105 energi\u0119 odnawialn\u0105 w procesie fermentacji beztlenowej. Proces ten nie tylko ogranicza ilo\u015b\u0107 odpad\u00f3w, lecz tak\u017ce pozwala na produkcj\u0119 biogazu \u2014 wszechstronnego no\u015bnika energii, kt\u00f3ry mo\u017ce by\u0107 wykorzystywany do wytwarzania zielonej energii elektrycznej. Biogaz posiada istotn\u0105 przewag\u0119 nad innymi [&hellip;]\" \/>\n<meta property=\"og:url\" content=\"https:\/\/www.botres.com\/pl\/technologia\/produkcja-energii\/\" \/>\n<meta property=\"og:site_name\" content=\"Botres\" \/>\n<meta property=\"article:publisher\" content=\"https:\/\/www.facebook.com\/profile.php?id=61550819780504\" \/>\n<meta property=\"article:modified_time\" content=\"2026-03-09T14:52:31+00:00\" \/>\n<meta property=\"og:image\" content=\"https:\/\/www.botres.com\/wp-content\/uploads\/2024\/01\/004-Anlage-Bilecik1-1.jpg\" \/>\n\t<meta property=\"og:image:width\" content=\"1536\" \/>\n\t<meta property=\"og:image:height\" content=\"1228\" \/>\n\t<meta property=\"og:image:type\" content=\"image\/jpeg\" \/>\n<meta name=\"twitter:card\" content=\"summary_large_image\" \/>\n<script type=\"application\/ld+json\" class=\"yoast-schema-graph\">{\"@context\":\"https:\\\/\\\/schema.org\",\"@graph\":[{\"@type\":\"WebPage\",\"@id\":\"https:\\\/\\\/www.botres.com\\\/pl\\\/technologia\\\/produkcja-energii\\\/\",\"url\":\"https:\\\/\\\/www.botres.com\\\/pl\\\/technologia\\\/produkcja-energii\\\/\",\"name\":\"Produkcja energii - Botres\",\"isPartOf\":{\"@id\":\"https:\\\/\\\/www.botres.com\\\/#website\"},\"datePublished\":\"2024-07-14T15:18:06+00:00\",\"dateModified\":\"2026-03-09T14:52:31+00:00\",\"breadcrumb\":{\"@id\":\"https:\\\/\\\/www.botres.com\\\/pl\\\/technologia\\\/produkcja-energii\\\/#breadcrumb\"},\"inLanguage\":\"pl-PL\",\"potentialAction\":[{\"@type\":\"ReadAction\",\"target\":[\"https:\\\/\\\/www.botres.com\\\/pl\\\/technologia\\\/produkcja-energii\\\/\"]}]},{\"@type\":\"BreadcrumbList\",\"@id\":\"https:\\\/\\\/www.botres.com\\\/pl\\\/technologia\\\/produkcja-energii\\\/#breadcrumb\",\"itemListElement\":[{\"@type\":\"ListItem\",\"position\":1,\"name\":\"Home\",\"item\":\"https:\\\/\\\/www.botres.com\\\/pl\\\/home\\\/\"},{\"@type\":\"ListItem\",\"position\":2,\"name\":\"Technologia\",\"item\":\"https:\\\/\\\/www.botres.com\\\/pl\\\/technologia\\\/\"},{\"@type\":\"ListItem\",\"position\":3,\"name\":\"Produkcja energii\"}]},{\"@type\":\"WebSite\",\"@id\":\"https:\\\/\\\/www.botres.com\\\/#website\",\"url\":\"https:\\\/\\\/www.botres.com\\\/\",\"name\":\"Botres Global GmbH\",\"description\":\"\",\"publisher\":{\"@id\":\"https:\\\/\\\/www.botres.com\\\/#organization\"},\"potentialAction\":[{\"@type\":\"SearchAction\",\"target\":{\"@type\":\"EntryPoint\",\"urlTemplate\":\"https:\\\/\\\/www.botres.com\\\/?s={search_term_string}\"},\"query-input\":{\"@type\":\"PropertyValueSpecification\",\"valueRequired\":true,\"valueName\":\"search_term_string\"}}],\"inLanguage\":\"pl-PL\"},{\"@type\":\"Organization\",\"@id\":\"https:\\\/\\\/www.botres.com\\\/#organization\",\"name\":\"Botres Global GmbH\",\"url\":\"https:\\\/\\\/www.botres.com\\\/\",\"logo\":{\"@type\":\"ImageObject\",\"inLanguage\":\"pl-PL\",\"@id\":\"https:\\\/\\\/www.botres.com\\\/#\\\/schema\\\/logo\\\/image\\\/\",\"url\":\"https:\\\/\\\/www.botres.com\\\/wp-content\\\/uploads\\\/2024\\\/01\\\/cropped-cropped-Logo-Botres-quadratisch-scaled-1.jpg\",\"contentUrl\":\"https:\\\/\\\/www.botres.com\\\/wp-content\\\/uploads\\\/2024\\\/01\\\/cropped-cropped-Logo-Botres-quadratisch-scaled-1.jpg\",\"width\":512,\"height\":512,\"caption\":\"Botres Global GmbH\"},\"image\":{\"@id\":\"https:\\\/\\\/www.botres.com\\\/#\\\/schema\\\/logo\\\/image\\\/\"},\"sameAs\":[\"https:\\\/\\\/www.facebook.com\\\/profile.php?id=61550819780504\",\"https:\\\/\\\/www.linkedin.com\\\/company\\\/botres-global\\\/\",\"https:\\\/\\\/www.instagram.com\\\/botresglobal\\\/\"]}]}<\/script>\n<!-- \/ Yoast SEO plugin. -->","yoast_head_json":{"title":"Produkcja energii - Botres","robots":{"index":"index","follow":"follow","max-snippet":"max-snippet:-1","max-image-preview":"max-image-preview:large","max-video-preview":"max-video-preview:-1"},"canonical":"https:\/\/www.botres.com\/pl\/technologia\/produkcja-energii\/","og_locale":"pl_PL","og_type":"article","og_title":"Produkcja energii - Botres","og_description":"Zr\u00f3wnowa\u017cona produkcja biogazuPRODUKCJA ENERGIIInstalacje biogazowe Botres Global efektywnie przekszta\u0142caj\u0105 szeroki zakres odpad\u00f3w organicznych i pozosta\u0142o\u015bci w warto\u015bciow\u0105 energi\u0119 odnawialn\u0105 w procesie fermentacji beztlenowej. Proces ten nie tylko ogranicza ilo\u015b\u0107 odpad\u00f3w, lecz tak\u017ce pozwala na produkcj\u0119 biogazu \u2014 wszechstronnego no\u015bnika energii, kt\u00f3ry mo\u017ce by\u0107 wykorzystywany do wytwarzania zielonej energii elektrycznej. Biogaz posiada istotn\u0105 przewag\u0119 nad innymi [&hellip;]","og_url":"https:\/\/www.botres.com\/pl\/technologia\/produkcja-energii\/","og_site_name":"Botres","article_publisher":"https:\/\/www.facebook.com\/profile.php?id=61550819780504","article_modified_time":"2026-03-09T14:52:31+00:00","og_image":[{"width":1536,"height":1228,"url":"https:\/\/www.botres.com\/wp-content\/uploads\/2024\/01\/004-Anlage-Bilecik1-1.jpg","type":"image\/jpeg"}],"twitter_card":"summary_large_image","schema":{"@context":"https:\/\/schema.org","@graph":[{"@type":"WebPage","@id":"https:\/\/www.botres.com\/pl\/technologia\/produkcja-energii\/","url":"https:\/\/www.botres.com\/pl\/technologia\/produkcja-energii\/","name":"Produkcja energii - Botres","isPartOf":{"@id":"https:\/\/www.botres.com\/#website"},"datePublished":"2024-07-14T15:18:06+00:00","dateModified":"2026-03-09T14:52:31+00:00","breadcrumb":{"@id":"https:\/\/www.botres.com\/pl\/technologia\/produkcja-energii\/#breadcrumb"},"inLanguage":"pl-PL","potentialAction":[{"@type":"ReadAction","target":["https:\/\/www.botres.com\/pl\/technologia\/produkcja-energii\/"]}]},{"@type":"BreadcrumbList","@id":"https:\/\/www.botres.com\/pl\/technologia\/produkcja-energii\/#breadcrumb","itemListElement":[{"@type":"ListItem","position":1,"name":"Home","item":"https:\/\/www.botres.com\/pl\/home\/"},{"@type":"ListItem","position":2,"name":"Technologia","item":"https:\/\/www.botres.com\/pl\/technologia\/"},{"@type":"ListItem","position":3,"name":"Produkcja energii"}]},{"@type":"WebSite","@id":"https:\/\/www.botres.com\/#website","url":"https:\/\/www.botres.com\/","name":"Botres Global GmbH","description":"","publisher":{"@id":"https:\/\/www.botres.com\/#organization"},"potentialAction":[{"@type":"SearchAction","target":{"@type":"EntryPoint","urlTemplate":"https:\/\/www.botres.com\/?s={search_term_string}"},"query-input":{"@type":"PropertyValueSpecification","valueRequired":true,"valueName":"search_term_string"}}],"inLanguage":"pl-PL"},{"@type":"Organization","@id":"https:\/\/www.botres.com\/#organization","name":"Botres Global GmbH","url":"https:\/\/www.botres.com\/","logo":{"@type":"ImageObject","inLanguage":"pl-PL","@id":"https:\/\/www.botres.com\/#\/schema\/logo\/image\/","url":"https:\/\/www.botres.com\/wp-content\/uploads\/2024\/01\/cropped-cropped-Logo-Botres-quadratisch-scaled-1.jpg","contentUrl":"https:\/\/www.botres.com\/wp-content\/uploads\/2024\/01\/cropped-cropped-Logo-Botres-quadratisch-scaled-1.jpg","width":512,"height":512,"caption":"Botres Global GmbH"},"image":{"@id":"https:\/\/www.botres.com\/#\/schema\/logo\/image\/"},"sameAs":["https:\/\/www.facebook.com\/profile.php?id=61550819780504","https:\/\/www.linkedin.com\/company\/botres-global\/","https:\/\/www.instagram.com\/botresglobal\/"]}]}},"_links":{"self":[{"href":"https:\/\/www.botres.com\/pl\/wp-json\/wp\/v2\/pages\/13367","targetHints":{"allow":["GET"]}}],"collection":[{"href":"https:\/\/www.botres.com\/pl\/wp-json\/wp\/v2\/pages"}],"about":[{"href":"https:\/\/www.botres.com\/pl\/wp-json\/wp\/v2\/types\/page"}],"author":[{"embeddable":true,"href":"https:\/\/www.botres.com\/pl\/wp-json\/wp\/v2\/users\/5"}],"replies":[{"embeddable":true,"href":"https:\/\/www.botres.com\/pl\/wp-json\/wp\/v2\/comments?post=13367"}],"version-history":[{"count":2,"href":"https:\/\/www.botres.com\/pl\/wp-json\/wp\/v2\/pages\/13367\/revisions"}],"predecessor-version":[{"id":13369,"href":"https:\/\/www.botres.com\/pl\/wp-json\/wp\/v2\/pages\/13367\/revisions\/13369"}],"up":[{"embeddable":true,"href":"https:\/\/www.botres.com\/pl\/wp-json\/wp\/v2\/pages\/13341"}],"wp:attachment":[{"href":"https:\/\/www.botres.com\/pl\/wp-json\/wp\/v2\/media?parent=13367"}],"curies":[{"name":"wp","href":"https:\/\/api.w.org\/{rel}","templated":true}]}}