{"id":13355,"date":"2024-07-14T17:07:18","date_gmt":"2024-07-14T15:07:18","guid":{"rendered":"https:\/\/www.botres.com\/technologia\/fermentacja-beztlenowa\/"},"modified":"2026-03-09T15:43:45","modified_gmt":"2026-03-09T14:43:45","slug":"fermentacja-beztlenowa","status":"publish","type":"page","link":"https:\/\/www.botres.com\/pl\/technologia\/fermentacja-beztlenowa\/","title":{"rendered":"Fermentacja beztlenowa"},"content":{"rendered":"<p>[et_pb_section fb_built=&#8221;1&#8243; _builder_version=&#8221;4.27.4&#8243; _module_preset=&#8221;default&#8221; background_image=&#8221;https:\/\/www.botres.com\/wp-content\/uploads\/2024\/01\/006-Sincan-2-2.png&#8221; background_enable_video_mp4=&#8221;off&#8221; global_colors_info=&#8221;{}&#8221;][et_pb_row _builder_version=&#8221;4.25.1&#8243; _module_preset=&#8221;default&#8221; global_colors_info=&#8221;{}&#8221;][et_pb_column type=&#8221;4_4&#8243; _builder_version=&#8221;4.25.1&#8243; _module_preset=&#8221;default&#8221; global_colors_info=&#8221;{}&#8221;][et_pb_text module_class=&#8221;accent-bold accentcolor-on-bold&#8221; _builder_version=&#8221;4.27.2&#8243; _module_preset=&#8221;default&#8221; header_font=&#8221;|||on|||||&#8221; header_text_color=&#8221;#FFFFFF&#8221; custom_margin=&#8221;5rem||5rem||false|false&#8221; header_text_shadow_style=&#8221;preset1&#8243; global_colors_info=&#8221;{}&#8221;]<\/p>\n<h1 style=\"text-align: left;\"><strong>Zr\u00f3wnowa\u017cona produkcja biogazu<\/strong><\/h1>\n<p>[\/et_pb_text][\/et_pb_column][\/et_pb_row][\/et_pb_section][et_pb_section fb_built=&#8221;1&#8243; custom_padding_last_edited=&#8221;on|desktop&#8221; _builder_version=&#8221;4.27.4&#8243; _module_preset=&#8221;default&#8221; custom_margin=&#8221;10px||||false|false&#8221; custom_margin_tablet=&#8221;&#8221; custom_margin_phone=&#8221;1px||1px||false|false&#8221; custom_margin_last_edited=&#8221;on|phone&#8221; custom_padding=&#8221;20px||||false|false&#8221; custom_padding_tablet=&#8221;&#8221; custom_padding_phone=&#8221;20px||||false|false&#8221; global_colors_info=&#8221;{}&#8221;][et_pb_row _builder_version=&#8221;4.25.1&#8243; _module_preset=&#8221;default&#8221; global_colors_info=&#8221;{}&#8221;][et_pb_column type=&#8221;4_4&#8243; _builder_version=&#8221;4.25.1&#8243; _module_preset=&#8221;default&#8221; global_colors_info=&#8221;{}&#8221;][et_pb_text _builder_version=&#8221;4.27.0&#8243; _module_preset=&#8221;b147756b-4572-46e4-ad90-d428afb5e7e5&#8243; animation_style=&#8221;fade&#8221; animation_duration=&#8221;650ms&#8221; global_colors_info=&#8221;{}&#8221;]<\/p>\n<h1><strong>Fermentacja beztlenowa<\/strong><\/h1>\n<p>[\/et_pb_text][\/et_pb_column][\/et_pb_row][et_pb_row column_structure=&#8221;3_5,2_5&#8243; _builder_version=&#8221;4.25.1&#8243; _module_preset=&#8221;default&#8221; global_colors_info=&#8221;{}&#8221;][et_pb_column type=&#8221;3_5&#8243; _builder_version=&#8221;4.25.1&#8243; _module_preset=&#8221;default&#8221; global_colors_info=&#8221;{}&#8221;][et_pb_text _builder_version=&#8221;4.27.4&#8243; _module_preset=&#8221;b147756b-4572-46e4-ad90-d428afb5e7e5&#8243; custom_margin=&#8221;0px||||false|false&#8221; custom_margin_tablet=&#8221;0px||||false|false&#8221; custom_margin_phone=&#8221;-35px||0px||false|false&#8221; custom_margin_last_edited=&#8221;on|phone&#8221; custom_padding=&#8221;0px||||false|false&#8221; animation_style=&#8221;fade&#8221; animation_duration=&#8221;650ms&#8221; global_colors_info=&#8221;{}&#8221;]<\/p>\n<p class=\"cvGsUA direction-ltr align-justify para-style-body\"><span class=\"OYPEnA font-feature-liga-off font-feature-clig-off font-feature-calt-off text-decoration-none text-strikethrough-none\">Fermentacja beztlenowa (AD) to proces biologiczny, w kt\u00f3rym mikroorganizmy rozk\u0142adaj\u0105 materi\u0119 organiczn\u0105 \u2014 tak\u0105 jak odpady spo\u017cywcze czy obornik \u2014 w warunkach beztlenowych. Ten naturalny proces zachodzi w szczelnie zamkni\u0119tych zbiornikach.<br \/>Nasza technologia AD wykorzystuje fermentory typu CSTR (Continuous Stirred Tank Reactor), wyposa\u017cone w systemy zapobiegania powstawaniu piany i ko\u017cucha oraz rozwi\u0105zania do usuwania osad\u00f3w. Zapewnia to stabilny przebieg procesu i ci\u0105g\u0142\u0105 produkcj\u0119 biogazu, eliminuj\u0105c przestoje spowodowane sedymentacj\u0105, pienieniem si\u0119 czy innymi problemami typowymi dla standardowych instalacji rolniczych.   <\/span><\/p>\n<p class=\"cvGsUA direction-ltr align-justify para-style-body\"><span class=\"OYPEnA font-feature-liga-off font-feature-clig-off font-feature-calt-off text-decoration-none text-strikethrough-none\">Nasze instalacje biogazowe pracuj\u0105 w systemie multi\u2011feedstock, co oznacza mo\u017cliwo\u015b\u0107 jednoczesnego przetwarzania szerokiej gamy odpad\u00f3w organicznych. Nie ma potrzeby stosowania kosztownych surowc\u00f3w stabilizuj\u0105cych, takich jak kiszonka, aby utrzyma\u0107 stabilno\u015b\u0107 procesu, dzi\u0119ki czemu nasze instalacje s\u0105 zar\u00f3wno wydajne, jak i ekonomicznie op\u0142acalne. <\/span><\/p>\n<p>[\/et_pb_text][\/et_pb_column][et_pb_column type=&#8221;2_5&#8243; _builder_version=&#8221;4.25.1&#8243; _module_preset=&#8221;default&#8221; global_colors_info=&#8221;{}&#8221;][et_pb_image src=&#8221;https:\/\/www.botres.com\/wp-content\/uploads\/2024\/09\/4f491254d3134bbff7cf4ec5850bad595273e83d.jpg&#8221; title_text=&#8221;4f491254d3134bbff7cf4ec5850bad595273e83d&#8221; show_bottom_space=&#8221;off&#8221; _builder_version=&#8221;4.27.4&#8243; _module_preset=&#8221;default&#8221; custom_margin_tablet=&#8221;&#8221; custom_margin_phone=&#8221;||-20px||false|false&#8221; custom_margin_last_edited=&#8221;on|phone&#8221; global_colors_info=&#8221;{}&#8221;][\/et_pb_image][\/et_pb_column][\/et_pb_row][et_pb_row column_structure=&#8221;3_5,2_5&#8243; _builder_version=&#8221;4.27.4&#8243; _module_preset=&#8221;default&#8221; custom_margin=&#8221;35px|auto||auto||&#8221; custom_margin_tablet=&#8221;35px|auto||auto||&#8221; custom_margin_phone=&#8221;-10px||||false|false&#8221; custom_margin_last_edited=&#8221;on|phone&#8221; global_colors_info=&#8221;{}&#8221;][et_pb_column type=&#8221;3_5&#8243; _builder_version=&#8221;4.25.1&#8243; _module_preset=&#8221;default&#8221; global_colors_info=&#8221;{}&#8221;][et_pb_text _builder_version=&#8221;4.27.0&#8243; _module_preset=&#8221;b147756b-4572-46e4-ad90-d428afb5e7e5&#8243; header_2_text_color=&#8221;#0096C5&#8243; animation_style=&#8221;fade&#8221; animation_duration=&#8221;650ms&#8221; global_colors_info=&#8221;{}&#8221;]<\/p>\n<h2><strong><span class=\"OYPEnA font-feature-liga-off font-feature-clig-off font-feature-calt-off text-decoration-none text-strikethrough-none\">Rola Hydrolizy w procesie<\/span><\/strong><\/h2>\n<p>[\/et_pb_text][et_pb_text _builder_version=&#8221;4.27.4&#8243; _module_preset=&#8221;b147756b-4572-46e4-ad90-d428afb5e7e5&#8243; custom_margin_tablet=&#8221;&#8221; custom_margin_phone=&#8221;-20px||||false|false&#8221; custom_margin_last_edited=&#8221;on|phone&#8221; custom_padding=&#8221;0px||||false|false&#8221; animation_style=&#8221;fade&#8221; animation_duration=&#8221;650ms&#8221; global_colors_info=&#8221;{}&#8221;]<\/p>\n<p class=\"cvGsUA direction-ltr align-justify para-style-body\"><span class=\"OYPEnA font-feature-liga-off font-feature-clig-off font-feature-calt-off text-decoration-none text-strikethrough-none\">Od wielu lat zwi\u0119kszamy efektywno\u015b\u0107 naszych instalacji biogazowych poprzez rozdzielenie etapu hydrolizy od fermentacji metanowej. <\/span><\/p>\n<p class=\"cvGsUA direction-ltr align-justify para-style-body\"><span class=\"OYPEnA font-feature-liga-off font-feature-clig-off font-feature-calt-off text-decoration-none text-strikethrough-none\">W fazie hydrolizy du\u017ce zwi\u0105zki organiczne s\u0105 rozk\u0142adane dzi\u0119ki aktywno\u015bci enzymatycznej bakterii, co prowadzi do zakwaszenia \u015brodowiska i skuteczniejszego rozk\u0142adu substratu. Takie biotechnologiczne rozdzielenie hydrolizy i fermentacji metanowej znacz\u0105co podnosi wydajno\u015b\u0107 procesu fermentacji beztlenowej, zapewniaj\u0105c naszym klientom maksymalny mo\u017cliwy uzysk biogazu.  <\/span><\/p>\n<p>Nasza technologia gwarantuje bardzo wysok\u0105 dyspozycyjno\u015b\u0107 instalacji, opart\u0105 na rzeczywistych danych eksploatacyjnych, a nie wy\u0142\u0105cznie na obliczeniach teoretycznych, co pozwala utrzyma\u0107 niskie koszty operacyjne i wysok\u0105 rentowno\u015b\u0107.<\/p>\n<p>[\/et_pb_text][\/et_pb_column][et_pb_column type=&#8221;2_5&#8243; _builder_version=&#8221;4.25.1&#8243; _module_preset=&#8221;default&#8221; global_colors_info=&#8221;{}&#8221;][et_pb_image src=&#8221;https:\/\/www.botres.com\/wp-content\/uploads\/2024\/09\/Sincan-2-2.png&#8221; title_text=&#8221;006-Sincan-2-2&#8243; _builder_version=&#8221;4.27.4&#8243; _module_preset=&#8221;default&#8221; global_colors_info=&#8221;{}&#8221;][\/et_pb_image][et_pb_image src=&#8221;https:\/\/www.botres.com\/wp-content\/uploads\/2024\/01\/turkey-2.jpg&#8221; title_text=&#8221;Biogazownia&#8221; _builder_version=&#8221;4.27.4&#8243; _module_preset=&#8221;default&#8221; custom_margin_tablet=&#8221;&#8221; custom_margin_phone=&#8221;||-20px||false|false&#8221; custom_margin_last_edited=&#8221;on|phone&#8221; global_colors_info=&#8221;{}&#8221;][\/et_pb_image][\/et_pb_column][\/et_pb_row][\/et_pb_section][et_pb_section fb_built=&#8221;1&#8243; _builder_version=&#8221;4.27.4&#8243; _module_preset=&#8221;default&#8221; background_color=&#8221;#0096C5&#8243; custom_margin_tablet=&#8221;&#8221; custom_margin_phone=&#8221;||-5px||false|false&#8221; custom_margin_last_edited=&#8221;on|phone&#8221; custom_padding=&#8221;0px||0px|||&#8221; global_colors_info=&#8221;{}&#8221;][et_pb_row _builder_version=&#8221;4.25.1&#8243; _module_preset=&#8221;default&#8221; global_colors_info=&#8221;{}&#8221;][et_pb_column type=&#8221;4_4&#8243; _builder_version=&#8221;4.25.1&#8243; _module_preset=&#8221;default&#8221; global_colors_info=&#8221;{}&#8221;][et_pb_text _builder_version=&#8221;4.27.4&#8243; _module_preset=&#8221;7c58e020-85d6-488e-bb3b-9e82c1e6fe6d&#8221; header_2_font_size=&#8221;1.5rem&#8221; custom_margin_tablet=&#8221;&#8221; custom_margin_phone=&#8221;0px||0px||false|false&#8221; custom_margin_last_edited=&#8221;on|phone&#8221; custom_padding=&#8221;0px||0px||false|false&#8221; global_colors_info=&#8221;{}&#8221;]<\/p>\n<h2 style=\"text-align: left;\"><span class=\"OYPEnA font-feature-liga-off font-feature-clig-off font-feature-calt-off text-decoration-none text-strikethrough-none\">Technologia AD Botres zapewnia stabilny proces oraz ci\u0105g\u0142\u0105 produkcj\u0119 biogazu \u2014 bez przestoj\u00f3w.<\/span><span class=\"OYPEnA font-feature-liga-off font-feature-clig-off font-feature-calt-off text-decoration-none text-strikethrough-none white-space-prewrap\"> <\/span><\/h2>\n<p>[\/et_pb_text][\/et_pb_column][\/et_pb_row][\/et_pb_section][et_pb_section fb_built=&#8221;1&#8243; custom_padding_last_edited=&#8221;on|phone&#8221; _builder_version=&#8221;4.27.4&#8243; _module_preset=&#8221;default&#8221; min_height=&#8221;928.4px&#8221; custom_margin=&#8221;0px||-160px||false|false&#8221; custom_padding=&#8221;44px|||||&#8221; custom_padding_tablet=&#8221;44px|||||&#8221; custom_padding_phone=&#8221;5px||0px||false|false&#8221; global_module=&#8221;1987&#8243; saved_tabs=&#8221;all&#8221; global_colors_info=&#8221;{}&#8221;][et_pb_row _builder_version=&#8221;4.27.0&#8243; _module_preset=&#8221;default&#8221; min_height=&#8221;778.4px&#8221; global_module=&#8221;3279&#8243; saved_tabs=&#8221;all&#8221; global_colors_info=&#8221;{}&#8221;][et_pb_column type=&#8221;4_4&#8243; _builder_version=&#8221;4.27.0&#8243; _module_preset=&#8221;default&#8221; global_colors_info=&#8221;{}&#8221;][et_pb_text _builder_version=&#8221;4.27.2&#8243; _module_preset=&#8221;b147756b-4572-46e4-ad90-d428afb5e7e5&#8243; animation_style=&#8221;fade&#8221; animation_duration=&#8221;650ms&#8221; global_colors_info=&#8221;{}&#8221;]<\/p>\n<h2><strong>AKTUALNO\u015aCI<\/strong><\/h2>\n<p>[\/et_pb_text][dnxte_blog_slider order=&#8221;DESC&#8221; date_position=&#8221;none&#8221; excerpt_length=&#8221;40&#8243; dnxte_blogslider_spacebetween=&#8221;36&#8243; _builder_version=&#8221;4.27.4&#8243; _module_preset=&#8221;default&#8221; custom_margin=&#8221;3rem||||false|false&#8221; custom_padding=&#8221;||5px|||&#8221; global_colors_info=&#8221;{}&#8221;][\/dnxte_blog_slider][\/et_pb_column][\/et_pb_row][\/et_pb_section]<\/p>\n","protected":false},"excerpt":{"rendered":"<p>Zr\u00f3wnowa\u017cona produkcja biogazuFermentacja beztlenowaFermentacja beztlenowa (AD) to proces biologiczny, w kt\u00f3rym mikroorganizmy rozk\u0142adaj\u0105 materi\u0119 organiczn\u0105 \u2014 tak\u0105 jak odpady spo\u017cywcze czy obornik \u2014 w warunkach beztlenowych. Ten naturalny proces zachodzi w szczelnie zamkni\u0119tych zbiornikach.Nasza technologia AD wykorzystuje fermentory typu CSTR (Continuous Stirred Tank Reactor), wyposa\u017cone w systemy zapobiegania powstawaniu piany i ko\u017cucha oraz rozwi\u0105zania do [&hellip;]<\/p>\n","protected":false},"author":5,"featured_media":0,"parent":13341,"menu_order":3,"comment_status":"closed","ping_status":"closed","template":"","meta":{"_acf_changed":false,"_et_pb_use_builder":"on","_et_pb_old_content":"","_et_gb_content_width":"","footnotes":""},"class_list":["post-13355","page","type-page","status-publish","hentry"],"acf":[],"yoast_head":"<!-- This site is optimized with the Yoast SEO plugin v27.4 - https:\/\/yoast.com\/product\/yoast-seo-wordpress\/ -->\n<title>Fermentacja beztlenowa - Botres<\/title>\n<meta name=\"robots\" content=\"index, follow, max-snippet:-1, max-image-preview:large, max-video-preview:-1\" \/>\n<link rel=\"canonical\" href=\"https:\/\/www.botres.com\/pl\/technologia\/fermentacja-beztlenowa\/\" \/>\n<meta property=\"og:locale\" content=\"pl_PL\" \/>\n<meta property=\"og:type\" content=\"article\" \/>\n<meta property=\"og:title\" content=\"Fermentacja beztlenowa - Botres\" \/>\n<meta property=\"og:description\" content=\"Zr\u00f3wnowa\u017cona produkcja biogazuFermentacja beztlenowaFermentacja beztlenowa (AD) to proces biologiczny, w kt\u00f3rym mikroorganizmy rozk\u0142adaj\u0105 materi\u0119 organiczn\u0105 \u2014 tak\u0105 jak odpady spo\u017cywcze czy obornik \u2014 w warunkach beztlenowych. Ten naturalny proces zachodzi w szczelnie zamkni\u0119tych zbiornikach.Nasza technologia AD wykorzystuje fermentory typu CSTR (Continuous Stirred Tank Reactor), wyposa\u017cone w systemy zapobiegania powstawaniu piany i ko\u017cucha oraz rozwi\u0105zania do [&hellip;]\" \/>\n<meta property=\"og:url\" content=\"https:\/\/www.botres.com\/pl\/technologia\/fermentacja-beztlenowa\/\" \/>\n<meta property=\"og:site_name\" content=\"Botres\" \/>\n<meta property=\"article:publisher\" content=\"https:\/\/www.facebook.com\/profile.php?id=61550819780504\" \/>\n<meta property=\"article:modified_time\" content=\"2026-03-09T14:43:45+00:00\" \/>\n<meta property=\"og:image\" content=\"https:\/\/www.botres.com\/wp-content\/uploads\/2024\/01\/004-Anlage-Bilecik1-1.jpg\" \/>\n\t<meta property=\"og:image:width\" content=\"1536\" \/>\n\t<meta property=\"og:image:height\" content=\"1228\" \/>\n\t<meta property=\"og:image:type\" content=\"image\/jpeg\" \/>\n<meta name=\"twitter:card\" content=\"summary_large_image\" \/>\n<script type=\"application\/ld+json\" class=\"yoast-schema-graph\">{\"@context\":\"https:\\\/\\\/schema.org\",\"@graph\":[{\"@type\":\"WebPage\",\"@id\":\"https:\\\/\\\/www.botres.com\\\/pl\\\/technologia\\\/fermentacja-beztlenowa\\\/\",\"url\":\"https:\\\/\\\/www.botres.com\\\/pl\\\/technologia\\\/fermentacja-beztlenowa\\\/\",\"name\":\"Fermentacja beztlenowa - Botres\",\"isPartOf\":{\"@id\":\"https:\\\/\\\/www.botres.com\\\/#website\"},\"datePublished\":\"2024-07-14T15:07:18+00:00\",\"dateModified\":\"2026-03-09T14:43:45+00:00\",\"breadcrumb\":{\"@id\":\"https:\\\/\\\/www.botres.com\\\/pl\\\/technologia\\\/fermentacja-beztlenowa\\\/#breadcrumb\"},\"inLanguage\":\"pl-PL\",\"potentialAction\":[{\"@type\":\"ReadAction\",\"target\":[\"https:\\\/\\\/www.botres.com\\\/pl\\\/technologia\\\/fermentacja-beztlenowa\\\/\"]}]},{\"@type\":\"BreadcrumbList\",\"@id\":\"https:\\\/\\\/www.botres.com\\\/pl\\\/technologia\\\/fermentacja-beztlenowa\\\/#breadcrumb\",\"itemListElement\":[{\"@type\":\"ListItem\",\"position\":1,\"name\":\"Home\",\"item\":\"https:\\\/\\\/www.botres.com\\\/pl\\\/home\\\/\"},{\"@type\":\"ListItem\",\"position\":2,\"name\":\"Technologia\",\"item\":\"https:\\\/\\\/www.botres.com\\\/pl\\\/technologia\\\/\"},{\"@type\":\"ListItem\",\"position\":3,\"name\":\"Fermentacja beztlenowa\"}]},{\"@type\":\"WebSite\",\"@id\":\"https:\\\/\\\/www.botres.com\\\/#website\",\"url\":\"https:\\\/\\\/www.botres.com\\\/\",\"name\":\"Botres Global GmbH\",\"description\":\"\",\"publisher\":{\"@id\":\"https:\\\/\\\/www.botres.com\\\/#organization\"},\"potentialAction\":[{\"@type\":\"SearchAction\",\"target\":{\"@type\":\"EntryPoint\",\"urlTemplate\":\"https:\\\/\\\/www.botres.com\\\/?s={search_term_string}\"},\"query-input\":{\"@type\":\"PropertyValueSpecification\",\"valueRequired\":true,\"valueName\":\"search_term_string\"}}],\"inLanguage\":\"pl-PL\"},{\"@type\":\"Organization\",\"@id\":\"https:\\\/\\\/www.botres.com\\\/#organization\",\"name\":\"Botres Global GmbH\",\"url\":\"https:\\\/\\\/www.botres.com\\\/\",\"logo\":{\"@type\":\"ImageObject\",\"inLanguage\":\"pl-PL\",\"@id\":\"https:\\\/\\\/www.botres.com\\\/#\\\/schema\\\/logo\\\/image\\\/\",\"url\":\"https:\\\/\\\/www.botres.com\\\/wp-content\\\/uploads\\\/2024\\\/01\\\/cropped-cropped-Logo-Botres-quadratisch-scaled-1.jpg\",\"contentUrl\":\"https:\\\/\\\/www.botres.com\\\/wp-content\\\/uploads\\\/2024\\\/01\\\/cropped-cropped-Logo-Botres-quadratisch-scaled-1.jpg\",\"width\":512,\"height\":512,\"caption\":\"Botres Global GmbH\"},\"image\":{\"@id\":\"https:\\\/\\\/www.botres.com\\\/#\\\/schema\\\/logo\\\/image\\\/\"},\"sameAs\":[\"https:\\\/\\\/www.facebook.com\\\/profile.php?id=61550819780504\",\"https:\\\/\\\/www.linkedin.com\\\/company\\\/botres-global\\\/\",\"https:\\\/\\\/www.instagram.com\\\/botresglobal\\\/\"]}]}<\/script>\n<!-- \/ Yoast SEO plugin. -->","yoast_head_json":{"title":"Fermentacja beztlenowa - Botres","robots":{"index":"index","follow":"follow","max-snippet":"max-snippet:-1","max-image-preview":"max-image-preview:large","max-video-preview":"max-video-preview:-1"},"canonical":"https:\/\/www.botres.com\/pl\/technologia\/fermentacja-beztlenowa\/","og_locale":"pl_PL","og_type":"article","og_title":"Fermentacja beztlenowa - Botres","og_description":"Zr\u00f3wnowa\u017cona produkcja biogazuFermentacja beztlenowaFermentacja beztlenowa (AD) to proces biologiczny, w kt\u00f3rym mikroorganizmy rozk\u0142adaj\u0105 materi\u0119 organiczn\u0105 \u2014 tak\u0105 jak odpady spo\u017cywcze czy obornik \u2014 w warunkach beztlenowych. Ten naturalny proces zachodzi w szczelnie zamkni\u0119tych zbiornikach.Nasza technologia AD wykorzystuje fermentory typu CSTR (Continuous Stirred Tank Reactor), wyposa\u017cone w systemy zapobiegania powstawaniu piany i ko\u017cucha oraz rozwi\u0105zania do [&hellip;]","og_url":"https:\/\/www.botres.com\/pl\/technologia\/fermentacja-beztlenowa\/","og_site_name":"Botres","article_publisher":"https:\/\/www.facebook.com\/profile.php?id=61550819780504","article_modified_time":"2026-03-09T14:43:45+00:00","og_image":[{"width":1536,"height":1228,"url":"https:\/\/www.botres.com\/wp-content\/uploads\/2024\/01\/004-Anlage-Bilecik1-1.jpg","type":"image\/jpeg"}],"twitter_card":"summary_large_image","schema":{"@context":"https:\/\/schema.org","@graph":[{"@type":"WebPage","@id":"https:\/\/www.botres.com\/pl\/technologia\/fermentacja-beztlenowa\/","url":"https:\/\/www.botres.com\/pl\/technologia\/fermentacja-beztlenowa\/","name":"Fermentacja beztlenowa - Botres","isPartOf":{"@id":"https:\/\/www.botres.com\/#website"},"datePublished":"2024-07-14T15:07:18+00:00","dateModified":"2026-03-09T14:43:45+00:00","breadcrumb":{"@id":"https:\/\/www.botres.com\/pl\/technologia\/fermentacja-beztlenowa\/#breadcrumb"},"inLanguage":"pl-PL","potentialAction":[{"@type":"ReadAction","target":["https:\/\/www.botres.com\/pl\/technologia\/fermentacja-beztlenowa\/"]}]},{"@type":"BreadcrumbList","@id":"https:\/\/www.botres.com\/pl\/technologia\/fermentacja-beztlenowa\/#breadcrumb","itemListElement":[{"@type":"ListItem","position":1,"name":"Home","item":"https:\/\/www.botres.com\/pl\/home\/"},{"@type":"ListItem","position":2,"name":"Technologia","item":"https:\/\/www.botres.com\/pl\/technologia\/"},{"@type":"ListItem","position":3,"name":"Fermentacja beztlenowa"}]},{"@type":"WebSite","@id":"https:\/\/www.botres.com\/#website","url":"https:\/\/www.botres.com\/","name":"Botres Global GmbH","description":"","publisher":{"@id":"https:\/\/www.botres.com\/#organization"},"potentialAction":[{"@type":"SearchAction","target":{"@type":"EntryPoint","urlTemplate":"https:\/\/www.botres.com\/?s={search_term_string}"},"query-input":{"@type":"PropertyValueSpecification","valueRequired":true,"valueName":"search_term_string"}}],"inLanguage":"pl-PL"},{"@type":"Organization","@id":"https:\/\/www.botres.com\/#organization","name":"Botres Global GmbH","url":"https:\/\/www.botres.com\/","logo":{"@type":"ImageObject","inLanguage":"pl-PL","@id":"https:\/\/www.botres.com\/#\/schema\/logo\/image\/","url":"https:\/\/www.botres.com\/wp-content\/uploads\/2024\/01\/cropped-cropped-Logo-Botres-quadratisch-scaled-1.jpg","contentUrl":"https:\/\/www.botres.com\/wp-content\/uploads\/2024\/01\/cropped-cropped-Logo-Botres-quadratisch-scaled-1.jpg","width":512,"height":512,"caption":"Botres Global GmbH"},"image":{"@id":"https:\/\/www.botres.com\/#\/schema\/logo\/image\/"},"sameAs":["https:\/\/www.facebook.com\/profile.php?id=61550819780504","https:\/\/www.linkedin.com\/company\/botres-global\/","https:\/\/www.instagram.com\/botresglobal\/"]}]}},"_links":{"self":[{"href":"https:\/\/www.botres.com\/pl\/wp-json\/wp\/v2\/pages\/13355","targetHints":{"allow":["GET"]}}],"collection":[{"href":"https:\/\/www.botres.com\/pl\/wp-json\/wp\/v2\/pages"}],"about":[{"href":"https:\/\/www.botres.com\/pl\/wp-json\/wp\/v2\/types\/page"}],"author":[{"embeddable":true,"href":"https:\/\/www.botres.com\/pl\/wp-json\/wp\/v2\/users\/5"}],"replies":[{"embeddable":true,"href":"https:\/\/www.botres.com\/pl\/wp-json\/wp\/v2\/comments?post=13355"}],"version-history":[{"count":2,"href":"https:\/\/www.botres.com\/pl\/wp-json\/wp\/v2\/pages\/13355\/revisions"}],"predecessor-version":[{"id":13357,"href":"https:\/\/www.botres.com\/pl\/wp-json\/wp\/v2\/pages\/13355\/revisions\/13357"}],"up":[{"embeddable":true,"href":"https:\/\/www.botres.com\/pl\/wp-json\/wp\/v2\/pages\/13341"}],"wp:attachment":[{"href":"https:\/\/www.botres.com\/pl\/wp-json\/wp\/v2\/media?parent=13355"}],"curies":[{"name":"wp","href":"https:\/\/api.w.org\/{rel}","templated":true}]}}