{"id":13347,"date":"2024-06-14T20:52:05","date_gmt":"2024-06-14T18:52:05","guid":{"rendered":"https:\/\/www.botres.com\/technologia\/biogazownie-multi-feedstock\/"},"modified":"2026-03-09T11:13:47","modified_gmt":"2026-03-09T10:13:47","slug":"biogazownie-multi-feedstock","status":"publish","type":"page","link":"https:\/\/www.botres.com\/pl\/technologia\/biogazownie-multi-feedstock\/","title":{"rendered":"Biogazownie multi-feedstock"},"content":{"rendered":"<p>[et_pb_section fb_built=&#8221;1&#8243; _builder_version=&#8221;4.27.4&#8243; _module_preset=&#8221;default&#8221; background_image=&#8221;https:\/\/www.botres.com\/wp-content\/uploads\/2024\/01\/006-Sincan-2-2.png&#8221; background_enable_video_mp4=&#8221;off&#8221; hover_enabled=&#8221;0&#8243; global_colors_info=&#8221;{}&#8221; background_color=&#8221;RGBA(255,255,255,0)&#8221; title_text=&#8221;006-Sincan-2-2&#8243; sticky_enabled=&#8221;0&#8243;][et_pb_row _builder_version=&#8221;4.25.1&#8243; _module_preset=&#8221;default&#8221; global_colors_info=&#8221;{}&#8221;][et_pb_column type=&#8221;4_4&#8243; _builder_version=&#8221;4.25.1&#8243; _module_preset=&#8221;default&#8221; global_colors_info=&#8221;{}&#8221;][et_pb_text module_class=&#8221;accent-bold accentcolor-on-bold&#8221; _builder_version=&#8221;4.27.0&#8243; _module_preset=&#8221;default&#8221; header_font=&#8221;|||on|||||&#8221; header_text_color=&#8221;#FFFFFF&#8221; custom_margin=&#8221;5rem||5rem||false|false&#8221; header_text_shadow_style=&#8221;preset1&#8243; global_colors_info=&#8221;{}&#8221;]<\/p>\n<h1><strong>Zr\u00f3wnowa\u017cona produkcja biogazu<\/strong><\/h1>\n<h1><\/h1>\n<p>[\/et_pb_text][\/et_pb_column][\/et_pb_row][\/et_pb_section][et_pb_section fb_built=&#8221;1&#8243; custom_padding_last_edited=&#8221;on|phone&#8221; _builder_version=&#8221;4.27.4&#8243; _module_preset=&#8221;default&#8221; custom_margin_tablet=&#8221;&#8221; custom_margin_phone=&#8221;1px||1px||false|false&#8221; custom_margin_last_edited=&#8221;on|desktop&#8221; custom_padding_tablet=&#8221;&#8221; custom_padding_phone=&#8221;20px||||false|false&#8221; global_colors_info=&#8221;{}&#8221;][et_pb_row _builder_version=&#8221;4.25.1&#8243; _module_preset=&#8221;default&#8221; global_colors_info=&#8221;{}&#8221;][et_pb_column type=&#8221;4_4&#8243; _builder_version=&#8221;4.25.1&#8243; _module_preset=&#8221;default&#8221; global_colors_info=&#8221;{}&#8221;][et_pb_text _builder_version=&#8221;4.25.1&#8243; _module_preset=&#8221;b147756b-4572-46e4-ad90-d428afb5e7e5&#8243; animation_style=&#8221;fade&#8221; animation_duration=&#8221;650ms&#8221; global_colors_info=&#8221;{}&#8221;]<\/p>\n<h1><strong><span class=\"OYPEnA text-decoration-none text-strikethrough-none\">Biogazownie multi-feedstock<\/span><\/strong><\/h1>\n<p>[\/et_pb_text][\/et_pb_column][\/et_pb_row][et_pb_row column_structure=&#8221;3_5,2_5&#8243; custom_padding_last_edited=&#8221;on|phone&#8221; _builder_version=&#8221;4.27.4&#8243; _module_preset=&#8221;default&#8221; custom_padding_tablet=&#8221;&#8221; custom_padding_phone=&#8221;1px||||false|false&#8221; global_colors_info=&#8221;{}&#8221;][et_pb_column type=&#8221;3_5&#8243; _builder_version=&#8221;4.25.1&#8243; _module_preset=&#8221;default&#8221; global_colors_info=&#8221;{}&#8221;][et_pb_text _builder_version=&#8221;4.27.2&#8243; _module_preset=&#8221;b147756b-4572-46e4-ad90-d428afb5e7e5&#8243; animation_style=&#8221;fade&#8221; animation_duration=&#8221;650ms&#8221; global_colors_info=&#8221;{}&#8221;]<\/p>\n<p>Nasze instalacje biogazowe s\u0105 zaprojektowane do przetwarzania szerokiego spektrum odpad\u00f3w organicznych i pozosta\u0142o\u015bci, przekszta\u0142caj\u0105c je w energi\u0119 odnawialn\u0105 oraz wysokiej jako\u015bci naw\u00f3z. Przetwarzamy m.in. odpady spo\u017cywcze i kuchenne, a tak\u017ce obornik pochodz\u0105cy z hodowli drobiu, trzody chlewnej i byd\u0142a. Jako substraty mog\u0105 by\u0107 r\u00f3wnie\u017c wykorzystywane inne materia\u0142y organiczne, takie jak osady \u015bciekowe, odpady poubojowe oraz odpady przemys\u0142owe.  <\/p>\n<p>[\/et_pb_text][\/et_pb_column][et_pb_column type=&#8221;2_5&#8243; _builder_version=&#8221;4.25.1&#8243; _module_preset=&#8221;default&#8221; global_colors_info=&#8221;{}&#8221;][et_pb_image src=&#8221;https:\/\/botres.com\/wp-content\/uploads\/2024\/09\/fruit-vegetable-waste-scaled.jpg&#8221; title_text=&#8221;Odpady kuchenne&#8221; show_bottom_space=&#8221;off&#8221; _builder_version=&#8221;4.27.4&#8243; _module_preset=&#8221;default&#8221; custom_margin_tablet=&#8221;&#8221; custom_margin_phone=&#8221;||-20px||false|false&#8221; custom_margin_last_edited=&#8221;on|phone&#8221; global_colors_info=&#8221;{}&#8221;][\/et_pb_image][\/et_pb_column][\/et_pb_row][et_pb_row column_structure=&#8221;2_5,3_5&#8243; _builder_version=&#8221;4.25.1&#8243; _module_preset=&#8221;default&#8221; global_colors_info=&#8221;{}&#8221;][et_pb_column type=&#8221;2_5&#8243; _builder_version=&#8221;4.25.1&#8243; _module_preset=&#8221;default&#8221; global_colors_info=&#8221;{}&#8221;][et_pb_image src=&#8221;https:\/\/www.botres.com\/wp-content\/uploads\/2025\/04\/Solutions-Multi-feedstock-plants-2.jpg&#8221; title_text=&#8221;Zbo\u017ce&#8221; _builder_version=&#8221;4.27.4&#8243; _module_preset=&#8221;default&#8221; global_colors_info=&#8221;{}&#8221;][\/et_pb_image][\/et_pb_column][et_pb_column type=&#8221;3_5&#8243; _builder_version=&#8221;4.25.1&#8243; _module_preset=&#8221;default&#8221; global_colors_info=&#8221;{}&#8221;][et_pb_text _builder_version=&#8221;4.27.4&#8243; _module_preset=&#8221;b147756b-4572-46e4-ad90-d428afb5e7e5&#8243; custom_margin=&#8221;||-12px||false|false&#8221; custom_padding_tablet=&#8221;&#8221; custom_padding_phone=&#8221;||0px||false|false&#8221; custom_padding_last_edited=&#8221;on|phone&#8221; animation_style=&#8221;fade&#8221; animation_duration=&#8221;650ms&#8221; global_colors_info=&#8221;{}&#8221;]<\/p>\n<p><strong>Elastyczno\u015b\u0107 i zdolno\u015b\u0107 adaptacji<\/strong><\/p>\n<p>Elastyczno\u015b\u0107 i zdolno\u015b\u0107 adaptacji to kluczowe atuty naszych biogazowni typu multi\u2011feedstock. Przetwarzaj\u0105c r\u00f3\u017cne rodzaje odpad\u00f3w organicznych, instalacje te gwarantuj\u0105 nieprzerwan\u0105 produkcj\u0119 biogazu \u2014 nawet przy zmiennej dost\u0119pno\u015bci surowc\u00f3w. Dzi\u0119ki temu stanowi\u0105 idealne rozwi\u0105zanie dla bran\u017c i gospodarstw rolnych korzystaj\u0105cych z szerokiego wachlarza strumieni odpadowych.  <\/p>\n<p>[\/et_pb_text][\/et_pb_column][\/et_pb_row][et_pb_row column_structure=&#8221;3_5,2_5&#8243; _builder_version=&#8221;4.25.1&#8243; _module_preset=&#8221;default&#8221; global_colors_info=&#8221;{}&#8221;][et_pb_column type=&#8221;3_5&#8243; _builder_version=&#8221;4.25.1&#8243; _module_preset=&#8221;default&#8221; global_colors_info=&#8221;{}&#8221;][et_pb_text _builder_version=&#8221;4.27.2&#8243; _module_preset=&#8221;b147756b-4572-46e4-ad90-d428afb5e7e5&#8243; animation_style=&#8221;fade&#8221; animation_duration=&#8221;650ms&#8221; global_colors_info=&#8221;{}&#8221;]<\/p>\n<p>Nasze instalacje osi\u0105gaj\u0105 najwy\u017csz\u0105 wydajno\u015b\u0107 nawet w systemach jednosurowcowych.<\/p>\n<p>Zastosowanie technologii fermentacji mokrej \u2014 standardu we wszystkich biogazowniach Botres \u2014 pozwala maksymalizowa\u0107 produkcj\u0119 biogazu, zwi\u0119ksza\u0107 op\u0142acalno\u015b\u0107 projekt\u00f3w oraz wyd\u0142u\u017ca\u0107 okres eksploatacji instalacji.<\/p>\n<p>[\/et_pb_text][\/et_pb_column][et_pb_column type=&#8221;2_5&#8243; _builder_version=&#8221;4.25.1&#8243; _module_preset=&#8221;default&#8221; global_colors_info=&#8221;{}&#8221;][et_pb_image src=&#8221;https:\/\/botres.com\/wp-content\/uploads\/2024\/07\/heads-black-white-holstein-cows-feeding-grass-stable-holland-scaled.jpg&#8221; title_text=&#8221;heads of black and white holstein cows feeding on grass in stable in holland&#8221; show_bottom_space=&#8221;off&#8221; _builder_version=&#8221;4.27.4&#8243; _module_preset=&#8221;default&#8221; custom_margin_tablet=&#8221;&#8221; custom_margin_phone=&#8221;||-20px||false|false&#8221; custom_margin_last_edited=&#8221;on|phone&#8221; custom_padding_tablet=&#8221;&#8221; custom_padding_phone=&#8221;&#8221; custom_padding_last_edited=&#8221;on|phone&#8221; global_colors_info=&#8221;{}&#8221;][\/et_pb_image][\/et_pb_column][\/et_pb_row][et_pb_row column_structure=&#8221;2_5,3_5&#8243; _builder_version=&#8221;4.25.1&#8243; _module_preset=&#8221;default&#8221; global_colors_info=&#8221;{}&#8221;][et_pb_column type=&#8221;2_5&#8243; _builder_version=&#8221;4.25.1&#8243; _module_preset=&#8221;default&#8221; global_colors_info=&#8221;{}&#8221;][et_pb_image src=&#8221;https:\/\/www.botres.com\/wp-content\/uploads\/2025\/04\/Solutions-Multi-feedstock-plants-4-1.jpg&#8221; title_text=&#8221;Kurczak&#8221; _builder_version=&#8221;4.27.4&#8243; _module_preset=&#8221;default&#8221; global_colors_info=&#8221;{}&#8221;][\/et_pb_image][\/et_pb_column][et_pb_column type=&#8221;3_5&#8243; _builder_version=&#8221;4.25.1&#8243; _module_preset=&#8221;default&#8221; global_colors_info=&#8221;{}&#8221;][et_pb_text _builder_version=&#8221;4.27.4&#8243; _module_preset=&#8221;b147756b-4572-46e4-ad90-d428afb5e7e5&#8243; custom_margin_tablet=&#8221;&#8221; custom_margin_phone=&#8221;||-30px||false|false&#8221; custom_margin_last_edited=&#8221;on|phone&#8221; animation_style=&#8221;fade&#8221; animation_duration=&#8221;650ms&#8221; global_colors_info=&#8221;{}&#8221;]<\/p>\n<p><strong>Eksperckie doradztwo i kompleksowe wsparcie<\/strong><\/p>\n<p>Jako specjali\u015bci w zakresie projektowania, budowy i eksploatacji biogazowni typu multi\u2011feedstock jeste\u015bmy gotowi doradza\u0107 i wspiera\u0107 Ci\u0119 na ka\u017cdym etapie. Niezale\u017cnie od tego, czy rozwa\u017casz wej\u015bcie na rynek biogazu, czy planujesz modernizacj\u0119 istniej\u0105cej instalacji rolniczej w kierunku przetwarzania odpad\u00f3w i pozosta\u0142o\u015bci, pomo\u017cemy Ci sprawnie i bezpiecznie przej\u015b\u0107 przez ca\u0142y proces transformacji. <\/p>\n<p>[\/et_pb_text][\/et_pb_column][\/et_pb_row][\/et_pb_section][et_pb_section fb_built=&#8221;1&#8243; _builder_version=&#8221;4.27.0&#8243; _module_preset=&#8221;default&#8221; background_color=&#8221;#0096C5&#8243; custom_padding=&#8221;0px||0px|||&#8221; global_colors_info=&#8221;{}&#8221;][et_pb_row _builder_version=&#8221;4.25.1&#8243; _module_preset=&#8221;default&#8221; global_colors_info=&#8221;{}&#8221;][et_pb_column type=&#8221;4_4&#8243; _builder_version=&#8221;4.25.1&#8243; _module_preset=&#8221;default&#8221; global_colors_info=&#8221;{}&#8221;][et_pb_text _builder_version=&#8221;4.27.4&#8243; _module_preset=&#8221;7c58e020-85d6-488e-bb3b-9e82c1e6fe6d&#8221; header_2_font_size=&#8221;1.5rem&#8221; custom_margin_tablet=&#8221;&#8221; custom_margin_phone=&#8221;0px||0px||false|false&#8221; custom_margin_last_edited=&#8221;on|phone&#8221; custom_padding=&#8221;0px||0px||false|false&#8221; custom_padding_tablet=&#8221;0px||0px||false|false&#8221; custom_padding_phone=&#8221;0px||0px||false|false&#8221; custom_padding_last_edited=&#8221;on|phone&#8221; text_font_size_tablet=&#8221;&#8221; text_font_size_phone=&#8221;0.7rem&#8221; text_font_size_last_edited=&#8221;on|phone&#8221; header_font_size_tablet=&#8221;&#8221; header_font_size_phone=&#8221;0.7rem&#8221; header_font_size_last_edited=&#8221;on|phone&#8221; global_colors_info=&#8221;{}&#8221;]<\/p>\n<h2 style=\"text-align: left;\">Biogazownie multi\u2011feedstock Botres w efektywny spos\u00f3b zamieniaj\u0105 odpady organiczne w czyst\u0105, odnawialn\u0105 energi\u0119.<\/h2>\n<p>[\/et_pb_text][\/et_pb_column][\/et_pb_row][\/et_pb_section][et_pb_section fb_built=&#8221;1&#8243; custom_padding_last_edited=&#8221;on|phone&#8221; _builder_version=&#8221;4.27.4&#8243; _module_preset=&#8221;default&#8221; min_height=&#8221;928.4px&#8221; custom_margin=&#8221;0px||-160px||false|false&#8221; custom_padding=&#8221;44px|||||&#8221; custom_padding_tablet=&#8221;44px|||||&#8221; custom_padding_phone=&#8221;5px||0px||false|false&#8221; global_module=&#8221;1987&#8243; saved_tabs=&#8221;all&#8221; global_colors_info=&#8221;{}&#8221;][et_pb_row _builder_version=&#8221;4.27.0&#8243; _module_preset=&#8221;default&#8221; min_height=&#8221;778.4px&#8221; global_module=&#8221;3279&#8243; global_colors_info=&#8221;{}&#8221;][et_pb_column type=&#8221;4_4&#8243; _builder_version=&#8221;4.27.0&#8243; _module_preset=&#8221;default&#8221; global_colors_info=&#8221;{}&#8221;][et_pb_text _builder_version=&#8221;4.27.2&#8243; _module_preset=&#8221;b147756b-4572-46e4-ad90-d428afb5e7e5&#8243; animation_style=&#8221;fade&#8221; animation_duration=&#8221;650ms&#8221; global_colors_info=&#8221;{}&#8221;]<\/p>\n<h2><strong>AKTUALNO\u015aCI<\/strong><\/h2>\n<p>[\/et_pb_text][dnxte_blog_slider order=&#8221;DESC&#8221; excerpt_length=&#8221;40&#8243; dnxte_blogslider_spacebetween=&#8221;36&#8243; _builder_version=&#8221;4.27.0&#8243; _module_preset=&#8221;default&#8221; custom_margin=&#8221;3rem||||false|false&#8221; custom_padding=&#8221;||5px|||&#8221; global_colors_info=&#8221;{}&#8221;][\/dnxte_blog_slider][\/et_pb_column][\/et_pb_row][\/et_pb_section]<\/p>\n","protected":false},"excerpt":{"rendered":"<p>Zr\u00f3wnowa\u017cona produkcja biogazu Biogazownie multi-feedstockNasze instalacje biogazowe s\u0105 zaprojektowane do przetwarzania szerokiego spektrum odpad\u00f3w organicznych i pozosta\u0142o\u015bci, przekszta\u0142caj\u0105c je w energi\u0119 odnawialn\u0105 oraz wysokiej jako\u015bci naw\u00f3z. Przetwarzamy m.in. odpady spo\u017cywcze i kuchenne, a tak\u017ce obornik pochodz\u0105cy z hodowli drobiu, trzody chlewnej i byd\u0142a. Jako substraty mog\u0105 by\u0107 r\u00f3wnie\u017c wykorzystywane inne materia\u0142y organiczne, takie jak osady [&hellip;]<\/p>\n","protected":false},"author":5,"featured_media":0,"parent":13341,"menu_order":0,"comment_status":"closed","ping_status":"closed","template":"","meta":{"_acf_changed":false,"_et_pb_use_builder":"on","_et_pb_old_content":"","_et_gb_content_width":"","footnotes":""},"class_list":["post-13347","page","type-page","status-publish","hentry"],"acf":[],"yoast_head":"<!-- This site is optimized with the Yoast SEO plugin v27.4 - https:\/\/yoast.com\/product\/yoast-seo-wordpress\/ -->\n<title>Biogazownie multi-feedstock - Botres<\/title>\n<meta name=\"robots\" content=\"index, follow, max-snippet:-1, max-image-preview:large, max-video-preview:-1\" \/>\n<link rel=\"canonical\" href=\"https:\/\/www.botres.com\/pl\/technologia\/biogazownie-multi-feedstock\/\" \/>\n<meta property=\"og:locale\" content=\"pl_PL\" \/>\n<meta property=\"og:type\" content=\"article\" \/>\n<meta property=\"og:title\" content=\"Biogazownie multi-feedstock - Botres\" \/>\n<meta property=\"og:description\" content=\"Zr\u00f3wnowa\u017cona produkcja biogazu Biogazownie multi-feedstockNasze instalacje biogazowe s\u0105 zaprojektowane do przetwarzania szerokiego spektrum odpad\u00f3w organicznych i pozosta\u0142o\u015bci, przekszta\u0142caj\u0105c je w energi\u0119 odnawialn\u0105 oraz wysokiej jako\u015bci naw\u00f3z. Przetwarzamy m.in. odpady spo\u017cywcze i kuchenne, a tak\u017ce obornik pochodz\u0105cy z hodowli drobiu, trzody chlewnej i byd\u0142a. Jako substraty mog\u0105 by\u0107 r\u00f3wnie\u017c wykorzystywane inne materia\u0142y organiczne, takie jak osady [&hellip;]\" \/>\n<meta property=\"og:url\" content=\"https:\/\/www.botres.com\/pl\/technologia\/biogazownie-multi-feedstock\/\" \/>\n<meta property=\"og:site_name\" content=\"Botres\" \/>\n<meta property=\"article:publisher\" content=\"https:\/\/www.facebook.com\/profile.php?id=61550819780504\" \/>\n<meta property=\"article:modified_time\" content=\"2026-03-09T10:13:47+00:00\" \/>\n<meta property=\"og:image\" content=\"https:\/\/www.botres.com\/wp-content\/uploads\/2024\/01\/004-Anlage-Bilecik1-1.jpg\" \/>\n\t<meta property=\"og:image:width\" content=\"1536\" \/>\n\t<meta property=\"og:image:height\" content=\"1228\" \/>\n\t<meta property=\"og:image:type\" content=\"image\/jpeg\" \/>\n<meta name=\"twitter:card\" content=\"summary_large_image\" \/>\n<script type=\"application\/ld+json\" class=\"yoast-schema-graph\">{\"@context\":\"https:\\\/\\\/schema.org\",\"@graph\":[{\"@type\":\"WebPage\",\"@id\":\"https:\\\/\\\/www.botres.com\\\/pl\\\/technologia\\\/biogazownie-multi-feedstock\\\/\",\"url\":\"https:\\\/\\\/www.botres.com\\\/pl\\\/technologia\\\/biogazownie-multi-feedstock\\\/\",\"name\":\"Biogazownie multi-feedstock - Botres\",\"isPartOf\":{\"@id\":\"https:\\\/\\\/www.botres.com\\\/#website\"},\"datePublished\":\"2024-06-14T18:52:05+00:00\",\"dateModified\":\"2026-03-09T10:13:47+00:00\",\"breadcrumb\":{\"@id\":\"https:\\\/\\\/www.botres.com\\\/pl\\\/technologia\\\/biogazownie-multi-feedstock\\\/#breadcrumb\"},\"inLanguage\":\"pl-PL\",\"potentialAction\":[{\"@type\":\"ReadAction\",\"target\":[\"https:\\\/\\\/www.botres.com\\\/pl\\\/technologia\\\/biogazownie-multi-feedstock\\\/\"]}]},{\"@type\":\"BreadcrumbList\",\"@id\":\"https:\\\/\\\/www.botres.com\\\/pl\\\/technologia\\\/biogazownie-multi-feedstock\\\/#breadcrumb\",\"itemListElement\":[{\"@type\":\"ListItem\",\"position\":1,\"name\":\"Home\",\"item\":\"https:\\\/\\\/www.botres.com\\\/pl\\\/home\\\/\"},{\"@type\":\"ListItem\",\"position\":2,\"name\":\"Technologia\",\"item\":\"https:\\\/\\\/www.botres.com\\\/pl\\\/technologia\\\/\"},{\"@type\":\"ListItem\",\"position\":3,\"name\":\"Biogazownie multi-feedstock\"}]},{\"@type\":\"WebSite\",\"@id\":\"https:\\\/\\\/www.botres.com\\\/#website\",\"url\":\"https:\\\/\\\/www.botres.com\\\/\",\"name\":\"Botres Global GmbH\",\"description\":\"\",\"publisher\":{\"@id\":\"https:\\\/\\\/www.botres.com\\\/#organization\"},\"potentialAction\":[{\"@type\":\"SearchAction\",\"target\":{\"@type\":\"EntryPoint\",\"urlTemplate\":\"https:\\\/\\\/www.botres.com\\\/?s={search_term_string}\"},\"query-input\":{\"@type\":\"PropertyValueSpecification\",\"valueRequired\":true,\"valueName\":\"search_term_string\"}}],\"inLanguage\":\"pl-PL\"},{\"@type\":\"Organization\",\"@id\":\"https:\\\/\\\/www.botres.com\\\/#organization\",\"name\":\"Botres Global GmbH\",\"url\":\"https:\\\/\\\/www.botres.com\\\/\",\"logo\":{\"@type\":\"ImageObject\",\"inLanguage\":\"pl-PL\",\"@id\":\"https:\\\/\\\/www.botres.com\\\/#\\\/schema\\\/logo\\\/image\\\/\",\"url\":\"https:\\\/\\\/www.botres.com\\\/wp-content\\\/uploads\\\/2024\\\/01\\\/cropped-cropped-Logo-Botres-quadratisch-scaled-1.jpg\",\"contentUrl\":\"https:\\\/\\\/www.botres.com\\\/wp-content\\\/uploads\\\/2024\\\/01\\\/cropped-cropped-Logo-Botres-quadratisch-scaled-1.jpg\",\"width\":512,\"height\":512,\"caption\":\"Botres Global GmbH\"},\"image\":{\"@id\":\"https:\\\/\\\/www.botres.com\\\/#\\\/schema\\\/logo\\\/image\\\/\"},\"sameAs\":[\"https:\\\/\\\/www.facebook.com\\\/profile.php?id=61550819780504\",\"https:\\\/\\\/www.linkedin.com\\\/company\\\/botres-global\\\/\",\"https:\\\/\\\/www.instagram.com\\\/botresglobal\\\/\"]}]}<\/script>\n<!-- \/ Yoast SEO plugin. -->","yoast_head_json":{"title":"Biogazownie multi-feedstock - Botres","robots":{"index":"index","follow":"follow","max-snippet":"max-snippet:-1","max-image-preview":"max-image-preview:large","max-video-preview":"max-video-preview:-1"},"canonical":"https:\/\/www.botres.com\/pl\/technologia\/biogazownie-multi-feedstock\/","og_locale":"pl_PL","og_type":"article","og_title":"Biogazownie multi-feedstock - Botres","og_description":"Zr\u00f3wnowa\u017cona produkcja biogazu Biogazownie multi-feedstockNasze instalacje biogazowe s\u0105 zaprojektowane do przetwarzania szerokiego spektrum odpad\u00f3w organicznych i pozosta\u0142o\u015bci, przekszta\u0142caj\u0105c je w energi\u0119 odnawialn\u0105 oraz wysokiej jako\u015bci naw\u00f3z. Przetwarzamy m.in. odpady spo\u017cywcze i kuchenne, a tak\u017ce obornik pochodz\u0105cy z hodowli drobiu, trzody chlewnej i byd\u0142a. Jako substraty mog\u0105 by\u0107 r\u00f3wnie\u017c wykorzystywane inne materia\u0142y organiczne, takie jak osady [&hellip;]","og_url":"https:\/\/www.botres.com\/pl\/technologia\/biogazownie-multi-feedstock\/","og_site_name":"Botres","article_publisher":"https:\/\/www.facebook.com\/profile.php?id=61550819780504","article_modified_time":"2026-03-09T10:13:47+00:00","og_image":[{"width":1536,"height":1228,"url":"https:\/\/www.botres.com\/wp-content\/uploads\/2024\/01\/004-Anlage-Bilecik1-1.jpg","type":"image\/jpeg"}],"twitter_card":"summary_large_image","schema":{"@context":"https:\/\/schema.org","@graph":[{"@type":"WebPage","@id":"https:\/\/www.botres.com\/pl\/technologia\/biogazownie-multi-feedstock\/","url":"https:\/\/www.botres.com\/pl\/technologia\/biogazownie-multi-feedstock\/","name":"Biogazownie multi-feedstock - Botres","isPartOf":{"@id":"https:\/\/www.botres.com\/#website"},"datePublished":"2024-06-14T18:52:05+00:00","dateModified":"2026-03-09T10:13:47+00:00","breadcrumb":{"@id":"https:\/\/www.botres.com\/pl\/technologia\/biogazownie-multi-feedstock\/#breadcrumb"},"inLanguage":"pl-PL","potentialAction":[{"@type":"ReadAction","target":["https:\/\/www.botres.com\/pl\/technologia\/biogazownie-multi-feedstock\/"]}]},{"@type":"BreadcrumbList","@id":"https:\/\/www.botres.com\/pl\/technologia\/biogazownie-multi-feedstock\/#breadcrumb","itemListElement":[{"@type":"ListItem","position":1,"name":"Home","item":"https:\/\/www.botres.com\/pl\/home\/"},{"@type":"ListItem","position":2,"name":"Technologia","item":"https:\/\/www.botres.com\/pl\/technologia\/"},{"@type":"ListItem","position":3,"name":"Biogazownie multi-feedstock"}]},{"@type":"WebSite","@id":"https:\/\/www.botres.com\/#website","url":"https:\/\/www.botres.com\/","name":"Botres Global GmbH","description":"","publisher":{"@id":"https:\/\/www.botres.com\/#organization"},"potentialAction":[{"@type":"SearchAction","target":{"@type":"EntryPoint","urlTemplate":"https:\/\/www.botres.com\/?s={search_term_string}"},"query-input":{"@type":"PropertyValueSpecification","valueRequired":true,"valueName":"search_term_string"}}],"inLanguage":"pl-PL"},{"@type":"Organization","@id":"https:\/\/www.botres.com\/#organization","name":"Botres Global GmbH","url":"https:\/\/www.botres.com\/","logo":{"@type":"ImageObject","inLanguage":"pl-PL","@id":"https:\/\/www.botres.com\/#\/schema\/logo\/image\/","url":"https:\/\/www.botres.com\/wp-content\/uploads\/2024\/01\/cropped-cropped-Logo-Botres-quadratisch-scaled-1.jpg","contentUrl":"https:\/\/www.botres.com\/wp-content\/uploads\/2024\/01\/cropped-cropped-Logo-Botres-quadratisch-scaled-1.jpg","width":512,"height":512,"caption":"Botres Global GmbH"},"image":{"@id":"https:\/\/www.botres.com\/#\/schema\/logo\/image\/"},"sameAs":["https:\/\/www.facebook.com\/profile.php?id=61550819780504","https:\/\/www.linkedin.com\/company\/botres-global\/","https:\/\/www.instagram.com\/botresglobal\/"]}]}},"_links":{"self":[{"href":"https:\/\/www.botres.com\/pl\/wp-json\/wp\/v2\/pages\/13347","targetHints":{"allow":["GET"]}}],"collection":[{"href":"https:\/\/www.botres.com\/pl\/wp-json\/wp\/v2\/pages"}],"about":[{"href":"https:\/\/www.botres.com\/pl\/wp-json\/wp\/v2\/types\/page"}],"author":[{"embeddable":true,"href":"https:\/\/www.botres.com\/pl\/wp-json\/wp\/v2\/users\/5"}],"replies":[{"embeddable":true,"href":"https:\/\/www.botres.com\/pl\/wp-json\/wp\/v2\/comments?post=13347"}],"version-history":[{"count":2,"href":"https:\/\/www.botres.com\/pl\/wp-json\/wp\/v2\/pages\/13347\/revisions"}],"predecessor-version":[{"id":13349,"href":"https:\/\/www.botres.com\/pl\/wp-json\/wp\/v2\/pages\/13347\/revisions\/13349"}],"up":[{"embeddable":true,"href":"https:\/\/www.botres.com\/pl\/wp-json\/wp\/v2\/pages\/13341"}],"wp:attachment":[{"href":"https:\/\/www.botres.com\/pl\/wp-json\/wp\/v2\/media?parent=13347"}],"curies":[{"name":"wp","href":"https:\/\/api.w.org\/{rel}","templated":true}]}}