{"id":13341,"date":"2024-01-23T17:27:28","date_gmt":"2024-01-23T16:27:28","guid":{"rendered":"https:\/\/www.botres.com\/technologia\/"},"modified":"2026-03-09T15:46:48","modified_gmt":"2026-03-09T14:46:48","slug":"technologia","status":"publish","type":"page","link":"https:\/\/www.botres.com\/pl\/technologia\/","title":{"rendered":"Technologia"},"content":{"rendered":"<p>[et_pb_section fb_built=&#8221;1&#8243; _builder_version=&#8221;4.27.4&#8243; _module_preset=&#8221;default&#8221; background_image=&#8221;https:\/\/www.botres.com\/wp-content\/uploads\/2024\/01\/006-Sincan-2-2.png&#8221; background_enable_video_mp4=&#8221;off&#8221; hover_enabled=&#8221;0&#8243; global_colors_info=&#8221;{}&#8221; sticky_enabled=&#8221;0&#8243; title_text=&#8221;006-Sincan-2-2&#8243; custom_padding=&#8221;10px||||false|false&#8221; background_repeat=&#8221;repeat&#8221;][et_pb_row _builder_version=&#8221;4.25.1&#8243; _module_preset=&#8221;default&#8221; global_colors_info=&#8221;{}&#8221;][et_pb_column type=&#8221;4_4&#8243; _builder_version=&#8221;4.25.1&#8243; _module_preset=&#8221;default&#8221; global_colors_info=&#8221;{}&#8221;][et_pb_text module_class=&#8221;accent-bold accentcolor-on-bold&#8221; _builder_version=&#8221;4.27.0&#8243; _module_preset=&#8221;default&#8221; header_font=&#8221;|||on|||||&#8221; header_text_color=&#8221;#FFFFFF&#8221; custom_margin=&#8221;5rem||5rem||false|false&#8221; custom_padding=&#8221;0px|||||&#8221; header_text_shadow_style=&#8221;preset1&#8243; global_colors_info=&#8221;{}&#8221;]<\/p>\n<h1><strong>Zr\u00f3wnowa\u017cona produkcja biogazu<\/strong><\/p>\n<\/h1>\n<p>[\/et_pb_text][\/et_pb_column][\/et_pb_row][\/et_pb_section][et_pb_section fb_built=&#8221;1&#8243; _builder_version=&#8221;4.25.1&#8243; _module_preset=&#8221;default&#8221; custom_padding=&#8221;||54px|||&#8221; global_colors_info=&#8221;{}&#8221;][et_pb_row column_structure=&#8221;3_5,2_5&#8243; _builder_version=&#8221;4.27.4&#8243; _module_preset=&#8221;default&#8221; custom_margin_tablet=&#8221;&#8221; custom_margin_phone=&#8221;-25px||||false|false&#8221; custom_margin_last_edited=&#8221;on|phone&#8221; global_colors_info=&#8221;{}&#8221;][et_pb_column type=&#8221;3_5&#8243; _builder_version=&#8221;4.25.1&#8243; _module_preset=&#8221;default&#8221; global_colors_info=&#8221;{}&#8221;][et_pb_text _builder_version=&#8221;4.27.4&#8243; _module_preset=&#8221;b147756b-4572-46e4-ad90-d428afb5e7e5&#8243; animation_style=&#8221;fade&#8221; animation_duration=&#8221;650ms&#8221; global_colors_info=&#8221;{}&#8221;]<\/p>\n<p>Technologia Botres Global oferuje maksymaln\u0105 elastyczno\u015b\u0107 surowcow\u0105, umo\u017cliwiaj\u0105c przetwarzanie wszystkich typ\u00f3w materia\u0142\u00f3w organicznych \u2014 od surowc\u00f3w pierwotnych po odpady i pozosta\u0142o\u015bci. Nasze instalacje multi\u2011feedstock projektujemy z zapasem mocy, co pozwala na \u0142atwe dostosowanie si\u0119 do zmieniaj\u0105cych si\u0119 strumieni wsadu.<br \/>Poza klasycznym zakresem technologii biogazowych oferujemy r\u00f3wnie\u017c zaawansowane rozwi\u0105zania, takie jak produkcja biometanu, odzysk i skraplanie CO<sub>\u2082<\/sub>, wytwarzanie LNG, oczyszczanie \u015bciek\u00f3w oraz stripping amoniaku, wspieraj\u0105ce zgodno\u015b\u0107 z rygorystycznymi normami \u015brodowiskowymi.  <\/p>\n<p>Zapewniamy kompleksow\u0105 obs\u0142ug\u0119 \u2014 od fazy projektowej i realizacji, przez uruchomienie, po sta\u0142e wsparcie operacyjne \u2014 tak aby Twoja instalacja biogazowa dzia\u0142a\u0142a ponad obowi\u0105zuj\u0105cymi benchmarkami. Nasze rozwi\u0105zania \u0142\u0105cz\u0105 zr\u00f3wnowa\u017cony rozw\u00f3j z realnymi korzy\u015bciami ekonomicznymi, umo\u017cliwiaj\u0105c redukcj\u0119 koszt\u00f3w operacyjnych i \u015bladu w\u0119glowego. <\/p>\n<p>[\/et_pb_text][\/et_pb_column][et_pb_column type=&#8221;2_5&#8243; _builder_version=&#8221;4.25.1&#8243; _module_preset=&#8221;default&#8221; global_colors_info=&#8221;{}&#8221;][et_pb_image src=&#8221;https:\/\/www.botres.com\/wp-content\/uploads\/2025\/04\/Biogas-plant-scaled.jpg&#8221; title_text=&#8221;Biogazownia&#8221; _builder_version=&#8221;4.27.4&#8243; _module_preset=&#8221;default&#8221; global_colors_info=&#8221;{}&#8221;][\/et_pb_image][\/et_pb_column][\/et_pb_row][et_pb_row _builder_version=&#8221;4.27.0&#8243; _module_preset=&#8221;default&#8221; global_colors_info=&#8221;{}&#8221;][et_pb_column type=&#8221;4_4&#8243; _builder_version=&#8221;4.27.0&#8243; _module_preset=&#8221;default&#8221; global_colors_info=&#8221;{}&#8221;][et_pb_text _builder_version=&#8221;4.27.0&#8243; _module_preset=&#8221;default&#8221; global_colors_info=&#8221;{}&#8221;]<\/p>\n<h2 style=\"text-align: center;\">GOSPODARKA W OBIEGU ZAMKNI\u0118TYM &#8211; KOMPLEKSOWE TECHNOLOGIE BIOGAZOWE OD A DO Z<\/h2>\n<p>[\/et_pb_text][et_pb_image src=&#8221;https:\/\/www.botres.com\/wp-content\/uploads\/2025\/04\/Biogas-circle-scaled.png&#8221; title_text=&#8221;Obieg biogazu&#8221; _builder_version=&#8221;4.27.4&#8243; _module_preset=&#8221;default&#8221; global_colors_info=&#8221;{}&#8221;][\/et_pb_image][\/et_pb_column][\/et_pb_row][et_pb_row column_structure=&#8221;1_2,1_2&#8243; _builder_version=&#8221;4.27.0&#8243; _module_preset=&#8221;default&#8221; global_colors_info=&#8221;{}&#8221;][et_pb_column type=&#8221;1_2&#8243; _builder_version=&#8221;4.27.0&#8243; _module_preset=&#8221;default&#8221; global_colors_info=&#8221;{}&#8221;][et_pb_button button_url=&#8221;https:\/\/www.botres.com\/pl\/technologia\/biogazownie-multi-feedstock\/&#8221; button_text=&#8221;Biogazownie multi-feedstock&#8221; _builder_version=&#8221;4.27.0&#8243; _module_preset=&#8221;31df9826-4cf2-42d8-b5e9-75928d7b745e&#8221; global_colors_info=&#8221;{}&#8221;][\/et_pb_button][et_pb_button button_url=&#8221;\/technologia\/odpady komunalne\/&#8221; button_text=&#8221;Obr\u00f3bka wst\u0119pna&#8221; _builder_version=&#8221;4.27.0&#8243; _module_preset=&#8221;31df9826-4cf2-42d8-b5e9-75928d7b745e&#8221; global_colors_info=&#8221;{}&#8221;][\/et_pb_button][et_pb_button button_url=&#8221;\/technologia\/odpady rolnicze\/&#8221; button_text=&#8221;Fermentacja beztlenowa&#8221; _builder_version=&#8221;4.27.0&#8243; _module_preset=&#8221;31df9826-4cf2-42d8-b5e9-75928d7b745e&#8221; global_colors_info=&#8221;{}&#8221;][\/et_pb_button][\/et_pb_column][et_pb_column type=&#8221;1_2&#8243; _builder_version=&#8221;4.27.0&#8243; _module_preset=&#8221;default&#8221; global_colors_info=&#8221;{}&#8221;][et_pb_button button_url=&#8221;\/technologia\/odpady z ubojni\/&#8221; button_text=&#8221;Produkcja energii &#8221; _builder_version=&#8221;4.27.0&#8243; _module_preset=&#8221;31df9826-4cf2-42d8-b5e9-75928d7b745e&#8221; global_colors_info=&#8221;{}&#8221;][\/et_pb_button][et_pb_button button_url=&#8221;\/technologia\/biometan\/&#8221; button_text=&#8221;Biometan&#8221; _builder_version=&#8221;4.27.0&#8243; _module_preset=&#8221;31df9826-4cf2-42d8-b5e9-75928d7b745e&#8221; global_colors_info=&#8221;{}&#8221;][\/et_pb_button][et_pb_button button_url=&#8221;\/technologia\/przetwarzanie pofermentu\/&#8221; button_text=&#8221;Digestate treatment &amp; feriliser&#8221; _builder_version=&#8221;4.27.0&#8243; _module_preset=&#8221;31df9826-4cf2-42d8-b5e9-75928d7b745e&#8221; global_colors_info=&#8221;{}&#8221;][\/et_pb_button][\/et_pb_column][\/et_pb_row][et_pb_row _builder_version=&#8221;4.27.0&#8243; _module_preset=&#8221;default&#8221; global_colors_info=&#8221;{}&#8221;][et_pb_column type=&#8221;4_4&#8243; _builder_version=&#8221;4.27.0&#8243; _module_preset=&#8221;default&#8221; global_colors_info=&#8221;{}&#8221;][et_pb_image src=&#8221;https:\/\/www.botres.com\/wp-content\/uploads\/2025\/04\/Ibiza-cut-scaled.jpg&#8221; _builder_version=&#8221;4.27.4&#8243; _module_preset=&#8221;default&#8221; global_colors_info=&#8221;{}&#8221;][\/et_pb_image][\/et_pb_column][\/et_pb_row][\/et_pb_section][et_pb_section fb_built=&#8221;1&#8243; custom_padding_last_edited=&#8221;on|phone&#8221; _builder_version=&#8221;4.27.4&#8243; _module_preset=&#8221;default&#8221; background_color=&#8221;#0096C5&#8243; custom_margin_tablet=&#8221;&#8221; custom_margin_phone=&#8221;-25px||||false|false&#8221; custom_margin_last_edited=&#8221;on|phone&#8221; custom_padding_tablet=&#8221;&#8221; custom_padding_phone=&#8221;0px||0px||false|false&#8221; global_colors_info=&#8221;{}&#8221;][et_pb_row _builder_version=&#8221;4.25.1&#8243; _module_preset=&#8221;default&#8221; global_colors_info=&#8221;{}&#8221;][et_pb_column type=&#8221;4_4&#8243; _builder_version=&#8221;4.25.1&#8243; _module_preset=&#8221;default&#8221; global_colors_info=&#8221;{}&#8221;][et_pb_text _builder_version=&#8221;4.27.0&#8243; _module_preset=&#8221;default&#8221; global_colors_info=&#8221;{}&#8221;]<\/p>\n<h2 style=\"text-align: left;\"><span style=\"color: #ffffff;\">Gospodarka o obiegu zamkni\u0119tym \u2013 kompleksowe technologie biogazowe od A do Z<strong><br \/><\/strong><\/span><\/h2>\n<p>[\/et_pb_text][\/et_pb_column][\/et_pb_row][\/et_pb_section][et_pb_section fb_built=&#8221;1&#8243; custom_padding_last_edited=&#8221;on|phone&#8221; _builder_version=&#8221;4.27.4&#8243; _module_preset=&#8221;default&#8221; min_height=&#8221;928.4px&#8221; custom_margin=&#8221;0px||-160px||false|false&#8221; custom_padding=&#8221;44px|||||&#8221; custom_padding_tablet=&#8221;44px|||||&#8221; custom_padding_phone=&#8221;5px||0px||false|false&#8221; global_module=&#8221;1987&#8243; saved_tabs=&#8221;all&#8221; global_colors_info=&#8221;{}&#8221;][et_pb_row _builder_version=&#8221;4.27.0&#8243; _module_preset=&#8221;default&#8221; min_height=&#8221;778.4px&#8221; global_module=&#8221;3279&#8243; global_colors_info=&#8221;{}&#8221;][et_pb_column type=&#8221;4_4&#8243; _builder_version=&#8221;4.27.0&#8243; _module_preset=&#8221;default&#8221; global_colors_info=&#8221;{}&#8221;][et_pb_text _builder_version=&#8221;4.27.2&#8243; _module_preset=&#8221;b147756b-4572-46e4-ad90-d428afb5e7e5&#8243; animation_style=&#8221;fade&#8221; animation_duration=&#8221;650ms&#8221; global_colors_info=&#8221;{}&#8221;]<\/p>\n<h2><strong>AKTUALNO\u015aCI<\/strong><\/h2>\n<p>[\/et_pb_text][dnxte_blog_slider order=&#8221;DESC&#8221; excerpt_length=&#8221;40&#8243; dnxte_blogslider_spacebetween=&#8221;36&#8243; _builder_version=&#8221;4.27.0&#8243; _module_preset=&#8221;default&#8221; custom_margin=&#8221;3rem||||false|false&#8221; custom_padding=&#8221;||5px|||&#8221; global_colors_info=&#8221;{}&#8221;][\/dnxte_blog_slider][\/et_pb_column][\/et_pb_row][\/et_pb_section]<\/p>\n","protected":false},"excerpt":{"rendered":"<p>Zr\u00f3wnowa\u017cona produkcja biogazu Technologia Botres Global oferuje maksymaln\u0105 elastyczno\u015b\u0107 surowcow\u0105, umo\u017cliwiaj\u0105c przetwarzanie wszystkich typ\u00f3w materia\u0142\u00f3w organicznych \u2014 od surowc\u00f3w pierwotnych po odpady i pozosta\u0142o\u015bci. Nasze instalacje multi\u2011feedstock projektujemy z zapasem mocy, co pozwala na \u0142atwe dostosowanie si\u0119 do zmieniaj\u0105cych si\u0119 strumieni wsadu.Poza klasycznym zakresem technologii biogazowych oferujemy r\u00f3wnie\u017c zaawansowane rozwi\u0105zania, takie jak produkcja biometanu, odzysk [&hellip;]<\/p>\n","protected":false},"author":4,"featured_media":0,"parent":0,"menu_order":0,"comment_status":"closed","ping_status":"closed","template":"","meta":{"_acf_changed":false,"_et_pb_use_builder":"on","_et_pb_old_content":"","_et_gb_content_width":"","footnotes":""},"class_list":["post-13341","page","type-page","status-publish","hentry"],"acf":[],"yoast_head":"<!-- This site is optimized with the Yoast SEO plugin v27.4 - https:\/\/yoast.com\/product\/yoast-seo-wordpress\/ -->\n<title>Technologia - Botres<\/title>\n<meta name=\"robots\" content=\"index, follow, max-snippet:-1, max-image-preview:large, max-video-preview:-1\" \/>\n<link rel=\"canonical\" href=\"https:\/\/www.botres.com\/pl\/technologia\/\" \/>\n<meta property=\"og:locale\" content=\"pl_PL\" \/>\n<meta property=\"og:type\" content=\"article\" \/>\n<meta property=\"og:title\" content=\"Technologia - Botres\" \/>\n<meta property=\"og:description\" content=\"Zr\u00f3wnowa\u017cona produkcja biogazu Technologia Botres Global oferuje maksymaln\u0105 elastyczno\u015b\u0107 surowcow\u0105, umo\u017cliwiaj\u0105c przetwarzanie wszystkich typ\u00f3w materia\u0142\u00f3w organicznych \u2014 od surowc\u00f3w pierwotnych po odpady i pozosta\u0142o\u015bci. Nasze instalacje multi\u2011feedstock projektujemy z zapasem mocy, co pozwala na \u0142atwe dostosowanie si\u0119 do zmieniaj\u0105cych si\u0119 strumieni wsadu.Poza klasycznym zakresem technologii biogazowych oferujemy r\u00f3wnie\u017c zaawansowane rozwi\u0105zania, takie jak produkcja biometanu, odzysk [&hellip;]\" \/>\n<meta property=\"og:url\" content=\"https:\/\/www.botres.com\/pl\/technologia\/\" \/>\n<meta property=\"og:site_name\" content=\"Botres\" \/>\n<meta property=\"article:publisher\" content=\"https:\/\/www.facebook.com\/profile.php?id=61550819780504\" \/>\n<meta property=\"article:modified_time\" content=\"2026-03-09T14:46:48+00:00\" \/>\n<meta property=\"og:image\" content=\"https:\/\/www.botres.com\/wp-content\/uploads\/2024\/01\/004-Anlage-Bilecik1-1.jpg\" \/>\n\t<meta property=\"og:image:width\" content=\"1536\" \/>\n\t<meta property=\"og:image:height\" content=\"1228\" \/>\n\t<meta property=\"og:image:type\" content=\"image\/jpeg\" \/>\n<meta name=\"twitter:card\" content=\"summary_large_image\" \/>\n<script type=\"application\/ld+json\" class=\"yoast-schema-graph\">{\"@context\":\"https:\\\/\\\/schema.org\",\"@graph\":[{\"@type\":\"WebPage\",\"@id\":\"https:\\\/\\\/www.botres.com\\\/pl\\\/technologia\\\/\",\"url\":\"https:\\\/\\\/www.botres.com\\\/pl\\\/technologia\\\/\",\"name\":\"Technologia - Botres\",\"isPartOf\":{\"@id\":\"https:\\\/\\\/www.botres.com\\\/#website\"},\"datePublished\":\"2024-01-23T16:27:28+00:00\",\"dateModified\":\"2026-03-09T14:46:48+00:00\",\"breadcrumb\":{\"@id\":\"https:\\\/\\\/www.botres.com\\\/pl\\\/technologia\\\/#breadcrumb\"},\"inLanguage\":\"pl-PL\",\"potentialAction\":[{\"@type\":\"ReadAction\",\"target\":[\"https:\\\/\\\/www.botres.com\\\/pl\\\/technologia\\\/\"]}]},{\"@type\":\"BreadcrumbList\",\"@id\":\"https:\\\/\\\/www.botres.com\\\/pl\\\/technologia\\\/#breadcrumb\",\"itemListElement\":[{\"@type\":\"ListItem\",\"position\":1,\"name\":\"Home\",\"item\":\"https:\\\/\\\/www.botres.com\\\/pl\\\/home\\\/\"},{\"@type\":\"ListItem\",\"position\":2,\"name\":\"Technologia\"}]},{\"@type\":\"WebSite\",\"@id\":\"https:\\\/\\\/www.botres.com\\\/#website\",\"url\":\"https:\\\/\\\/www.botres.com\\\/\",\"name\":\"Botres Global GmbH\",\"description\":\"\",\"publisher\":{\"@id\":\"https:\\\/\\\/www.botres.com\\\/#organization\"},\"potentialAction\":[{\"@type\":\"SearchAction\",\"target\":{\"@type\":\"EntryPoint\",\"urlTemplate\":\"https:\\\/\\\/www.botres.com\\\/?s={search_term_string}\"},\"query-input\":{\"@type\":\"PropertyValueSpecification\",\"valueRequired\":true,\"valueName\":\"search_term_string\"}}],\"inLanguage\":\"pl-PL\"},{\"@type\":\"Organization\",\"@id\":\"https:\\\/\\\/www.botres.com\\\/#organization\",\"name\":\"Botres Global GmbH\",\"url\":\"https:\\\/\\\/www.botres.com\\\/\",\"logo\":{\"@type\":\"ImageObject\",\"inLanguage\":\"pl-PL\",\"@id\":\"https:\\\/\\\/www.botres.com\\\/#\\\/schema\\\/logo\\\/image\\\/\",\"url\":\"https:\\\/\\\/www.botres.com\\\/wp-content\\\/uploads\\\/2024\\\/01\\\/cropped-cropped-Logo-Botres-quadratisch-scaled-1.jpg\",\"contentUrl\":\"https:\\\/\\\/www.botres.com\\\/wp-content\\\/uploads\\\/2024\\\/01\\\/cropped-cropped-Logo-Botres-quadratisch-scaled-1.jpg\",\"width\":512,\"height\":512,\"caption\":\"Botres Global GmbH\"},\"image\":{\"@id\":\"https:\\\/\\\/www.botres.com\\\/#\\\/schema\\\/logo\\\/image\\\/\"},\"sameAs\":[\"https:\\\/\\\/www.facebook.com\\\/profile.php?id=61550819780504\",\"https:\\\/\\\/www.linkedin.com\\\/company\\\/botres-global\\\/\",\"https:\\\/\\\/www.instagram.com\\\/botresglobal\\\/\"]}]}<\/script>\n<!-- \/ Yoast SEO plugin. -->","yoast_head_json":{"title":"Technologia - Botres","robots":{"index":"index","follow":"follow","max-snippet":"max-snippet:-1","max-image-preview":"max-image-preview:large","max-video-preview":"max-video-preview:-1"},"canonical":"https:\/\/www.botres.com\/pl\/technologia\/","og_locale":"pl_PL","og_type":"article","og_title":"Technologia - Botres","og_description":"Zr\u00f3wnowa\u017cona produkcja biogazu Technologia Botres Global oferuje maksymaln\u0105 elastyczno\u015b\u0107 surowcow\u0105, umo\u017cliwiaj\u0105c przetwarzanie wszystkich typ\u00f3w materia\u0142\u00f3w organicznych \u2014 od surowc\u00f3w pierwotnych po odpady i pozosta\u0142o\u015bci. Nasze instalacje multi\u2011feedstock projektujemy z zapasem mocy, co pozwala na \u0142atwe dostosowanie si\u0119 do zmieniaj\u0105cych si\u0119 strumieni wsadu.Poza klasycznym zakresem technologii biogazowych oferujemy r\u00f3wnie\u017c zaawansowane rozwi\u0105zania, takie jak produkcja biometanu, odzysk [&hellip;]","og_url":"https:\/\/www.botres.com\/pl\/technologia\/","og_site_name":"Botres","article_publisher":"https:\/\/www.facebook.com\/profile.php?id=61550819780504","article_modified_time":"2026-03-09T14:46:48+00:00","og_image":[{"width":1536,"height":1228,"url":"https:\/\/www.botres.com\/wp-content\/uploads\/2024\/01\/004-Anlage-Bilecik1-1.jpg","type":"image\/jpeg"}],"twitter_card":"summary_large_image","schema":{"@context":"https:\/\/schema.org","@graph":[{"@type":"WebPage","@id":"https:\/\/www.botres.com\/pl\/technologia\/","url":"https:\/\/www.botres.com\/pl\/technologia\/","name":"Technologia - Botres","isPartOf":{"@id":"https:\/\/www.botres.com\/#website"},"datePublished":"2024-01-23T16:27:28+00:00","dateModified":"2026-03-09T14:46:48+00:00","breadcrumb":{"@id":"https:\/\/www.botres.com\/pl\/technologia\/#breadcrumb"},"inLanguage":"pl-PL","potentialAction":[{"@type":"ReadAction","target":["https:\/\/www.botres.com\/pl\/technologia\/"]}]},{"@type":"BreadcrumbList","@id":"https:\/\/www.botres.com\/pl\/technologia\/#breadcrumb","itemListElement":[{"@type":"ListItem","position":1,"name":"Home","item":"https:\/\/www.botres.com\/pl\/home\/"},{"@type":"ListItem","position":2,"name":"Technologia"}]},{"@type":"WebSite","@id":"https:\/\/www.botres.com\/#website","url":"https:\/\/www.botres.com\/","name":"Botres Global GmbH","description":"","publisher":{"@id":"https:\/\/www.botres.com\/#organization"},"potentialAction":[{"@type":"SearchAction","target":{"@type":"EntryPoint","urlTemplate":"https:\/\/www.botres.com\/?s={search_term_string}"},"query-input":{"@type":"PropertyValueSpecification","valueRequired":true,"valueName":"search_term_string"}}],"inLanguage":"pl-PL"},{"@type":"Organization","@id":"https:\/\/www.botres.com\/#organization","name":"Botres Global GmbH","url":"https:\/\/www.botres.com\/","logo":{"@type":"ImageObject","inLanguage":"pl-PL","@id":"https:\/\/www.botres.com\/#\/schema\/logo\/image\/","url":"https:\/\/www.botres.com\/wp-content\/uploads\/2024\/01\/cropped-cropped-Logo-Botres-quadratisch-scaled-1.jpg","contentUrl":"https:\/\/www.botres.com\/wp-content\/uploads\/2024\/01\/cropped-cropped-Logo-Botres-quadratisch-scaled-1.jpg","width":512,"height":512,"caption":"Botres Global GmbH"},"image":{"@id":"https:\/\/www.botres.com\/#\/schema\/logo\/image\/"},"sameAs":["https:\/\/www.facebook.com\/profile.php?id=61550819780504","https:\/\/www.linkedin.com\/company\/botres-global\/","https:\/\/www.instagram.com\/botresglobal\/"]}]}},"_links":{"self":[{"href":"https:\/\/www.botres.com\/pl\/wp-json\/wp\/v2\/pages\/13341","targetHints":{"allow":["GET"]}}],"collection":[{"href":"https:\/\/www.botres.com\/pl\/wp-json\/wp\/v2\/pages"}],"about":[{"href":"https:\/\/www.botres.com\/pl\/wp-json\/wp\/v2\/types\/page"}],"author":[{"embeddable":true,"href":"https:\/\/www.botres.com\/pl\/wp-json\/wp\/v2\/users\/4"}],"replies":[{"embeddable":true,"href":"https:\/\/www.botres.com\/pl\/wp-json\/wp\/v2\/comments?post=13341"}],"version-history":[{"count":11,"href":"https:\/\/www.botres.com\/pl\/wp-json\/wp\/v2\/pages\/13341\/revisions"}],"predecessor-version":[{"id":13366,"href":"https:\/\/www.botres.com\/pl\/wp-json\/wp\/v2\/pages\/13341\/revisions\/13366"}],"wp:attachment":[{"href":"https:\/\/www.botres.com\/pl\/wp-json\/wp\/v2\/media?parent=13341"}],"curies":[{"name":"wp","href":"https:\/\/api.w.org\/{rel}","templated":true}]}}