{"id":13329,"date":"2025-04-24T15:24:32","date_gmt":"2025-04-24T13:24:32","guid":{"rendered":"https:\/\/www.botres.com\/references\/projekty-epc\/"},"modified":"2026-03-09T10:04:13","modified_gmt":"2026-03-09T09:04:13","slug":"projekty-epc","status":"publish","type":"page","link":"https:\/\/www.botres.com\/pl\/references\/projekty-epc\/","title":{"rendered":"Projekty EPC"},"content":{"rendered":"<p>[et_pb_section fb_built=&#8221;1&#8243; _builder_version=&#8221;4.27.0&#8243; _module_preset=&#8221;default&#8221; background_image=&#8221;https:\/\/botres.com\/wp-content\/uploads\/2024\/07\/electricity-transmission-towers-with-orange-glowing-wires-against-night-sky-scaled.jpg&#8221; background_position=&#8221;bottom_center&#8221; background_vertical_offset=&#8221;24%&#8221; background_enable_video_mp4=&#8221;off&#8221; global_colors_info=&#8221;{}&#8221;][et_pb_row _builder_version=&#8221;4.25.1&#8243; _module_preset=&#8221;default&#8221; global_colors_info=&#8221;{}&#8221;][et_pb_column type=&#8221;4_4&#8243; _builder_version=&#8221;4.25.1&#8243; _module_preset=&#8221;default&#8221; global_colors_info=&#8221;{}&#8221;][et_pb_text module_class=&#8221;accent-bold accentcolor-on-bold&#8221; _builder_version=&#8221;4.27.0&#8243; _module_preset=&#8221;default&#8221; header_font=&#8221;|||on|||||&#8221; header_text_color=&#8221;#FFFFFF&#8221; custom_margin=&#8221;5rem||5rem||false|false&#8221; header_text_shadow_style=&#8221;preset1&#8243; global_colors_info=&#8221;{}&#8221;]<\/p>\n<h1><strong>Zasilamy \u015bwiat energi\u0105 odnawialn\u0105 <\/strong><\/h1>\n<p>[\/et_pb_text][\/et_pb_column][\/et_pb_row][\/et_pb_section][et_pb_section fb_built=&#8221;1&#8243; _builder_version=&#8221;4.25.1&#8243; _module_preset=&#8221;default&#8221; global_colors_info=&#8221;{}&#8221;][et_pb_row _builder_version=&#8221;4.25.1&#8243; _module_preset=&#8221;default&#8221; global_colors_info=&#8221;{}&#8221;][et_pb_column type=&#8221;4_4&#8243; _builder_version=&#8221;4.25.1&#8243; _module_preset=&#8221;default&#8221; global_colors_info=&#8221;{}&#8221;][et_pb_text _builder_version=&#8221;4.25.1&#8243; _module_preset=&#8221;b147756b-4572-46e4-ad90-d428afb5e7e5&#8243; animation_style=&#8221;fade&#8221; animation_duration=&#8221;650ms&#8221; global_colors_info=&#8221;{}&#8221;]<\/p>\n<h1><strong>Projekty EPC<\/strong><\/h1>\n<p>[\/et_pb_text][\/et_pb_column][\/et_pb_row][et_pb_row column_structure=&#8221;1_2,1_2&#8243; _builder_version=&#8221;4.25.1&#8243; _module_preset=&#8221;default&#8221; global_colors_info=&#8221;{}&#8221;][et_pb_column type=&#8221;1_2&#8243; _builder_version=&#8221;4.25.1&#8243; _module_preset=&#8221;default&#8221; global_colors_info=&#8221;{}&#8221;][et_pb_text _builder_version=&#8221;4.25.1&#8243; _module_preset=&#8221;b147756b-4572-46e4-ad90-d428afb5e7e5&#8243; animation_style=&#8221;fade&#8221; animation_duration=&#8221;650ms&#8221; global_colors_info=&#8221;{}&#8221;]<\/p>\n<p><span>W Botres Global specjalizujemy si\u0119 w realizacji projekt\u00f3w biogazowych w modelu EPC (Engineering\u2011Procurement\u2011Construction). Projektujemy, budujemy i dostarczamy nowoczesne przemys\u0142owe instalacje biogazowe dla klient\u00f3w zewn\u0119trznych, zapewniaj\u0105c najwy\u017csze standardy jako\u015bci i efektywno\u015bci. Na \u017cyczenie oferujemy r\u00f3wnie\u017c pe\u0142ne zarz\u0105dzanie operacyjne, dostarczaj\u0105c rozwi\u0105zania \u201epod klucz\u201d, kt\u00f3re gwarantuj\u0105 optymaln\u0105 wydajno\u015b\u0107 oraz d\u0142ugoterminow\u0105 zr\u00f3wnowa\u017cono\u015b\u0107.  <\/span><\/p>\n<p>[\/et_pb_text][\/et_pb_column][et_pb_column type=&#8221;1_2&#8243; _builder_version=&#8221;4.25.1&#8243; _module_preset=&#8221;default&#8221; global_colors_info=&#8221;{}&#8221;][et_pb_image src=&#8221;https:\/\/botres.com\/wp-content\/uploads\/2024\/07\/botres-globe@2x.png&#8221; title_text=&#8221;botres-globe@2x&#8221; _builder_version=&#8221;4.25.1&#8243; _module_preset=&#8221;default&#8221; width=&#8221;600px&#8221; max_width=&#8221;100%&#8221; module_alignment=&#8221;center&#8221; global_colors_info=&#8221;{}&#8221;][\/et_pb_image][\/et_pb_column][\/et_pb_row][et_pb_row _builder_version=&#8221;4.25.1&#8243; _module_preset=&#8221;default&#8221; global_colors_info=&#8221;{}&#8221;][et_pb_column type=&#8221;4_4&#8243; _builder_version=&#8221;4.25.1&#8243; _module_preset=&#8221;default&#8221; global_colors_info=&#8221;{}&#8221;][et_pb_portfolio fullwidth=&#8221;off&#8221; include_categories=&#8221;92&#8243; _builder_version=&#8221;4.27.4&#8243; _module_preset=&#8221;default&#8221; hover_enabled=&#8221;0&#8243; global_colors_info=&#8221;{}&#8221; show_categories=&#8221;off&#8221; show_pagination=&#8221;off&#8221; sticky_enabled=&#8221;0&#8243;][\/et_pb_portfolio][\/et_pb_column][\/et_pb_row][\/et_pb_section]<\/p>\n","protected":false},"excerpt":{"rendered":"<p>Zasilamy \u015bwiat energi\u0105 odnawialn\u0105 Projekty EPCW Botres Global specjalizujemy si\u0119 w realizacji projekt\u00f3w biogazowych w modelu EPC (Engineering\u2011Procurement\u2011Construction). Projektujemy, budujemy i dostarczamy nowoczesne przemys\u0142owe instalacje biogazowe dla klient\u00f3w zewn\u0119trznych, zapewniaj\u0105c najwy\u017csze standardy jako\u015bci i efektywno\u015bci. Na \u017cyczenie oferujemy r\u00f3wnie\u017c pe\u0142ne zarz\u0105dzanie operacyjne, dostarczaj\u0105c rozwi\u0105zania \u201epod klucz\u201d, kt\u00f3re gwarantuj\u0105 optymaln\u0105 wydajno\u015b\u0107 oraz d\u0142ugoterminow\u0105 zr\u00f3wnowa\u017cono\u015b\u0107.<\/p>\n","protected":false},"author":8,"featured_media":0,"parent":13321,"menu_order":1,"comment_status":"closed","ping_status":"closed","template":"","meta":{"_acf_changed":false,"_et_pb_use_builder":"on","_et_pb_old_content":"","_et_gb_content_width":"","footnotes":""},"class_list":["post-13329","page","type-page","status-publish","hentry"],"acf":[],"yoast_head":"<!-- This site is optimized with the Yoast SEO plugin v27.4 - https:\/\/yoast.com\/product\/yoast-seo-wordpress\/ -->\n<title>Projekty EPC - Botres<\/title>\n<meta name=\"robots\" content=\"index, follow, max-snippet:-1, max-image-preview:large, max-video-preview:-1\" \/>\n<link rel=\"canonical\" href=\"https:\/\/www.botres.com\/pl\/references\/projekty-epc\/\" \/>\n<meta property=\"og:locale\" content=\"pl_PL\" \/>\n<meta property=\"og:type\" content=\"article\" \/>\n<meta property=\"og:title\" content=\"Projekty EPC - Botres\" \/>\n<meta property=\"og:description\" content=\"Zasilamy \u015bwiat energi\u0105 odnawialn\u0105 Projekty EPCW Botres Global specjalizujemy si\u0119 w realizacji projekt\u00f3w biogazowych w modelu EPC (Engineering\u2011Procurement\u2011Construction). Projektujemy, budujemy i dostarczamy nowoczesne przemys\u0142owe instalacje biogazowe dla klient\u00f3w zewn\u0119trznych, zapewniaj\u0105c najwy\u017csze standardy jako\u015bci i efektywno\u015bci. Na \u017cyczenie oferujemy r\u00f3wnie\u017c pe\u0142ne zarz\u0105dzanie operacyjne, dostarczaj\u0105c rozwi\u0105zania \u201epod klucz\u201d, kt\u00f3re gwarantuj\u0105 optymaln\u0105 wydajno\u015b\u0107 oraz d\u0142ugoterminow\u0105 zr\u00f3wnowa\u017cono\u015b\u0107.\" \/>\n<meta property=\"og:url\" content=\"https:\/\/www.botres.com\/pl\/references\/projekty-epc\/\" \/>\n<meta property=\"og:site_name\" content=\"Botres\" \/>\n<meta property=\"article:publisher\" content=\"https:\/\/www.facebook.com\/profile.php?id=61550819780504\" \/>\n<meta property=\"article:modified_time\" content=\"2026-03-09T09:04:13+00:00\" \/>\n<meta property=\"og:image\" content=\"https:\/\/www.botres.com\/wp-content\/uploads\/2024\/01\/004-Anlage-Bilecik1-1.jpg\" \/>\n\t<meta property=\"og:image:width\" content=\"1536\" \/>\n\t<meta property=\"og:image:height\" content=\"1228\" \/>\n\t<meta property=\"og:image:type\" content=\"image\/jpeg\" \/>\n<meta name=\"twitter:card\" content=\"summary_large_image\" \/>\n<script type=\"application\/ld+json\" class=\"yoast-schema-graph\">{\"@context\":\"https:\\\/\\\/schema.org\",\"@graph\":[{\"@type\":\"WebPage\",\"@id\":\"https:\\\/\\\/www.botres.com\\\/pl\\\/references\\\/projekty-epc\\\/\",\"url\":\"https:\\\/\\\/www.botres.com\\\/pl\\\/references\\\/projekty-epc\\\/\",\"name\":\"Projekty EPC - Botres\",\"isPartOf\":{\"@id\":\"https:\\\/\\\/www.botres.com\\\/#website\"},\"datePublished\":\"2025-04-24T13:24:32+00:00\",\"dateModified\":\"2026-03-09T09:04:13+00:00\",\"breadcrumb\":{\"@id\":\"https:\\\/\\\/www.botres.com\\\/pl\\\/references\\\/projekty-epc\\\/#breadcrumb\"},\"inLanguage\":\"pl-PL\",\"potentialAction\":[{\"@type\":\"ReadAction\",\"target\":[\"https:\\\/\\\/www.botres.com\\\/pl\\\/references\\\/projekty-epc\\\/\"]}]},{\"@type\":\"BreadcrumbList\",\"@id\":\"https:\\\/\\\/www.botres.com\\\/pl\\\/references\\\/projekty-epc\\\/#breadcrumb\",\"itemListElement\":[{\"@type\":\"ListItem\",\"position\":1,\"name\":\"Home\",\"item\":\"https:\\\/\\\/www.botres.com\\\/pl\\\/home\\\/\"},{\"@type\":\"ListItem\",\"position\":2,\"name\":\"Projekty\",\"item\":\"https:\\\/\\\/www.botres.com\\\/pl\\\/references\\\/\"},{\"@type\":\"ListItem\",\"position\":3,\"name\":\"Projekty EPC\"}]},{\"@type\":\"WebSite\",\"@id\":\"https:\\\/\\\/www.botres.com\\\/#website\",\"url\":\"https:\\\/\\\/www.botres.com\\\/\",\"name\":\"Botres Global GmbH\",\"description\":\"\",\"publisher\":{\"@id\":\"https:\\\/\\\/www.botres.com\\\/#organization\"},\"potentialAction\":[{\"@type\":\"SearchAction\",\"target\":{\"@type\":\"EntryPoint\",\"urlTemplate\":\"https:\\\/\\\/www.botres.com\\\/?s={search_term_string}\"},\"query-input\":{\"@type\":\"PropertyValueSpecification\",\"valueRequired\":true,\"valueName\":\"search_term_string\"}}],\"inLanguage\":\"pl-PL\"},{\"@type\":\"Organization\",\"@id\":\"https:\\\/\\\/www.botres.com\\\/#organization\",\"name\":\"Botres Global GmbH\",\"url\":\"https:\\\/\\\/www.botres.com\\\/\",\"logo\":{\"@type\":\"ImageObject\",\"inLanguage\":\"pl-PL\",\"@id\":\"https:\\\/\\\/www.botres.com\\\/#\\\/schema\\\/logo\\\/image\\\/\",\"url\":\"https:\\\/\\\/www.botres.com\\\/wp-content\\\/uploads\\\/2024\\\/01\\\/cropped-cropped-Logo-Botres-quadratisch-scaled-1.jpg\",\"contentUrl\":\"https:\\\/\\\/www.botres.com\\\/wp-content\\\/uploads\\\/2024\\\/01\\\/cropped-cropped-Logo-Botres-quadratisch-scaled-1.jpg\",\"width\":512,\"height\":512,\"caption\":\"Botres Global GmbH\"},\"image\":{\"@id\":\"https:\\\/\\\/www.botres.com\\\/#\\\/schema\\\/logo\\\/image\\\/\"},\"sameAs\":[\"https:\\\/\\\/www.facebook.com\\\/profile.php?id=61550819780504\",\"https:\\\/\\\/www.linkedin.com\\\/company\\\/botres-global\\\/\",\"https:\\\/\\\/www.instagram.com\\\/botresglobal\\\/\"]}]}<\/script>\n<!-- \/ Yoast SEO plugin. -->","yoast_head_json":{"title":"Projekty EPC - Botres","robots":{"index":"index","follow":"follow","max-snippet":"max-snippet:-1","max-image-preview":"max-image-preview:large","max-video-preview":"max-video-preview:-1"},"canonical":"https:\/\/www.botres.com\/pl\/references\/projekty-epc\/","og_locale":"pl_PL","og_type":"article","og_title":"Projekty EPC - Botres","og_description":"Zasilamy \u015bwiat energi\u0105 odnawialn\u0105 Projekty EPCW Botres Global specjalizujemy si\u0119 w realizacji projekt\u00f3w biogazowych w modelu EPC (Engineering\u2011Procurement\u2011Construction). Projektujemy, budujemy i dostarczamy nowoczesne przemys\u0142owe instalacje biogazowe dla klient\u00f3w zewn\u0119trznych, zapewniaj\u0105c najwy\u017csze standardy jako\u015bci i efektywno\u015bci. Na \u017cyczenie oferujemy r\u00f3wnie\u017c pe\u0142ne zarz\u0105dzanie operacyjne, dostarczaj\u0105c rozwi\u0105zania \u201epod klucz\u201d, kt\u00f3re gwarantuj\u0105 optymaln\u0105 wydajno\u015b\u0107 oraz d\u0142ugoterminow\u0105 zr\u00f3wnowa\u017cono\u015b\u0107.","og_url":"https:\/\/www.botres.com\/pl\/references\/projekty-epc\/","og_site_name":"Botres","article_publisher":"https:\/\/www.facebook.com\/profile.php?id=61550819780504","article_modified_time":"2026-03-09T09:04:13+00:00","og_image":[{"width":1536,"height":1228,"url":"https:\/\/www.botres.com\/wp-content\/uploads\/2024\/01\/004-Anlage-Bilecik1-1.jpg","type":"image\/jpeg"}],"twitter_card":"summary_large_image","schema":{"@context":"https:\/\/schema.org","@graph":[{"@type":"WebPage","@id":"https:\/\/www.botres.com\/pl\/references\/projekty-epc\/","url":"https:\/\/www.botres.com\/pl\/references\/projekty-epc\/","name":"Projekty EPC - Botres","isPartOf":{"@id":"https:\/\/www.botres.com\/#website"},"datePublished":"2025-04-24T13:24:32+00:00","dateModified":"2026-03-09T09:04:13+00:00","breadcrumb":{"@id":"https:\/\/www.botres.com\/pl\/references\/projekty-epc\/#breadcrumb"},"inLanguage":"pl-PL","potentialAction":[{"@type":"ReadAction","target":["https:\/\/www.botres.com\/pl\/references\/projekty-epc\/"]}]},{"@type":"BreadcrumbList","@id":"https:\/\/www.botres.com\/pl\/references\/projekty-epc\/#breadcrumb","itemListElement":[{"@type":"ListItem","position":1,"name":"Home","item":"https:\/\/www.botres.com\/pl\/home\/"},{"@type":"ListItem","position":2,"name":"Projekty","item":"https:\/\/www.botres.com\/pl\/references\/"},{"@type":"ListItem","position":3,"name":"Projekty EPC"}]},{"@type":"WebSite","@id":"https:\/\/www.botres.com\/#website","url":"https:\/\/www.botres.com\/","name":"Botres Global GmbH","description":"","publisher":{"@id":"https:\/\/www.botres.com\/#organization"},"potentialAction":[{"@type":"SearchAction","target":{"@type":"EntryPoint","urlTemplate":"https:\/\/www.botres.com\/?s={search_term_string}"},"query-input":{"@type":"PropertyValueSpecification","valueRequired":true,"valueName":"search_term_string"}}],"inLanguage":"pl-PL"},{"@type":"Organization","@id":"https:\/\/www.botres.com\/#organization","name":"Botres Global GmbH","url":"https:\/\/www.botres.com\/","logo":{"@type":"ImageObject","inLanguage":"pl-PL","@id":"https:\/\/www.botres.com\/#\/schema\/logo\/image\/","url":"https:\/\/www.botres.com\/wp-content\/uploads\/2024\/01\/cropped-cropped-Logo-Botres-quadratisch-scaled-1.jpg","contentUrl":"https:\/\/www.botres.com\/wp-content\/uploads\/2024\/01\/cropped-cropped-Logo-Botres-quadratisch-scaled-1.jpg","width":512,"height":512,"caption":"Botres Global GmbH"},"image":{"@id":"https:\/\/www.botres.com\/#\/schema\/logo\/image\/"},"sameAs":["https:\/\/www.facebook.com\/profile.php?id=61550819780504","https:\/\/www.linkedin.com\/company\/botres-global\/","https:\/\/www.instagram.com\/botresglobal\/"]}]}},"_links":{"self":[{"href":"https:\/\/www.botres.com\/pl\/wp-json\/wp\/v2\/pages\/13329","targetHints":{"allow":["GET"]}}],"collection":[{"href":"https:\/\/www.botres.com\/pl\/wp-json\/wp\/v2\/pages"}],"about":[{"href":"https:\/\/www.botres.com\/pl\/wp-json\/wp\/v2\/types\/page"}],"author":[{"embeddable":true,"href":"https:\/\/www.botres.com\/pl\/wp-json\/wp\/v2\/users\/8"}],"replies":[{"embeddable":true,"href":"https:\/\/www.botres.com\/pl\/wp-json\/wp\/v2\/comments?post=13329"}],"version-history":[{"count":2,"href":"https:\/\/www.botres.com\/pl\/wp-json\/wp\/v2\/pages\/13329\/revisions"}],"predecessor-version":[{"id":13331,"href":"https:\/\/www.botres.com\/pl\/wp-json\/wp\/v2\/pages\/13329\/revisions\/13331"}],"up":[{"embeddable":true,"href":"https:\/\/www.botres.com\/pl\/wp-json\/wp\/v2\/pages\/13321"}],"wp:attachment":[{"href":"https:\/\/www.botres.com\/pl\/wp-json\/wp\/v2\/media?parent=13329"}],"curies":[{"name":"wp","href":"https:\/\/api.w.org\/{rel}","templated":true}]}}