{"id":13326,"date":"2024-07-14T19:06:09","date_gmt":"2024-07-14T17:06:09","guid":{"rendered":"https:\/\/www.botres.com\/references\/projekty-boo\/"},"modified":"2026-03-09T10:02:04","modified_gmt":"2026-03-09T09:02:04","slug":"projekty-boo","status":"publish","type":"page","link":"https:\/\/www.botres.com\/pl\/references\/projekty-boo\/","title":{"rendered":"Projekty BOO"},"content":{"rendered":"<p>[et_pb_section fb_built=&#8221;1&#8243; _builder_version=&#8221;4.27.0&#8243; _module_preset=&#8221;default&#8221; background_image=&#8221;https:\/\/botres.com\/wp-content\/uploads\/2024\/07\/electricity-transmission-towers-with-orange-glowing-wires-against-night-sky-scaled.jpg&#8221; background_position=&#8221;bottom_center&#8221; background_vertical_offset=&#8221;24%&#8221; background_enable_video_mp4=&#8221;off&#8221; global_colors_info=&#8221;{}&#8221;][et_pb_row _builder_version=&#8221;4.25.1&#8243; _module_preset=&#8221;default&#8221; global_colors_info=&#8221;{}&#8221;][et_pb_column type=&#8221;4_4&#8243; _builder_version=&#8221;4.25.1&#8243; _module_preset=&#8221;default&#8221; global_colors_info=&#8221;{}&#8221;][et_pb_text module_class=&#8221;accent-bold accentcolor-on-bold&#8221; _builder_version=&#8221;4.27.0&#8243; _module_preset=&#8221;default&#8221; header_font=&#8221;|||on|||||&#8221; header_text_color=&#8221;#FFFFFF&#8221; custom_margin=&#8221;5rem||5rem||false|false&#8221; header_text_shadow_style=&#8221;preset1&#8243; global_colors_info=&#8221;{}&#8221;]<\/p>\n<h1><strong>Zasilamy \u015bwiat energi\u0105 odnawialn\u0105 <\/strong><\/h1>\n<p>[\/et_pb_text][\/et_pb_column][\/et_pb_row][\/et_pb_section][et_pb_section fb_built=&#8221;1&#8243; _builder_version=&#8221;4.25.1&#8243; _module_preset=&#8221;default&#8221; global_colors_info=&#8221;{}&#8221;][et_pb_row _builder_version=&#8221;4.25.1&#8243; _module_preset=&#8221;default&#8221; global_colors_info=&#8221;{}&#8221;][et_pb_column type=&#8221;4_4&#8243; _builder_version=&#8221;4.25.1&#8243; _module_preset=&#8221;default&#8221; global_colors_info=&#8221;{}&#8221;][et_pb_text _builder_version=&#8221;4.25.1&#8243; _module_preset=&#8221;b147756b-4572-46e4-ad90-d428afb5e7e5&#8243; animation_style=&#8221;fade&#8221; animation_duration=&#8221;650ms&#8221; global_colors_info=&#8221;{}&#8221;]<\/p>\n<h1><strong>PROJEKTY BOO<\/strong><\/h1>\n<p>[\/et_pb_text][\/et_pb_column][\/et_pb_row][et_pb_row column_structure=&#8221;1_2,1_2&#8243; _builder_version=&#8221;4.25.1&#8243; _module_preset=&#8221;default&#8221; global_colors_info=&#8221;{}&#8221;][et_pb_column type=&#8221;1_2&#8243; _builder_version=&#8221;4.25.1&#8243; _module_preset=&#8221;default&#8221; global_colors_info=&#8221;{}&#8221;][et_pb_text _builder_version=&#8221;4.25.1&#8243; _module_preset=&#8221;b147756b-4572-46e4-ad90-d428afb5e7e5&#8243; animation_style=&#8221;fade&#8221; animation_duration=&#8221;650ms&#8221; global_colors_info=&#8221;{}&#8221;]<\/p>\n<p><span>W Botres Global realizujemy projekty biogazowe w modelu BOO (Build\u2011Own\u2011Operate), w ramach kt\u00f3rego samodzielnie projektujemy, budujemy i eksploatujemy instalacje. Model ten pozwala nam zachowa\u0107 pe\u0142n\u0105 kontrol\u0119 nad jako\u015bci\u0105 i efektywno\u015bci\u0105 ka\u017cdej realizacji. Opr\u00f3cz budowy nowych obiekt\u00f3w przejmujemy r\u00f3wnie\u017c istniej\u0105ce biogazownie i modernizujemy je z wykorzystaniem naszej zaawansowanej technologii, zapewniaj\u0105c wy\u017csz\u0105 wydajno\u015b\u0107 oraz wyd\u0142u\u017cony okres eksploatacji.  <\/span><\/p>\n<p>[\/et_pb_text][\/et_pb_column][et_pb_column type=&#8221;1_2&#8243; _builder_version=&#8221;4.25.1&#8243; _module_preset=&#8221;default&#8221; global_colors_info=&#8221;{}&#8221;][et_pb_image src=&#8221;https:\/\/botres.com\/wp-content\/uploads\/2024\/07\/botres-globe@2x.png&#8221; title_text=&#8221;botres-globe@2x&#8221; _builder_version=&#8221;4.25.1&#8243; _module_preset=&#8221;default&#8221; width=&#8221;600px&#8221; max_width=&#8221;100%&#8221; module_alignment=&#8221;center&#8221; global_colors_info=&#8221;{}&#8221;][\/et_pb_image][\/et_pb_column][\/et_pb_row][et_pb_row _builder_version=&#8221;4.25.1&#8243; _module_preset=&#8221;default&#8221; global_colors_info=&#8221;{}&#8221;][et_pb_column type=&#8221;4_4&#8243; _builder_version=&#8221;4.25.1&#8243; _module_preset=&#8221;default&#8221; global_colors_info=&#8221;{}&#8221;][et_pb_portfolio _builder_version=&#8221;4.27.4&#8243; _module_preset=&#8221;default&#8221; include_categories=&#8221;93&#8243; posts_number=&#8221;99&#8243; fullwidth=&#8221;off&#8221; show_categories=&#8221;off&#8221; show_pagination=&#8221;off&#8221; hover_enabled=&#8221;0&#8243; sticky_enabled=&#8221;0&#8243; hover_overlay_color=&#8221;RGBA(255,255,255,0)&#8221; text_orientation=&#8221;center&#8221; title_text_align=&#8221;center&#8221; display_conditions=&#8221;W10=&#8221; disabled_on=&#8221;off|off|off&#8221; module_class=&#8221;sync-heights pa-blog-equal-height projects-sync-height&#8221;][\/et_pb_portfolio][\/et_pb_column][\/et_pb_row][\/et_pb_section]<\/p>\n","protected":false},"excerpt":{"rendered":"<p>Zasilamy \u015bwiat energi\u0105 odnawialn\u0105 PROJEKTY BOOW Botres Global realizujemy projekty biogazowe w modelu BOO (Build\u2011Own\u2011Operate), w ramach kt\u00f3rego samodzielnie projektujemy, budujemy i eksploatujemy instalacje. Model ten pozwala nam zachowa\u0107 pe\u0142n\u0105 kontrol\u0119 nad jako\u015bci\u0105 i efektywno\u015bci\u0105 ka\u017cdej realizacji. Opr\u00f3cz budowy nowych obiekt\u00f3w przejmujemy r\u00f3wnie\u017c istniej\u0105ce biogazownie i modernizujemy je z wykorzystaniem naszej zaawansowanej technologii, zapewniaj\u0105c wy\u017csz\u0105 [&hellip;]<\/p>\n","protected":false},"author":5,"featured_media":0,"parent":13321,"menu_order":1,"comment_status":"closed","ping_status":"closed","template":"","meta":{"_acf_changed":false,"_et_pb_use_builder":"on","_et_pb_old_content":"","_et_gb_content_width":"","footnotes":""},"class_list":["post-13326","page","type-page","status-publish","hentry"],"acf":[],"yoast_head":"<!-- This site is optimized with the Yoast SEO plugin v27.4 - https:\/\/yoast.com\/product\/yoast-seo-wordpress\/ -->\n<title>Projekty BOO - Botres<\/title>\n<meta name=\"robots\" content=\"index, follow, max-snippet:-1, max-image-preview:large, max-video-preview:-1\" \/>\n<link rel=\"canonical\" href=\"https:\/\/www.botres.com\/pl\/references\/projekty-boo\/\" \/>\n<meta property=\"og:locale\" content=\"pl_PL\" \/>\n<meta property=\"og:type\" content=\"article\" \/>\n<meta property=\"og:title\" content=\"Projekty BOO - Botres\" \/>\n<meta property=\"og:description\" content=\"Zasilamy \u015bwiat energi\u0105 odnawialn\u0105 PROJEKTY BOOW Botres Global realizujemy projekty biogazowe w modelu BOO (Build\u2011Own\u2011Operate), w ramach kt\u00f3rego samodzielnie projektujemy, budujemy i eksploatujemy instalacje. Model ten pozwala nam zachowa\u0107 pe\u0142n\u0105 kontrol\u0119 nad jako\u015bci\u0105 i efektywno\u015bci\u0105 ka\u017cdej realizacji. Opr\u00f3cz budowy nowych obiekt\u00f3w przejmujemy r\u00f3wnie\u017c istniej\u0105ce biogazownie i modernizujemy je z wykorzystaniem naszej zaawansowanej technologii, zapewniaj\u0105c wy\u017csz\u0105 [&hellip;]\" \/>\n<meta property=\"og:url\" content=\"https:\/\/www.botres.com\/pl\/references\/projekty-boo\/\" \/>\n<meta property=\"og:site_name\" content=\"Botres\" \/>\n<meta property=\"article:publisher\" content=\"https:\/\/www.facebook.com\/profile.php?id=61550819780504\" \/>\n<meta property=\"article:modified_time\" content=\"2026-03-09T09:02:04+00:00\" \/>\n<meta property=\"og:image\" content=\"https:\/\/www.botres.com\/wp-content\/uploads\/2024\/01\/004-Anlage-Bilecik1-1.jpg\" \/>\n\t<meta property=\"og:image:width\" content=\"1536\" \/>\n\t<meta property=\"og:image:height\" content=\"1228\" \/>\n\t<meta property=\"og:image:type\" content=\"image\/jpeg\" \/>\n<meta name=\"twitter:card\" content=\"summary_large_image\" \/>\n<script type=\"application\/ld+json\" class=\"yoast-schema-graph\">{\"@context\":\"https:\\\/\\\/schema.org\",\"@graph\":[{\"@type\":\"WebPage\",\"@id\":\"https:\\\/\\\/www.botres.com\\\/pl\\\/references\\\/projekty-boo\\\/\",\"url\":\"https:\\\/\\\/www.botres.com\\\/pl\\\/references\\\/projekty-boo\\\/\",\"name\":\"Projekty BOO - Botres\",\"isPartOf\":{\"@id\":\"https:\\\/\\\/www.botres.com\\\/#website\"},\"datePublished\":\"2024-07-14T17:06:09+00:00\",\"dateModified\":\"2026-03-09T09:02:04+00:00\",\"breadcrumb\":{\"@id\":\"https:\\\/\\\/www.botres.com\\\/pl\\\/references\\\/projekty-boo\\\/#breadcrumb\"},\"inLanguage\":\"pl-PL\",\"potentialAction\":[{\"@type\":\"ReadAction\",\"target\":[\"https:\\\/\\\/www.botres.com\\\/pl\\\/references\\\/projekty-boo\\\/\"]}]},{\"@type\":\"BreadcrumbList\",\"@id\":\"https:\\\/\\\/www.botres.com\\\/pl\\\/references\\\/projekty-boo\\\/#breadcrumb\",\"itemListElement\":[{\"@type\":\"ListItem\",\"position\":1,\"name\":\"Home\",\"item\":\"https:\\\/\\\/www.botres.com\\\/pl\\\/home\\\/\"},{\"@type\":\"ListItem\",\"position\":2,\"name\":\"Projekty\",\"item\":\"https:\\\/\\\/www.botres.com\\\/pl\\\/references\\\/\"},{\"@type\":\"ListItem\",\"position\":3,\"name\":\"Projekty BOO\"}]},{\"@type\":\"WebSite\",\"@id\":\"https:\\\/\\\/www.botres.com\\\/#website\",\"url\":\"https:\\\/\\\/www.botres.com\\\/\",\"name\":\"Botres Global GmbH\",\"description\":\"\",\"publisher\":{\"@id\":\"https:\\\/\\\/www.botres.com\\\/#organization\"},\"potentialAction\":[{\"@type\":\"SearchAction\",\"target\":{\"@type\":\"EntryPoint\",\"urlTemplate\":\"https:\\\/\\\/www.botres.com\\\/?s={search_term_string}\"},\"query-input\":{\"@type\":\"PropertyValueSpecification\",\"valueRequired\":true,\"valueName\":\"search_term_string\"}}],\"inLanguage\":\"pl-PL\"},{\"@type\":\"Organization\",\"@id\":\"https:\\\/\\\/www.botres.com\\\/#organization\",\"name\":\"Botres Global GmbH\",\"url\":\"https:\\\/\\\/www.botres.com\\\/\",\"logo\":{\"@type\":\"ImageObject\",\"inLanguage\":\"pl-PL\",\"@id\":\"https:\\\/\\\/www.botres.com\\\/#\\\/schema\\\/logo\\\/image\\\/\",\"url\":\"https:\\\/\\\/www.botres.com\\\/wp-content\\\/uploads\\\/2024\\\/01\\\/cropped-cropped-Logo-Botres-quadratisch-scaled-1.jpg\",\"contentUrl\":\"https:\\\/\\\/www.botres.com\\\/wp-content\\\/uploads\\\/2024\\\/01\\\/cropped-cropped-Logo-Botres-quadratisch-scaled-1.jpg\",\"width\":512,\"height\":512,\"caption\":\"Botres Global GmbH\"},\"image\":{\"@id\":\"https:\\\/\\\/www.botres.com\\\/#\\\/schema\\\/logo\\\/image\\\/\"},\"sameAs\":[\"https:\\\/\\\/www.facebook.com\\\/profile.php?id=61550819780504\",\"https:\\\/\\\/www.linkedin.com\\\/company\\\/botres-global\\\/\",\"https:\\\/\\\/www.instagram.com\\\/botresglobal\\\/\"]}]}<\/script>\n<!-- \/ Yoast SEO plugin. -->","yoast_head_json":{"title":"Projekty BOO - Botres","robots":{"index":"index","follow":"follow","max-snippet":"max-snippet:-1","max-image-preview":"max-image-preview:large","max-video-preview":"max-video-preview:-1"},"canonical":"https:\/\/www.botres.com\/pl\/references\/projekty-boo\/","og_locale":"pl_PL","og_type":"article","og_title":"Projekty BOO - Botres","og_description":"Zasilamy \u015bwiat energi\u0105 odnawialn\u0105 PROJEKTY BOOW Botres Global realizujemy projekty biogazowe w modelu BOO (Build\u2011Own\u2011Operate), w ramach kt\u00f3rego samodzielnie projektujemy, budujemy i eksploatujemy instalacje. Model ten pozwala nam zachowa\u0107 pe\u0142n\u0105 kontrol\u0119 nad jako\u015bci\u0105 i efektywno\u015bci\u0105 ka\u017cdej realizacji. Opr\u00f3cz budowy nowych obiekt\u00f3w przejmujemy r\u00f3wnie\u017c istniej\u0105ce biogazownie i modernizujemy je z wykorzystaniem naszej zaawansowanej technologii, zapewniaj\u0105c wy\u017csz\u0105 [&hellip;]","og_url":"https:\/\/www.botres.com\/pl\/references\/projekty-boo\/","og_site_name":"Botres","article_publisher":"https:\/\/www.facebook.com\/profile.php?id=61550819780504","article_modified_time":"2026-03-09T09:02:04+00:00","og_image":[{"width":1536,"height":1228,"url":"https:\/\/www.botres.com\/wp-content\/uploads\/2024\/01\/004-Anlage-Bilecik1-1.jpg","type":"image\/jpeg"}],"twitter_card":"summary_large_image","schema":{"@context":"https:\/\/schema.org","@graph":[{"@type":"WebPage","@id":"https:\/\/www.botres.com\/pl\/references\/projekty-boo\/","url":"https:\/\/www.botres.com\/pl\/references\/projekty-boo\/","name":"Projekty BOO - Botres","isPartOf":{"@id":"https:\/\/www.botres.com\/#website"},"datePublished":"2024-07-14T17:06:09+00:00","dateModified":"2026-03-09T09:02:04+00:00","breadcrumb":{"@id":"https:\/\/www.botres.com\/pl\/references\/projekty-boo\/#breadcrumb"},"inLanguage":"pl-PL","potentialAction":[{"@type":"ReadAction","target":["https:\/\/www.botres.com\/pl\/references\/projekty-boo\/"]}]},{"@type":"BreadcrumbList","@id":"https:\/\/www.botres.com\/pl\/references\/projekty-boo\/#breadcrumb","itemListElement":[{"@type":"ListItem","position":1,"name":"Home","item":"https:\/\/www.botres.com\/pl\/home\/"},{"@type":"ListItem","position":2,"name":"Projekty","item":"https:\/\/www.botres.com\/pl\/references\/"},{"@type":"ListItem","position":3,"name":"Projekty BOO"}]},{"@type":"WebSite","@id":"https:\/\/www.botres.com\/#website","url":"https:\/\/www.botres.com\/","name":"Botres Global GmbH","description":"","publisher":{"@id":"https:\/\/www.botres.com\/#organization"},"potentialAction":[{"@type":"SearchAction","target":{"@type":"EntryPoint","urlTemplate":"https:\/\/www.botres.com\/?s={search_term_string}"},"query-input":{"@type":"PropertyValueSpecification","valueRequired":true,"valueName":"search_term_string"}}],"inLanguage":"pl-PL"},{"@type":"Organization","@id":"https:\/\/www.botres.com\/#organization","name":"Botres Global GmbH","url":"https:\/\/www.botres.com\/","logo":{"@type":"ImageObject","inLanguage":"pl-PL","@id":"https:\/\/www.botres.com\/#\/schema\/logo\/image\/","url":"https:\/\/www.botres.com\/wp-content\/uploads\/2024\/01\/cropped-cropped-Logo-Botres-quadratisch-scaled-1.jpg","contentUrl":"https:\/\/www.botres.com\/wp-content\/uploads\/2024\/01\/cropped-cropped-Logo-Botres-quadratisch-scaled-1.jpg","width":512,"height":512,"caption":"Botres Global GmbH"},"image":{"@id":"https:\/\/www.botres.com\/#\/schema\/logo\/image\/"},"sameAs":["https:\/\/www.facebook.com\/profile.php?id=61550819780504","https:\/\/www.linkedin.com\/company\/botres-global\/","https:\/\/www.instagram.com\/botresglobal\/"]}]}},"_links":{"self":[{"href":"https:\/\/www.botres.com\/pl\/wp-json\/wp\/v2\/pages\/13326","targetHints":{"allow":["GET"]}}],"collection":[{"href":"https:\/\/www.botres.com\/pl\/wp-json\/wp\/v2\/pages"}],"about":[{"href":"https:\/\/www.botres.com\/pl\/wp-json\/wp\/v2\/types\/page"}],"author":[{"embeddable":true,"href":"https:\/\/www.botres.com\/pl\/wp-json\/wp\/v2\/users\/5"}],"replies":[{"embeddable":true,"href":"https:\/\/www.botres.com\/pl\/wp-json\/wp\/v2\/comments?post=13326"}],"version-history":[{"count":2,"href":"https:\/\/www.botres.com\/pl\/wp-json\/wp\/v2\/pages\/13326\/revisions"}],"predecessor-version":[{"id":13328,"href":"https:\/\/www.botres.com\/pl\/wp-json\/wp\/v2\/pages\/13326\/revisions\/13328"}],"up":[{"embeddable":true,"href":"https:\/\/www.botres.com\/pl\/wp-json\/wp\/v2\/pages\/13321"}],"wp:attachment":[{"href":"https:\/\/www.botres.com\/pl\/wp-json\/wp\/v2\/media?parent=13326"}],"curies":[{"name":"wp","href":"https:\/\/api.w.org\/{rel}","templated":true}]}}