{"id":13321,"date":"2024-01-23T17:33:08","date_gmt":"2024-01-23T16:33:08","guid":{"rendered":"https:\/\/www.botres.com\/references\/"},"modified":"2026-03-13T10:18:02","modified_gmt":"2026-03-13T09:18:02","slug":"references","status":"publish","type":"page","link":"https:\/\/www.botres.com\/pl\/references\/","title":{"rendered":"Projekty"},"content":{"rendered":"<p>[et_pb_section fb_built=&#8221;1&#8243; _builder_version=&#8221;4.27.4&#8243; _module_preset=&#8221;default&#8221; background_image=&#8221;https:\/\/www.botres.com\/wp-content\/uploads\/2024\/07\/electricity-transmission-towers-with-orange-glowing-wires-against-night-sky-scaled.jpg&#8221; background_position=&#8221;top_left&#8221; background_horizontal_offset=&#8221;0%&#8221; background_vertical_offset=&#8221;78%&#8221; background_enable_video_mp4=&#8221;off&#8221; global_colors_info=&#8221;{}&#8221;][et_pb_row _builder_version=&#8221;4.25.1&#8243; _module_preset=&#8221;default&#8221; global_colors_info=&#8221;{}&#8221;][et_pb_column type=&#8221;4_4&#8243; _builder_version=&#8221;4.25.1&#8243; _module_preset=&#8221;default&#8221; global_colors_info=&#8221;{}&#8221;][et_pb_text module_class=&#8221;accent-bold accentcolor-on-bold&#8221; _builder_version=&#8221;4.27.2&#8243; _module_preset=&#8221;default&#8221; header_font=&#8221;|||on|||||&#8221; header_text_color=&#8221;#FFFFFF&#8221; custom_margin=&#8221;5rem||5rem||false|false&#8221; header_text_shadow_style=&#8221;preset1&#8243; global_colors_info=&#8221;{}&#8221;]<\/p>\n<h1><strong>ZASILAMY \u015aWIAT ENERGI\u0104 ODNAWIALN\u0104<\/strong><\/h1>\n<p>[\/et_pb_text][\/et_pb_column][\/et_pb_row][\/et_pb_section][et_pb_section fb_built=&#8221;1&#8243; custom_padding_last_edited=&#8221;on|phone&#8221; _builder_version=&#8221;4.27.4&#8243; _module_preset=&#8221;default&#8221; custom_margin=&#8221;10px||||false|false&#8221; custom_margin_tablet=&#8221;10px||||false|false&#8221; custom_margin_phone=&#8221;1px||1px||false|false&#8221; custom_margin_last_edited=&#8221;on|desktop&#8221; custom_padding=&#8221;20px||106px||false|false&#8221; custom_padding_tablet=&#8221;20px||106px||false|false&#8221; custom_padding_phone=&#8221;20px||106px||false|false&#8221; global_colors_info=&#8221;{}&#8221;][et_pb_row _builder_version=&#8221;4.25.1&#8243; _module_preset=&#8221;default&#8221; global_colors_info=&#8221;{}&#8221;][et_pb_column type=&#8221;4_4&#8243; _builder_version=&#8221;4.25.1&#8243; _module_preset=&#8221;default&#8221; global_colors_info=&#8221;{}&#8221;][et_pb_text _builder_version=&#8221;4.25.1&#8243; _module_preset=&#8221;b147756b-4572-46e4-ad90-d428afb5e7e5&#8243; animation_style=&#8221;fade&#8221; animation_duration=&#8221;650ms&#8221; global_colors_info=&#8221;{}&#8221;]<\/p>\n<h1><strong>GLOBALNE PROJEKTY BIOGAZOWE<\/strong><\/h1>\n<p>[\/et_pb_text][\/et_pb_column][\/et_pb_row][et_pb_row _builder_version=&#8221;4.25.1&#8243; _module_preset=&#8221;default&#8221; global_colors_info=&#8221;{}&#8221;][et_pb_column type=&#8221;4_4&#8243; _builder_version=&#8221;4.25.1&#8243; _module_preset=&#8221;default&#8221; global_colors_info=&#8221;{}&#8221;][et_pb_text _builder_version=&#8221;4.27.4&#8243; _module_preset=&#8221;b147756b-4572-46e4-ad90-d428afb5e7e5&#8243; custom_margin_tablet=&#8221;&#8221; custom_margin_phone=&#8221;-35px||||false|false&#8221; custom_margin_last_edited=&#8221;on|phone&#8221; animation_style=&#8221;fade&#8221; animation_duration=&#8221;650ms&#8221; global_colors_info=&#8221;{}&#8221;]<\/p>\n<p>Zrealizowane przez Botres Global projekty biogazowe obejmuj\u0105 swoim zasi\u0119giem ca\u0142y \u015bwiat. Dzi\u0119ki innowacyjnym technologiom i zaawansowanym rozwi\u0105zaniom technicznym nasze instalacje przetwarzaj\u0105 ponad 1 milion ton odpad\u00f3w organicznych rocznie. Zako\u0144czone projekty generuj\u0105 \u0142\u0105cznie ponad 350 GWh energii elektrycznej ze \u017ar\u00f3de\u0142 odnawialnych ka\u017cdego roku, wnosz\u0105c istotny wk\u0142ad w redukcj\u0119 emisji gaz\u00f3w cieplarnianych oraz wspieraj\u0105c globalne cele zr\u00f3wnowa\u017conej transformacji energetycznej. <\/p>\n<p>[\/et_pb_text][et_pb_image src=&#8221;https:\/\/www.botres.com\/wp-content\/uploads\/2024\/07\/botres-globe@2x.png&#8221; title_text=&#8221;botres-globe@2x&#8221; _builder_version=&#8221;4.27.4&#8243; _module_preset=&#8221;default&#8221; width=&#8221;600px&#8221; max_width=&#8221;100%&#8221; module_alignment=&#8221;center&#8221; global_colors_info=&#8221;{}&#8221;][\/et_pb_image][\/et_pb_column][\/et_pb_row][et_pb_row _builder_version=&#8221;4.25.1&#8243; _module_preset=&#8221;default&#8221; global_colors_info=&#8221;{}&#8221;][et_pb_column type=&#8221;4_4&#8243; _builder_version=&#8221;4.25.1&#8243; _module_preset=&#8221;default&#8221; global_colors_info=&#8221;{}&#8221;][et_pb_text _builder_version=&#8221;4.27.2&#8243; _module_preset=&#8221;b147756b-4572-46e4-ad90-d428afb5e7e5&#8243; animation_style=&#8221;fade&#8221; animation_duration=&#8221;650ms&#8221; global_colors_info=&#8221;{}&#8221;]<\/p>\n<p>Biogazownie Botres to instalacje typu multi\u2011feedstock, zaprojektowane do przetwarzania r\u00f3\u017cnorodnych surowc\u00f3w organicznych \u2014 od bioodpad\u00f3w i OFMSW, po odpady spo\u017cywcze i pozosta\u0142o\u015bci rolnicze. Takie podej\u015bcie gwarantuje elastyczno\u015b\u0107 operacyjn\u0105 oraz wysok\u0105 wydajno\u015b\u0107 produkcji biogazu. <\/p>\n<p>[\/et_pb_text][\/et_pb_column][\/et_pb_row][et_pb_row _builder_version=&#8221;4.27.2&#8243; _module_preset=&#8221;default&#8221; global_colors_info=&#8221;{}&#8221;][et_pb_column type=&#8221;4_4&#8243; _builder_version=&#8221;4.27.2&#8243; _module_preset=&#8221;default&#8221; global_colors_info=&#8221;{}&#8221;][et_pb_heading title=&#8221;SPRAWD\u0179 NASZE OSTATNIE PROJEKTY &#8221; _builder_version=&#8221;4.27.4&#8243; _module_preset=&#8221;default&#8221; title_font=&#8221;&#8211;et_global_body_font|600|||||||&#8221; title_text_color=&#8221;#0096C5&#8243; background_color=&#8221;RGBA(255,255,255,0)&#8221; custom_margin_tablet=&#8221;&#8221; custom_margin_phone=&#8221;||-33px||false|false&#8221; custom_margin_last_edited=&#8221;on|phone&#8221; global_colors_info=&#8221;{}&#8221;][\/et_pb_heading][\/et_pb_column][\/et_pb_row][et_pb_row column_structure=&#8221;1_2,1_2&#8243; _builder_version=&#8221;4.27.4&#8243; _module_preset=&#8221;default&#8221; min_height=&#8221;272.8px&#8221; custom_margin=&#8221;|auto|-37px|auto||&#8221; custom_margin_tablet=&#8221;|auto|-37px|auto||&#8221; custom_margin_phone=&#8221;-130px|auto|-130px|auto|false|false&#8221; custom_margin_last_edited=&#8221;on|phone&#8221; custom_padding=&#8221;0px||0px||false|false&#8221; global_colors_info=&#8221;{}&#8221;][et_pb_column type=&#8221;1_2&#8243; _builder_version=&#8221;4.27.4&#8243; _module_preset=&#8221;default&#8221; transform_scale_tablet=&#8221;&#8221; transform_scale_phone=&#8221;46%|46%&#8221; transform_scale_last_edited=&#8221;on|phone&#8221; transform_translate_tablet=&#8221;&#8221; transform_translate_phone=&#8221;-170px|70px&#8221; transform_translate_last_edited=&#8221;on|phone&#8221; transform_rotate_tablet=&#8221;&#8221; transform_rotate_phone=&#8221;&#8221; transform_rotate_last_edited=&#8221;on|phone&#8221; transform_skew_tablet=&#8221;&#8221; transform_skew_phone=&#8221;&#8221; transform_skew_last_edited=&#8221;on|phone&#8221; transform_origin_tablet=&#8221;&#8221; transform_origin_phone=&#8221;&#8221; transform_origin_last_edited=&#8221;on|phone&#8221; transform_styles_last_edited=&#8221;on|phone&#8221; transform_styles_tablet=&#8221;&#8221; transform_styles_phone=&#8221;&#8221; global_colors_info=&#8221;{}&#8221;][dnxte_flip_box front_heading=&#8221;epc&#8221; front_heading_margin=&#8221;9px|140px|0|188px|false|false&#8221; flipbox_placement=&#8221;right&#8221; back_content=&#8221;<\/p>\n<p>ENGINEERING<br \/>PROCUREMENT<br \/>CONSTRUCTION<\/p>\n<p>&#8221; back_bgc_color=&#8221;#F6C318&#8243; back_heading_margin=&#8221;0|0|0|32px|false|false&#8221; back_content_margin=&#8221;0|0|20px|150px|false|false&#8221; back_content_padding=&#8221;20px||||false|false&#8221; front_heading_margin_tablet=&#8221;9px|140px|0|188px|false|false&#8221; front_heading_margin_phone=&#8221;|||95px|false|false&#8221; front_heading_margin_last_edited=&#8221;on|phone&#8221; _builder_version=&#8221;4.27.4&#8243; _module_preset=&#8221;default&#8221; front_flip_text_font_size=&#8221;60px&#8221; back_flip_text_font=&#8221;|600||on|||||&#8221; back_flip_text_text_align=&#8221;center&#8221; back_flip_text_text_color=&#8221;#000000&#8243; back_body_text_align=&#8221;left&#8221; back_body_text_color=&#8221;#000000&#8243; background_color=&#8221;#F6C318&#8243; max_height=&#8221;130px&#8221; custom_margin=&#8221;0px|0px|-200px||false|false&#8221; custom_padding=&#8221;||0px|||&#8221; link_option_url=&#8221;https:\/\/www.botres.com\/references\/epc-projects\/&#8221; hover_enabled=&#8221;0&#8243; border_width_all_front_icon_borders=&#8221;1px&#8221; border_color_all_front_icon_borders=&#8221;#E09900&#8243; border_style_all_front_icon_borders=&#8221;dashed&#8221; global_colors_info=&#8221;{}&#8221; sticky_enabled=&#8221;0&#8243;][\/dnxte_flip_box][\/et_pb_column][et_pb_column type=&#8221;1_2&#8243; _builder_version=&#8221;4.27.4&#8243; _module_preset=&#8221;default&#8221; transform_scale_tablet=&#8221;&#8221; transform_scale_phone=&#8221;46%|46%&#8221; transform_scale_last_edited=&#8221;on|phone&#8221; transform_translate_tablet=&#8221;&#8221; transform_translate_phone=&#8221;172px|-231px&#8221; transform_translate_last_edited=&#8221;on|phone&#8221; transform_rotate_tablet=&#8221;&#8221; transform_rotate_phone=&#8221;&#8221; transform_rotate_last_edited=&#8221;on|phone&#8221; transform_skew_tablet=&#8221;&#8221; transform_skew_phone=&#8221;&#8221; transform_skew_last_edited=&#8221;on|phone&#8221; transform_origin_tablet=&#8221;&#8221; transform_origin_phone=&#8221;&#8221; transform_origin_last_edited=&#8221;on|phone&#8221; transform_styles_last_edited=&#8221;on|phone&#8221; transform_styles_tablet=&#8221;&#8221; transform_styles_phone=&#8221;&#8221; global_colors_info=&#8221;{}&#8221;][dnxte_flip_box front_heading=&#8221;boo&#8221; front_heading_margin=&#8221;9px|163px|0|163px|false|true&#8221; front_content_padding=&#8221;|17px|||false|false&#8221; flipbox_placement=&#8221;right&#8221; back_content=&#8221;<\/p>\n<p>BUILD<br \/>OWN<br \/>OPERATE<\/p>\n<p>&#8221; back_bgc_color=&#8221;#F6C318&#8243; back_heading_margin=&#8221;0|0|0|32px|false|false&#8221; back_content_margin=&#8221;0|0|20px|150px|false|false&#8221; back_content_padding=&#8221;20px||||false|false&#8221; front_heading_margin_tablet=&#8221;9px|163px|0|163px|false|true&#8221; front_heading_margin_phone=&#8221;|97px||97px|false|true&#8221; front_heading_margin_last_edited=&#8221;on|phone&#8221; front_content_desc_padding_tablet=&#8221;&#8221; front_content_desc_padding_phone=&#8221;30px|0px|30px|0px|false|false&#8221; front_content_desc_padding_last_edited=&#8221;on|phone&#8221; _builder_version=&#8221;4.27.4&#8243; _module_preset=&#8221;default&#8221; front_flip_text_text_align=&#8221;left&#8221; front_flip_text_font_size=&#8221;60px&#8221; back_body_text_align=&#8221;left&#8221; back_body_text_color=&#8221;#000000&#8243; background_color=&#8221;#F6C318&#8243; max_height=&#8221;130px&#8221; custom_margin=&#8221;0px||-200px||false|false&#8221; custom_padding=&#8221;||0px|||&#8221; link_option_url=&#8221;https:\/\/www.botres.com\/references\/boo-projects\/&#8221; hover_enabled=&#8221;0&#8243; front_flip_text_text_align_tablet=&#8221;left&#8221; front_flip_text_text_align_phone=&#8221;center&#8221; front_flip_text_text_align_last_edited=&#8221;on|phone&#8221; front_flip_text_font_size_tablet=&#8221;60px&#8221; front_flip_text_font_size_phone=&#8221;60px&#8221; front_flip_text_font_size_last_edited=&#8221;on|phone&#8221; border_width_all_front_icon_borders=&#8221;1px&#8221; border_color_all_front_icon_borders=&#8221;#E09900&#8243; border_style_all_front_icon_borders=&#8221;dashed&#8221; global_colors_info=&#8221;{}&#8221; sticky_enabled=&#8221;0&#8243;][\/dnxte_flip_box][\/et_pb_column][\/et_pb_row][\/et_pb_section][et_pb_section fb_built=&#8221;1&#8243; _builder_version=&#8221;4.27.4&#8243; _module_preset=&#8221;default&#8221; background_color=&#8221;#F6C318&#8243; custom_margin=&#8221;16px||||false|false&#8221; global_colors_info=&#8221;{}&#8221;][et_pb_row _builder_version=&#8221;4.27.4&#8243; _module_preset=&#8221;default&#8221; global_colors_info=&#8221;{}&#8221;][et_pb_column type=&#8221;4_4&#8243; _builder_version=&#8221;4.27.4&#8243; _module_preset=&#8221;default&#8221; global_colors_info=&#8221;{}&#8221;][et_pb_image src=&#8221;https:\/\/www.botres.com\/wp-content\/uploads\/2024\/09\/Sincan-2-2.png&#8221; title_text=&#8221;Sincan 2-2&#8243; _builder_version=&#8221;4.27.4&#8243; _module_preset=&#8221;default&#8221; global_colors_info=&#8221;{}&#8221;][\/et_pb_image][\/et_pb_column][\/et_pb_row][\/et_pb_section]<\/p>\n","protected":false},"excerpt":{"rendered":"<p>ZASILAMY \u015aWIAT ENERGI\u0104 ODNAWIALN\u0104GLOBALNE PROJEKTY BIOGAZOWEZrealizowane przez Botres Global projekty biogazowe obejmuj\u0105 swoim zasi\u0119giem ca\u0142y \u015bwiat. Dzi\u0119ki innowacyjnym technologiom i zaawansowanym rozwi\u0105zaniom technicznym nasze instalacje przetwarzaj\u0105 ponad 1 milion ton odpad\u00f3w organicznych rocznie. Zako\u0144czone projekty generuj\u0105 \u0142\u0105cznie ponad 350 GWh energii elektrycznej ze \u017ar\u00f3de\u0142 odnawialnych ka\u017cdego roku, wnosz\u0105c istotny wk\u0142ad w redukcj\u0119 emisji gaz\u00f3w cieplarnianych [&hellip;]<\/p>\n","protected":false},"author":4,"featured_media":0,"parent":0,"menu_order":0,"comment_status":"closed","ping_status":"closed","template":"","meta":{"_acf_changed":false,"_et_pb_use_builder":"on","_et_pb_old_content":"","_et_gb_content_width":"","footnotes":""},"class_list":["post-13321","page","type-page","status-publish","hentry"],"acf":[],"yoast_head":"<!-- This site is optimized with the Yoast SEO plugin v27.4 - https:\/\/yoast.com\/product\/yoast-seo-wordpress\/ -->\n<title>Projekty - Botres<\/title>\n<meta name=\"robots\" content=\"index, follow, max-snippet:-1, max-image-preview:large, max-video-preview:-1\" \/>\n<link rel=\"canonical\" href=\"https:\/\/www.botres.com\/pl\/references\/\" \/>\n<meta property=\"og:locale\" content=\"pl_PL\" \/>\n<meta property=\"og:type\" content=\"article\" \/>\n<meta property=\"og:title\" content=\"Projekty - Botres\" \/>\n<meta property=\"og:description\" content=\"ZASILAMY \u015aWIAT ENERGI\u0104 ODNAWIALN\u0104GLOBALNE PROJEKTY BIOGAZOWEZrealizowane przez Botres Global projekty biogazowe obejmuj\u0105 swoim zasi\u0119giem ca\u0142y \u015bwiat. Dzi\u0119ki innowacyjnym technologiom i zaawansowanym rozwi\u0105zaniom technicznym nasze instalacje przetwarzaj\u0105 ponad 1 milion ton odpad\u00f3w organicznych rocznie. Zako\u0144czone projekty generuj\u0105 \u0142\u0105cznie ponad 350 GWh energii elektrycznej ze \u017ar\u00f3de\u0142 odnawialnych ka\u017cdego roku, wnosz\u0105c istotny wk\u0142ad w redukcj\u0119 emisji gaz\u00f3w cieplarnianych [&hellip;]\" \/>\n<meta property=\"og:url\" content=\"https:\/\/www.botres.com\/pl\/references\/\" \/>\n<meta property=\"og:site_name\" content=\"Botres\" \/>\n<meta property=\"article:publisher\" content=\"https:\/\/www.facebook.com\/profile.php?id=61550819780504\" \/>\n<meta property=\"article:modified_time\" content=\"2026-03-13T09:18:02+00:00\" \/>\n<meta property=\"og:image\" content=\"https:\/\/www.botres.com\/wp-content\/uploads\/2024\/01\/004-Anlage-Bilecik1-1.jpg\" \/>\n\t<meta property=\"og:image:width\" content=\"1536\" \/>\n\t<meta property=\"og:image:height\" content=\"1228\" \/>\n\t<meta property=\"og:image:type\" content=\"image\/jpeg\" \/>\n<meta name=\"twitter:card\" content=\"summary_large_image\" \/>\n<script type=\"application\/ld+json\" class=\"yoast-schema-graph\">{\"@context\":\"https:\\\/\\\/schema.org\",\"@graph\":[{\"@type\":\"WebPage\",\"@id\":\"https:\\\/\\\/www.botres.com\\\/pl\\\/references\\\/\",\"url\":\"https:\\\/\\\/www.botres.com\\\/pl\\\/references\\\/\",\"name\":\"Projekty - Botres\",\"isPartOf\":{\"@id\":\"https:\\\/\\\/www.botres.com\\\/#website\"},\"datePublished\":\"2024-01-23T16:33:08+00:00\",\"dateModified\":\"2026-03-13T09:18:02+00:00\",\"breadcrumb\":{\"@id\":\"https:\\\/\\\/www.botres.com\\\/pl\\\/references\\\/#breadcrumb\"},\"inLanguage\":\"pl-PL\",\"potentialAction\":[{\"@type\":\"ReadAction\",\"target\":[\"https:\\\/\\\/www.botres.com\\\/pl\\\/references\\\/\"]}]},{\"@type\":\"BreadcrumbList\",\"@id\":\"https:\\\/\\\/www.botres.com\\\/pl\\\/references\\\/#breadcrumb\",\"itemListElement\":[{\"@type\":\"ListItem\",\"position\":1,\"name\":\"Home\",\"item\":\"https:\\\/\\\/www.botres.com\\\/pl\\\/home\\\/\"},{\"@type\":\"ListItem\",\"position\":2,\"name\":\"Projekty\"}]},{\"@type\":\"WebSite\",\"@id\":\"https:\\\/\\\/www.botres.com\\\/#website\",\"url\":\"https:\\\/\\\/www.botres.com\\\/\",\"name\":\"Botres Global GmbH\",\"description\":\"\",\"publisher\":{\"@id\":\"https:\\\/\\\/www.botres.com\\\/#organization\"},\"potentialAction\":[{\"@type\":\"SearchAction\",\"target\":{\"@type\":\"EntryPoint\",\"urlTemplate\":\"https:\\\/\\\/www.botres.com\\\/?s={search_term_string}\"},\"query-input\":{\"@type\":\"PropertyValueSpecification\",\"valueRequired\":true,\"valueName\":\"search_term_string\"}}],\"inLanguage\":\"pl-PL\"},{\"@type\":\"Organization\",\"@id\":\"https:\\\/\\\/www.botres.com\\\/#organization\",\"name\":\"Botres Global GmbH\",\"url\":\"https:\\\/\\\/www.botres.com\\\/\",\"logo\":{\"@type\":\"ImageObject\",\"inLanguage\":\"pl-PL\",\"@id\":\"https:\\\/\\\/www.botres.com\\\/#\\\/schema\\\/logo\\\/image\\\/\",\"url\":\"https:\\\/\\\/www.botres.com\\\/wp-content\\\/uploads\\\/2024\\\/01\\\/cropped-cropped-Logo-Botres-quadratisch-scaled-1.jpg\",\"contentUrl\":\"https:\\\/\\\/www.botres.com\\\/wp-content\\\/uploads\\\/2024\\\/01\\\/cropped-cropped-Logo-Botres-quadratisch-scaled-1.jpg\",\"width\":512,\"height\":512,\"caption\":\"Botres Global GmbH\"},\"image\":{\"@id\":\"https:\\\/\\\/www.botres.com\\\/#\\\/schema\\\/logo\\\/image\\\/\"},\"sameAs\":[\"https:\\\/\\\/www.facebook.com\\\/profile.php?id=61550819780504\",\"https:\\\/\\\/www.linkedin.com\\\/company\\\/botres-global\\\/\",\"https:\\\/\\\/www.instagram.com\\\/botresglobal\\\/\"]}]}<\/script>\n<!-- \/ Yoast SEO plugin. -->","yoast_head_json":{"title":"Projekty - Botres","robots":{"index":"index","follow":"follow","max-snippet":"max-snippet:-1","max-image-preview":"max-image-preview:large","max-video-preview":"max-video-preview:-1"},"canonical":"https:\/\/www.botres.com\/pl\/references\/","og_locale":"pl_PL","og_type":"article","og_title":"Projekty - Botres","og_description":"ZASILAMY \u015aWIAT ENERGI\u0104 ODNAWIALN\u0104GLOBALNE PROJEKTY BIOGAZOWEZrealizowane przez Botres Global projekty biogazowe obejmuj\u0105 swoim zasi\u0119giem ca\u0142y \u015bwiat. Dzi\u0119ki innowacyjnym technologiom i zaawansowanym rozwi\u0105zaniom technicznym nasze instalacje przetwarzaj\u0105 ponad 1 milion ton odpad\u00f3w organicznych rocznie. Zako\u0144czone projekty generuj\u0105 \u0142\u0105cznie ponad 350 GWh energii elektrycznej ze \u017ar\u00f3de\u0142 odnawialnych ka\u017cdego roku, wnosz\u0105c istotny wk\u0142ad w redukcj\u0119 emisji gaz\u00f3w cieplarnianych [&hellip;]","og_url":"https:\/\/www.botres.com\/pl\/references\/","og_site_name":"Botres","article_publisher":"https:\/\/www.facebook.com\/profile.php?id=61550819780504","article_modified_time":"2026-03-13T09:18:02+00:00","og_image":[{"width":1536,"height":1228,"url":"https:\/\/www.botres.com\/wp-content\/uploads\/2024\/01\/004-Anlage-Bilecik1-1.jpg","type":"image\/jpeg"}],"twitter_card":"summary_large_image","schema":{"@context":"https:\/\/schema.org","@graph":[{"@type":"WebPage","@id":"https:\/\/www.botres.com\/pl\/references\/","url":"https:\/\/www.botres.com\/pl\/references\/","name":"Projekty - Botres","isPartOf":{"@id":"https:\/\/www.botres.com\/#website"},"datePublished":"2024-01-23T16:33:08+00:00","dateModified":"2026-03-13T09:18:02+00:00","breadcrumb":{"@id":"https:\/\/www.botres.com\/pl\/references\/#breadcrumb"},"inLanguage":"pl-PL","potentialAction":[{"@type":"ReadAction","target":["https:\/\/www.botres.com\/pl\/references\/"]}]},{"@type":"BreadcrumbList","@id":"https:\/\/www.botres.com\/pl\/references\/#breadcrumb","itemListElement":[{"@type":"ListItem","position":1,"name":"Home","item":"https:\/\/www.botres.com\/pl\/home\/"},{"@type":"ListItem","position":2,"name":"Projekty"}]},{"@type":"WebSite","@id":"https:\/\/www.botres.com\/#website","url":"https:\/\/www.botres.com\/","name":"Botres Global GmbH","description":"","publisher":{"@id":"https:\/\/www.botres.com\/#organization"},"potentialAction":[{"@type":"SearchAction","target":{"@type":"EntryPoint","urlTemplate":"https:\/\/www.botres.com\/?s={search_term_string}"},"query-input":{"@type":"PropertyValueSpecification","valueRequired":true,"valueName":"search_term_string"}}],"inLanguage":"pl-PL"},{"@type":"Organization","@id":"https:\/\/www.botres.com\/#organization","name":"Botres Global GmbH","url":"https:\/\/www.botres.com\/","logo":{"@type":"ImageObject","inLanguage":"pl-PL","@id":"https:\/\/www.botres.com\/#\/schema\/logo\/image\/","url":"https:\/\/www.botres.com\/wp-content\/uploads\/2024\/01\/cropped-cropped-Logo-Botres-quadratisch-scaled-1.jpg","contentUrl":"https:\/\/www.botres.com\/wp-content\/uploads\/2024\/01\/cropped-cropped-Logo-Botres-quadratisch-scaled-1.jpg","width":512,"height":512,"caption":"Botres Global GmbH"},"image":{"@id":"https:\/\/www.botres.com\/#\/schema\/logo\/image\/"},"sameAs":["https:\/\/www.facebook.com\/profile.php?id=61550819780504","https:\/\/www.linkedin.com\/company\/botres-global\/","https:\/\/www.instagram.com\/botresglobal\/"]}]}},"_links":{"self":[{"href":"https:\/\/www.botres.com\/pl\/wp-json\/wp\/v2\/pages\/13321","targetHints":{"allow":["GET"]}}],"collection":[{"href":"https:\/\/www.botres.com\/pl\/wp-json\/wp\/v2\/pages"}],"about":[{"href":"https:\/\/www.botres.com\/pl\/wp-json\/wp\/v2\/types\/page"}],"author":[{"embeddable":true,"href":"https:\/\/www.botres.com\/pl\/wp-json\/wp\/v2\/users\/4"}],"replies":[{"embeddable":true,"href":"https:\/\/www.botres.com\/pl\/wp-json\/wp\/v2\/comments?post=13321"}],"version-history":[{"count":5,"href":"https:\/\/www.botres.com\/pl\/wp-json\/wp\/v2\/pages\/13321\/revisions"}],"predecessor-version":[{"id":13434,"href":"https:\/\/www.botres.com\/pl\/wp-json\/wp\/v2\/pages\/13321\/revisions\/13434"}],"wp:attachment":[{"href":"https:\/\/www.botres.com\/pl\/wp-json\/wp\/v2\/media?parent=13321"}],"curies":[{"name":"wp","href":"https:\/\/api.w.org\/{rel}","templated":true}]}}