{"id":13262,"date":"2024-01-23T17:21:52","date_gmt":"2024-01-23T16:21:52","guid":{"rendered":"https:\/\/www.botres.com\/o-nas\/media\/"},"modified":"2026-03-06T09:39:12","modified_gmt":"2026-03-06T08:39:12","slug":"media","status":"publish","type":"page","link":"https:\/\/www.botres.com\/pl\/o-nas\/media\/","title":{"rendered":"Media"},"content":{"rendered":"<p>[et_pb_section fb_built=&#8221;1&#8243; _builder_version=&#8221;4.27.0&#8243; _module_preset=&#8221;default&#8221; background_image=&#8221;https:\/\/www.botres.com\/wp-content\/uploads\/2024\/01\/media.jpg&#8221; background_enable_video_mp4=&#8221;off&#8221; global_colors_info=&#8221;{}&#8221;][et_pb_row _builder_version=&#8221;4.25.1&#8243; _module_preset=&#8221;default&#8221; global_colors_info=&#8221;{}&#8221;][et_pb_column type=&#8221;4_4&#8243; _builder_version=&#8221;4.25.1&#8243; _module_preset=&#8221;default&#8221; global_colors_info=&#8221;{}&#8221;][et_pb_text module_class=&#8221;accent-bold accentcolor-on-bold&#8221; _builder_version=&#8221;4.27.0&#8243; _module_preset=&#8221;default&#8221; header_font=&#8221;|||on|||||&#8221; header_text_color=&#8221;#FFFFFF&#8221; custom_margin=&#8221;5rem||5rem||false|false&#8221; header_text_shadow_style=&#8221;preset1&#8243; global_colors_info=&#8221;{}&#8221;]<\/p>\n<h1>Aby znale\u017a\u0107 wi\u0119cej informacji na temat naszej firmy <br \/>kliknij tutaj<\/h1>\n<p>[\/et_pb_text][\/et_pb_column][\/et_pb_row][\/et_pb_section][et_pb_section fb_built=&#8221;1&#8243; _builder_version=&#8221;4.25.1&#8243; _module_preset=&#8221;default&#8221; global_colors_info=&#8221;{}&#8221;][et_pb_row _builder_version=&#8221;4.25.1&#8243; _module_preset=&#8221;default&#8221; global_colors_info=&#8221;{}&#8221;][et_pb_column type=&#8221;4_4&#8243; _builder_version=&#8221;4.25.1&#8243; _module_preset=&#8221;default&#8221; global_colors_info=&#8221;{}&#8221;][et_pb_text _builder_version=&#8221;4.27.0&#8243; _module_preset=&#8221;b147756b-4572-46e4-ad90-d428afb5e7e5&#8243; animation_style=&#8221;fade&#8221; animation_duration=&#8221;650ms&#8221; global_colors_info=&#8221;{}&#8221;]<\/p>\n<h1><strong>ULOTKI<\/strong><\/h1>\n<p>[\/et_pb_text][\/et_pb_column][\/et_pb_row][et_pb_row column_structure=&#8221;1_3,1_3,1_3&#8243; _builder_version=&#8221;4.27.0&#8243; _module_preset=&#8221;default&#8221; global_colors_info=&#8221;{}&#8221;][et_pb_column type=&#8221;1_3&#8243; _builder_version=&#8221;4.27.0&#8243; _module_preset=&#8221;default&#8221; global_colors_info=&#8221;{}&#8221;][et_pb_text _builder_version=&#8221;4.27.0&#8243; _module_preset=&#8221;default&#8221; global_colors_info=&#8221;{}&#8221;]<div class=\"_df_thumb \" id=\"df_2913\"  _slug=\"botres-brochure-2024-en-2\" data-title=\"botres-brochure-2024-en\" wpoptions=\"true\" thumb=\"https:\/\/www.botres.com\/wp-content\/uploads\/2024\/08\/Botres-Brochure-2024-EN-Cover.jpg\" thumbtype=\"\" >Botres Brochure 2024 EN<\/div><script class=\"df-shortcode-script\" nowprocket type=\"application\/javascript\">window.option_df_2913 = {\"outline\":[],\"autoEnableOutline\":\"false\",\"autoEnableThumbnail\":\"false\",\"overwritePDFOutline\":\"false\",\"direction\":\"1\",\"pageSize\":\"0\",\"source\":\"https:\\\/\\\/botres.com\\\/wp-content\\\/uploads\\\/2024\\\/08\\\/botres_ulotka_2024_04_v2_DRUK_final-v2_English_SMALL-1.pdf\",\"wpOptions\":\"true\"}; if(window.DFLIP && window.DFLIP.parseBooks){window.DFLIP.parseBooks();}<\/script>[\/et_pb_text][et_pb_text _builder_version=&#8221;4.27.2&#8243; _module_preset=&#8221;default&#8221; hover_enabled=&#8221;0&#8243; sticky_enabled=&#8221;0&#8243;]<\/p>\n<h2>j. angielski<\/h2>\n<p>[\/et_pb_text][\/et_pb_column][et_pb_column type=&#8221;1_3&#8243; _builder_version=&#8221;4.27.0&#8243; _module_preset=&#8221;default&#8221; global_colors_info=&#8221;{}&#8221;][et_pb_text _builder_version=&#8221;4.27.0&#8243; _module_preset=&#8221;default&#8221; global_colors_info=&#8221;{}&#8221;]<div class=\"_df_thumb \" id=\"df_2902\"  _slug=\"botres-brochure-2024-de\" data-title=\"botres-brochure-2024-de\" wpoptions=\"true\" thumb=\"https:\/\/botres.com\/wp-content\/uploads\/2024\/08\/Botres-Brochure-2024-DE-Cover.jpg\" thumbtype=\"\" >Botres Brochure 2024 DE<\/div><script class=\"df-shortcode-script\" nowprocket type=\"application\/javascript\">window.option_df_2902 = {\"outline\":[],\"autoEnableOutline\":\"false\",\"autoEnableThumbnail\":\"false\",\"overwritePDFOutline\":\"false\",\"direction\":\"1\",\"pageSize\":\"0\",\"source\":\"https:\\\/\\\/botres.com\\\/wp-content\\\/uploads\\\/2024\\\/08\\\/botres_folder_2024_04_v2_DRUK_final-v2_German_SMALL.pdf\",\"wpOptions\":\"true\"}; if(window.DFLIP && window.DFLIP.parseBooks){window.DFLIP.parseBooks();}<\/script>[\/et_pb_text][et_pb_text _builder_version=&#8221;4.27.2&#8243; _module_preset=&#8221;default&#8221; hover_enabled=&#8221;0&#8243; sticky_enabled=&#8221;0&#8243;]<\/p>\n<h2>j. niemiecki<\/h2>\n<p>[\/et_pb_text][\/et_pb_column][et_pb_column type=&#8221;1_3&#8243; _builder_version=&#8221;4.27.0&#8243; _module_preset=&#8221;default&#8221; global_colors_info=&#8221;{}&#8221;][et_pb_text _builder_version=&#8221;4.27.0&#8243; _module_preset=&#8221;default&#8221; global_colors_info=&#8221;{}&#8221;]<div class=\"_df_thumb \" id=\"df_2523\"  _slug=\"botres-brochure-2024-en\" data-title=\"botres-brochure-2024-es\" wpoptions=\"true\" thumb=\"https:\/\/www.botres.com\/wp-content\/uploads\/2024\/08\/Botres-Brochure-2024-ES-Cover.jpg\" thumbtype=\"\" >Botres Brochure 2024 ES<\/div><script class=\"df-shortcode-script\" nowprocket type=\"application\/javascript\">window.option_df_2523 = {\"outline\":[],\"autoEnableOutline\":\"false\",\"autoEnableThumbnail\":\"false\",\"overwritePDFOutline\":\"false\",\"direction\":\"1\",\"pageSize\":\"0\",\"source\":\"https:\\\/\\\/botres.com\\\/wp-content\\\/uploads\\\/2024\\\/08\\\/botres_folder_2024_04_v2_DRUK_final-v2_Spanish_SMALL.pdf\",\"wpOptions\":\"true\"}; if(window.DFLIP && window.DFLIP.parseBooks){window.DFLIP.parseBooks();}<\/script>[\/et_pb_text][et_pb_text _builder_version=&#8221;4.27.2&#8243; _module_preset=&#8221;default&#8221; hover_enabled=&#8221;0&#8243; sticky_enabled=&#8221;0&#8243;]<\/p>\n<h2>j. hiszpa\u0144ski<\/h2>\n<p>[\/et_pb_text][\/et_pb_column][\/et_pb_row][et_pb_row column_structure=&#8221;1_3,1_3,1_3&#8243; _builder_version=&#8221;4.27.0&#8243; _module_preset=&#8221;default&#8221; global_colors_info=&#8221;{}&#8221;][et_pb_column type=&#8221;1_3&#8243; _builder_version=&#8221;4.27.0&#8243; _module_preset=&#8221;default&#8221; global_colors_info=&#8221;{}&#8221;][et_pb_text _builder_version=&#8221;4.27.0&#8243; _module_preset=&#8221;default&#8221; global_colors_info=&#8221;{}&#8221;]<div class=\"_df_thumb \" id=\"df_2907\"  _slug=\"botres-brochure-2024-fr\" data-title=\"botres-brochure-2024-fr\" wpoptions=\"true\" thumb=\"https:\/\/www.botres.com\/wp-content\/uploads\/2024\/08\/Botres-Brochure-2024-FR-Cover.jpg\" thumbtype=\"\" >Botres Brochure 2024 FR<\/div><script class=\"df-shortcode-script\" nowprocket type=\"application\/javascript\">window.option_df_2907 = {\"outline\":[],\"autoEnableOutline\":\"false\",\"autoEnableThumbnail\":\"false\",\"overwritePDFOutline\":\"false\",\"direction\":\"1\",\"pageSize\":\"0\",\"source\":\"https:\\\/\\\/botres.com\\\/wp-content\\\/uploads\\\/2024\\\/08\\\/botres_folder_2024_04_v2_DRUK_final-v2_French_SMALL.pdf\",\"wpOptions\":\"true\"}; if(window.DFLIP && window.DFLIP.parseBooks){window.DFLIP.parseBooks();}<\/script>[\/et_pb_text][et_pb_text _builder_version=&#8221;4.27.2&#8243; _module_preset=&#8221;default&#8221; hover_enabled=&#8221;0&#8243; sticky_enabled=&#8221;0&#8243;]<\/p>\n<h2>j. francuski<\/h2>\n<p>[\/et_pb_text][\/et_pb_column][et_pb_column type=&#8221;1_3&#8243; _builder_version=&#8221;4.27.0&#8243; _module_preset=&#8221;default&#8221; global_colors_info=&#8221;{}&#8221;][et_pb_text _builder_version=&#8221;4.27.0&#8243; _module_preset=&#8221;default&#8221; global_colors_info=&#8221;{}&#8221;]<div class=\"_df_thumb \" id=\"df_2911\"  _slug=\"botres-brochure-2024-pl\" data-title=\"botres-brochure-2024-pl\" wpoptions=\"true\" thumb=\"https:\/\/www.botres.com\/wp-content\/uploads\/2024\/08\/Botres-Brochure-2024-PL-Cover-1.jpg\" thumbtype=\"\" >Botres Brochure 2024 PL<\/div><script class=\"df-shortcode-script\" nowprocket type=\"application\/javascript\">window.option_df_2911 = {\"outline\":[],\"autoEnableOutline\":\"false\",\"autoEnableThumbnail\":\"false\",\"overwritePDFOutline\":\"false\",\"direction\":\"1\",\"pageSize\":\"0\",\"source\":\"https:\\\/\\\/botres.com\\\/wp-content\\\/uploads\\\/2024\\\/08\\\/botres_folder_2024_04_v2_DRUK_final-v2_Polish_SMALL.pdf\",\"wpOptions\":\"true\"}; if(window.DFLIP && window.DFLIP.parseBooks){window.DFLIP.parseBooks();}<\/script>[\/et_pb_text][et_pb_text _builder_version=&#8221;4.27.2&#8243; _module_preset=&#8221;default&#8221; hover_enabled=&#8221;0&#8243; sticky_enabled=&#8221;0&#8243;]<\/p>\n<h2>j. polski<\/h2>\n<p>[\/et_pb_text][\/et_pb_column][et_pb_column type=&#8221;1_3&#8243; _builder_version=&#8221;4.27.0&#8243; _module_preset=&#8221;default&#8221; global_colors_info=&#8221;{}&#8221;][et_pb_text _builder_version=&#8221;4.27.0&#8243; _module_preset=&#8221;default&#8221; global_colors_info=&#8221;{}&#8221;]<div class=\"_df_thumb \" id=\"df_2909\"  _slug=\"botres-brochure-2024-it\" data-title=\"botres-brochure-2024-it\" wpoptions=\"true\" thumb=\"https:\/\/www.botres.com\/wp-content\/uploads\/2024\/08\/Botres-Brochure-2024-IT-Cover-1.jpg\" thumbtype=\"\" >Botres Brochure 2024 IT<\/div><script class=\"df-shortcode-script\" nowprocket type=\"application\/javascript\">window.option_df_2909 = {\"outline\":[],\"autoEnableOutline\":\"false\",\"autoEnableThumbnail\":\"false\",\"overwritePDFOutline\":\"false\",\"direction\":\"1\",\"pageSize\":\"0\",\"source\":\"https:\\\/\\\/botres.com\\\/wp-content\\\/uploads\\\/2024\\\/08\\\/botres_folder_2024_04_v2_DRUK_final-v2_Italian_SMALL.pdf\",\"wpOptions\":\"true\"}; if(window.DFLIP && window.DFLIP.parseBooks){window.DFLIP.parseBooks();}<\/script>[\/et_pb_text][et_pb_text _builder_version=&#8221;4.27.2&#8243; _module_preset=&#8221;default&#8221; hover_enabled=&#8221;0&#8243; sticky_enabled=&#8221;0&#8243;]<\/p>\n<h2>j. w\u0142oski<\/h2>\n<p>[\/et_pb_text][\/et_pb_column][\/et_pb_row][\/et_pb_section][et_pb_section fb_built=&#8221;1&#8243; _builder_version=&#8221;4.25.1&#8243; _module_preset=&#8221;default&#8221; custom_padding=&#8221;44px|||||&#8221; global_module=&#8221;1987&#8243; saved_tabs=&#8221;all&#8221; global_colors_info=&#8221;{}&#8221;][et_pb_row _builder_version=&#8221;4.27.0&#8243; _module_preset=&#8221;default&#8221; global_module=&#8221;3279&#8243; global_colors_info=&#8221;{}&#8221;][et_pb_column type=&#8221;4_4&#8243; _builder_version=&#8221;4.27.0&#8243; _module_preset=&#8221;default&#8221; global_colors_info=&#8221;{}&#8221;][et_pb_text _builder_version=&#8221;4.27.2&#8243; _module_preset=&#8221;b147756b-4572-46e4-ad90-d428afb5e7e5&#8243; animation_style=&#8221;fade&#8221; animation_duration=&#8221;650ms&#8221; global_colors_info=&#8221;{}&#8221;]<\/p>\n<h2><strong>AKTUALNO\u015aCI<\/strong><\/h2>\n<p>[\/et_pb_text][dnxte_blog_slider order=&#8221;DESC&#8221; excerpt_length=&#8221;40&#8243; dnxte_blogslider_spacebetween=&#8221;36&#8243; _builder_version=&#8221;4.27.0&#8243; _module_preset=&#8221;default&#8221; custom_margin=&#8221;3rem||||false|false&#8221; global_colors_info=&#8221;{}&#8221;][\/dnxte_blog_slider][\/et_pb_column][\/et_pb_row][\/et_pb_section]<\/p>\n","protected":false},"excerpt":{"rendered":"<p>Aby znale\u017a\u0107 wi\u0119cej informacji na temat naszej firmy kliknij tutajULOTKI<div class=\"_df_thumb \" id=\"df_2913\"  _slug=\"botres-brochure-2024-en-2\" data-title=\"botres-brochure-2024-en\" wpoptions=\"true\" thumb=\"https:\/\/www.botres.com\/wp-content\/uploads\/2024\/08\/Botres-Brochure-2024-EN-Cover.jpg\" thumbtype=\"\" >Botres Brochure 2024 EN<\/div><script class=\"df-shortcode-script\" nowprocket type=\"application\/javascript\">window.option_df_2913 = {\"outline\":[],\"autoEnableOutline\":\"false\",\"autoEnableThumbnail\":\"false\",\"overwritePDFOutline\":\"false\",\"direction\":\"1\",\"pageSize\":\"0\",\"source\":\"https:\\\/\\\/botres.com\\\/wp-content\\\/uploads\\\/2024\\\/08\\\/botres_ulotka_2024_04_v2_DRUK_final-v2_English_SMALL-1.pdf\",\"wpOptions\":\"true\"}; if(window.DFLIP && window.DFLIP.parseBooks){window.DFLIP.parseBooks();}<\/script>j. angielski<div class=\"_df_thumb \" id=\"df_2902\"  _slug=\"botres-brochure-2024-de\" data-title=\"botres-brochure-2024-de\" wpoptions=\"true\" thumb=\"https:\/\/botres.com\/wp-content\/uploads\/2024\/08\/Botres-Brochure-2024-DE-Cover.jpg\" thumbtype=\"\" >Botres Brochure 2024 DE<\/div><script class=\"df-shortcode-script\" nowprocket type=\"application\/javascript\">window.option_df_2902 = {\"outline\":[],\"autoEnableOutline\":\"false\",\"autoEnableThumbnail\":\"false\",\"overwritePDFOutline\":\"false\",\"direction\":\"1\",\"pageSize\":\"0\",\"source\":\"https:\\\/\\\/botres.com\\\/wp-content\\\/uploads\\\/2024\\\/08\\\/botres_folder_2024_04_v2_DRUK_final-v2_German_SMALL.pdf\",\"wpOptions\":\"true\"}; if(window.DFLIP && window.DFLIP.parseBooks){window.DFLIP.parseBooks();}<\/script>j. niemiecki<div class=\"_df_thumb \" id=\"df_2523\"  _slug=\"botres-brochure-2024-en\" data-title=\"botres-brochure-2024-es\" wpoptions=\"true\" thumb=\"https:\/\/www.botres.com\/wp-content\/uploads\/2024\/08\/Botres-Brochure-2024-ES-Cover.jpg\" thumbtype=\"\" >Botres Brochure 2024 ES<\/div><script class=\"df-shortcode-script\" nowprocket type=\"application\/javascript\">window.option_df_2523 = {\"outline\":[],\"autoEnableOutline\":\"false\",\"autoEnableThumbnail\":\"false\",\"overwritePDFOutline\":\"false\",\"direction\":\"1\",\"pageSize\":\"0\",\"source\":\"https:\\\/\\\/botres.com\\\/wp-content\\\/uploads\\\/2024\\\/08\\\/botres_folder_2024_04_v2_DRUK_final-v2_Spanish_SMALL.pdf\",\"wpOptions\":\"true\"}; if(window.DFLIP && window.DFLIP.parseBooks){window.DFLIP.parseBooks();}<\/script>j. hiszpa\u0144ski<div class=\"_df_thumb \" id=\"df_2907\"  _slug=\"botres-brochure-2024-fr\" data-title=\"botres-brochure-2024-fr\" wpoptions=\"true\" thumb=\"https:\/\/www.botres.com\/wp-content\/uploads\/2024\/08\/Botres-Brochure-2024-FR-Cover.jpg\" thumbtype=\"\" >Botres Brochure 2024 FR<\/div><script class=\"df-shortcode-script\" nowprocket type=\"application\/javascript\">window.option_df_2907 = {\"outline\":[],\"autoEnableOutline\":\"false\",\"autoEnableThumbnail\":\"false\",\"overwritePDFOutline\":\"false\",\"direction\":\"1\",\"pageSize\":\"0\",\"source\":\"https:\\\/\\\/botres.com\\\/wp-content\\\/uploads\\\/2024\\\/08\\\/botres_folder_2024_04_v2_DRUK_final-v2_French_SMALL.pdf\",\"wpOptions\":\"true\"}; if(window.DFLIP && window.DFLIP.parseBooks){window.DFLIP.parseBooks();}<\/script>j. francuski<div class=\"_df_thumb \" id=\"df_2911\"  _slug=\"botres-brochure-2024-pl\" data-title=\"botres-brochure-2024-pl\" wpoptions=\"true\" thumb=\"https:\/\/www.botres.com\/wp-content\/uploads\/2024\/08\/Botres-Brochure-2024-PL-Cover-1.jpg\" thumbtype=\"\" >Botres Brochure 2024 PL<\/div><script class=\"df-shortcode-script\" nowprocket type=\"application\/javascript\">window.option_df_2911 = {\"outline\":[],\"autoEnableOutline\":\"false\",\"autoEnableThumbnail\":\"false\",\"overwritePDFOutline\":\"false\",\"direction\":\"1\",\"pageSize\":\"0\",\"source\":\"https:\\\/\\\/botres.com\\\/wp-content\\\/uploads\\\/2024\\\/08\\\/botres_folder_2024_04_v2_DRUK_final-v2_Polish_SMALL.pdf\",\"wpOptions\":\"true\"}; if(window.DFLIP && window.DFLIP.parseBooks){window.DFLIP.parseBooks();}<\/script>j. polski<div class=\"_df_thumb \" id=\"df_2909\"  _slug=\"botres-brochure-2024-it\" data-title=\"botres-brochure-2024-it\" wpoptions=\"true\" thumb=\"https:\/\/www.botres.com\/wp-content\/uploads\/2024\/08\/Botres-Brochure-2024-IT-Cover-1.jpg\" thumbtype=\"\" >Botres Brochure 2024 IT<\/div><script class=\"df-shortcode-script\" nowprocket type=\"application\/javascript\">window.option_df_2909 = {\"outline\":[],\"autoEnableOutline\":\"false\",\"autoEnableThumbnail\":\"false\",\"overwritePDFOutline\":\"false\",\"direction\":\"1\",\"pageSize\":\"0\",\"source\":\"https:\\\/\\\/botres.com\\\/wp-content\\\/uploads\\\/2024\\\/08\\\/botres_folder_2024_04_v2_DRUK_final-v2_Italian_SMALL.pdf\",\"wpOptions\":\"true\"}; if(window.DFLIP && window.DFLIP.parseBooks){window.DFLIP.parseBooks();}<\/script>j. w\u0142oskiAKTUALNO\u015aCI<div class=\"et_pb_module dnxte_blog_slider dnxte_blog_slider_0\">\n\t\t\t\t\n\t\t\t\t\n\t\t\t\t\n\t\t\t\t\n\t\t\t\t\n\t\t\t\t\n\t\t\t\t<div class=\"et_pb_module_inner\">\n\t\t\t\t\t<div class=\"dnxte_blog_slider_container  arrow-position-bottom\">\n                <div class=\"swiper-container dnxte-blog-carousel-slide-active is_equal_height_on\"\n                data-autoheight=\"off\" data-speed=\"400\" data-center=\"off\" data-autoplay=\"\" \n                data-breakpoints=\"3|1|1\" data-space-between=\"36|1|1\" \n                data-grab-cursor=\"on\" data-loop=\"off\" data-delay=\"5000\" data-pagination-type=\"bullets\" \n                data-pagination-bullets=\"on\" data-clickable=\"on\" data-keyboardenable=\"on\" \n                data-mouse=\"on\" data-direction=\"horizontal\" data-pauseonhover=\"\" data-covershadow=\"off\" data-coverrotate=\"0\" data-coverstretch=\"0\" data-coverdepth=\"0\">\n                    <div class=\"swiper-wrapper mb-30 dnxte-blog-carousel-layout-one\">\n                        \n                        <div class=\"entry\">\n\t<h2 class=\"not-found-title\">Nie znaleziono \u017cadnych wynik\u00f3w<\/h2>\n\t<p>Nie znaleziono szukanej strony. Prosz\u0119 spr\u00f3bowa\u0107 innej definicji wyszukiwania lub zlokalizowa\u0107 wpis przy u\u017cyciu nawigacji powy\u017cej.<\/p>\n<\/div>\n\n                    <\/div>\n                    <div class=\"swiper-pagination swiper-pagination-bullets swiper-pagination-bullets-dynamic mt-10\"><\/div>\n                <\/div>\n                \n                <div class=\"swiper-button-prev dnxte_blogslider_arrows_outer_left\" data-icon=\"prev\"><\/div>\n                    <div class=\"swiper-button-next dnxte_blogslider_arrows_outer_right\" data-icon=\"next\"><\/div>\n            <\/div>\n\t\t\t\t<\/div>\n\t\t\t<\/div><\/p>\n","protected":false},"author":4,"featured_media":0,"parent":13240,"menu_order":0,"comment_status":"closed","ping_status":"open","template":"","meta":{"_acf_changed":false,"_et_pb_use_builder":"on","_et_pb_old_content":"","_et_gb_content_width":"","footnotes":""},"class_list":["post-13262","page","type-page","status-publish","hentry"],"acf":[],"yoast_head":"<!-- This site is optimized with the Yoast SEO plugin v27.4 - https:\/\/yoast.com\/product\/yoast-seo-wordpress\/ -->\n<title>Media - Botres<\/title>\n<meta name=\"robots\" content=\"index, follow, max-snippet:-1, max-image-preview:large, max-video-preview:-1\" \/>\n<link rel=\"canonical\" href=\"https:\/\/www.botres.com\/pl\/o-nas\/media\/\" \/>\n<meta property=\"og:locale\" content=\"pl_PL\" \/>\n<meta property=\"og:type\" content=\"article\" \/>\n<meta property=\"og:title\" content=\"Media - Botres\" \/>\n<meta property=\"og:description\" content=\"Aby znale\u017a\u0107 wi\u0119cej informacji na temat naszej firmy kliknij tutajULOTKIj. angielskij. niemieckij. hiszpa\u0144skij. francuskij. polskij. w\u0142oskiAKTUALNO\u015aCI\" \/>\n<meta property=\"og:url\" content=\"https:\/\/www.botres.com\/pl\/o-nas\/media\/\" \/>\n<meta property=\"og:site_name\" content=\"Botres\" \/>\n<meta property=\"article:publisher\" content=\"https:\/\/www.facebook.com\/profile.php?id=61550819780504\" \/>\n<meta property=\"article:modified_time\" content=\"2026-03-06T08:39:12+00:00\" \/>\n<meta property=\"og:image\" content=\"https:\/\/www.botres.com\/wp-content\/uploads\/2024\/01\/004-Anlage-Bilecik1-1.jpg\" \/>\n\t<meta property=\"og:image:width\" content=\"1536\" \/>\n\t<meta property=\"og:image:height\" content=\"1228\" \/>\n\t<meta property=\"og:image:type\" content=\"image\/jpeg\" \/>\n<meta name=\"twitter:card\" content=\"summary_large_image\" \/>\n<script type=\"application\/ld+json\" class=\"yoast-schema-graph\">{\"@context\":\"https:\\\/\\\/schema.org\",\"@graph\":[{\"@type\":\"WebPage\",\"@id\":\"https:\\\/\\\/www.botres.com\\\/pl\\\/o-nas\\\/media\\\/\",\"url\":\"https:\\\/\\\/www.botres.com\\\/pl\\\/o-nas\\\/media\\\/\",\"name\":\"Media - Botres\",\"isPartOf\":{\"@id\":\"https:\\\/\\\/www.botres.com\\\/#website\"},\"datePublished\":\"2024-01-23T16:21:52+00:00\",\"dateModified\":\"2026-03-06T08:39:12+00:00\",\"breadcrumb\":{\"@id\":\"https:\\\/\\\/www.botres.com\\\/pl\\\/o-nas\\\/media\\\/#breadcrumb\"},\"inLanguage\":\"pl-PL\",\"potentialAction\":[{\"@type\":\"ReadAction\",\"target\":[\"https:\\\/\\\/www.botres.com\\\/pl\\\/o-nas\\\/media\\\/\"]}]},{\"@type\":\"BreadcrumbList\",\"@id\":\"https:\\\/\\\/www.botres.com\\\/pl\\\/o-nas\\\/media\\\/#breadcrumb\",\"itemListElement\":[{\"@type\":\"ListItem\",\"position\":1,\"name\":\"Home\",\"item\":\"https:\\\/\\\/www.botres.com\\\/pl\\\/home\\\/\"},{\"@type\":\"ListItem\",\"position\":2,\"name\":\"O nas\",\"item\":\"https:\\\/\\\/www.botres.com\\\/pl\\\/o-nas\\\/\"},{\"@type\":\"ListItem\",\"position\":3,\"name\":\"Media\"}]},{\"@type\":\"WebSite\",\"@id\":\"https:\\\/\\\/www.botres.com\\\/#website\",\"url\":\"https:\\\/\\\/www.botres.com\\\/\",\"name\":\"Botres Global GmbH\",\"description\":\"\",\"publisher\":{\"@id\":\"https:\\\/\\\/www.botres.com\\\/#organization\"},\"potentialAction\":[{\"@type\":\"SearchAction\",\"target\":{\"@type\":\"EntryPoint\",\"urlTemplate\":\"https:\\\/\\\/www.botres.com\\\/?s={search_term_string}\"},\"query-input\":{\"@type\":\"PropertyValueSpecification\",\"valueRequired\":true,\"valueName\":\"search_term_string\"}}],\"inLanguage\":\"pl-PL\"},{\"@type\":\"Organization\",\"@id\":\"https:\\\/\\\/www.botres.com\\\/#organization\",\"name\":\"Botres Global GmbH\",\"url\":\"https:\\\/\\\/www.botres.com\\\/\",\"logo\":{\"@type\":\"ImageObject\",\"inLanguage\":\"pl-PL\",\"@id\":\"https:\\\/\\\/www.botres.com\\\/#\\\/schema\\\/logo\\\/image\\\/\",\"url\":\"https:\\\/\\\/www.botres.com\\\/wp-content\\\/uploads\\\/2024\\\/01\\\/cropped-cropped-Logo-Botres-quadratisch-scaled-1.jpg\",\"contentUrl\":\"https:\\\/\\\/www.botres.com\\\/wp-content\\\/uploads\\\/2024\\\/01\\\/cropped-cropped-Logo-Botres-quadratisch-scaled-1.jpg\",\"width\":512,\"height\":512,\"caption\":\"Botres Global GmbH\"},\"image\":{\"@id\":\"https:\\\/\\\/www.botres.com\\\/#\\\/schema\\\/logo\\\/image\\\/\"},\"sameAs\":[\"https:\\\/\\\/www.facebook.com\\\/profile.php?id=61550819780504\",\"https:\\\/\\\/www.linkedin.com\\\/company\\\/botres-global\\\/\",\"https:\\\/\\\/www.instagram.com\\\/botresglobal\\\/\"]}]}<\/script>\n<!-- \/ Yoast SEO plugin. -->","yoast_head_json":{"title":"Media - Botres","robots":{"index":"index","follow":"follow","max-snippet":"max-snippet:-1","max-image-preview":"max-image-preview:large","max-video-preview":"max-video-preview:-1"},"canonical":"https:\/\/www.botres.com\/pl\/o-nas\/media\/","og_locale":"pl_PL","og_type":"article","og_title":"Media - Botres","og_description":"Aby znale\u017a\u0107 wi\u0119cej informacji na temat naszej firmy kliknij tutajULOTKIj. angielskij. niemieckij. hiszpa\u0144skij. francuskij. polskij. w\u0142oskiAKTUALNO\u015aCI","og_url":"https:\/\/www.botres.com\/pl\/o-nas\/media\/","og_site_name":"Botres","article_publisher":"https:\/\/www.facebook.com\/profile.php?id=61550819780504","article_modified_time":"2026-03-06T08:39:12+00:00","og_image":[{"width":1536,"height":1228,"url":"https:\/\/www.botres.com\/wp-content\/uploads\/2024\/01\/004-Anlage-Bilecik1-1.jpg","type":"image\/jpeg"}],"twitter_card":"summary_large_image","schema":{"@context":"https:\/\/schema.org","@graph":[{"@type":"WebPage","@id":"https:\/\/www.botres.com\/pl\/o-nas\/media\/","url":"https:\/\/www.botres.com\/pl\/o-nas\/media\/","name":"Media - Botres","isPartOf":{"@id":"https:\/\/www.botres.com\/#website"},"datePublished":"2024-01-23T16:21:52+00:00","dateModified":"2026-03-06T08:39:12+00:00","breadcrumb":{"@id":"https:\/\/www.botres.com\/pl\/o-nas\/media\/#breadcrumb"},"inLanguage":"pl-PL","potentialAction":[{"@type":"ReadAction","target":["https:\/\/www.botres.com\/pl\/o-nas\/media\/"]}]},{"@type":"BreadcrumbList","@id":"https:\/\/www.botres.com\/pl\/o-nas\/media\/#breadcrumb","itemListElement":[{"@type":"ListItem","position":1,"name":"Home","item":"https:\/\/www.botres.com\/pl\/home\/"},{"@type":"ListItem","position":2,"name":"O nas","item":"https:\/\/www.botres.com\/pl\/o-nas\/"},{"@type":"ListItem","position":3,"name":"Media"}]},{"@type":"WebSite","@id":"https:\/\/www.botres.com\/#website","url":"https:\/\/www.botres.com\/","name":"Botres Global GmbH","description":"","publisher":{"@id":"https:\/\/www.botres.com\/#organization"},"potentialAction":[{"@type":"SearchAction","target":{"@type":"EntryPoint","urlTemplate":"https:\/\/www.botres.com\/?s={search_term_string}"},"query-input":{"@type":"PropertyValueSpecification","valueRequired":true,"valueName":"search_term_string"}}],"inLanguage":"pl-PL"},{"@type":"Organization","@id":"https:\/\/www.botres.com\/#organization","name":"Botres Global GmbH","url":"https:\/\/www.botres.com\/","logo":{"@type":"ImageObject","inLanguage":"pl-PL","@id":"https:\/\/www.botres.com\/#\/schema\/logo\/image\/","url":"https:\/\/www.botres.com\/wp-content\/uploads\/2024\/01\/cropped-cropped-Logo-Botres-quadratisch-scaled-1.jpg","contentUrl":"https:\/\/www.botres.com\/wp-content\/uploads\/2024\/01\/cropped-cropped-Logo-Botres-quadratisch-scaled-1.jpg","width":512,"height":512,"caption":"Botres Global GmbH"},"image":{"@id":"https:\/\/www.botres.com\/#\/schema\/logo\/image\/"},"sameAs":["https:\/\/www.facebook.com\/profile.php?id=61550819780504","https:\/\/www.linkedin.com\/company\/botres-global\/","https:\/\/www.instagram.com\/botresglobal\/"]}]}},"_links":{"self":[{"href":"https:\/\/www.botres.com\/pl\/wp-json\/wp\/v2\/pages\/13262","targetHints":{"allow":["GET"]}}],"collection":[{"href":"https:\/\/www.botres.com\/pl\/wp-json\/wp\/v2\/pages"}],"about":[{"href":"https:\/\/www.botres.com\/pl\/wp-json\/wp\/v2\/types\/page"}],"author":[{"embeddable":true,"href":"https:\/\/www.botres.com\/pl\/wp-json\/wp\/v2\/users\/4"}],"replies":[{"embeddable":true,"href":"https:\/\/www.botres.com\/pl\/wp-json\/wp\/v2\/comments?post=13262"}],"version-history":[{"count":3,"href":"https:\/\/www.botres.com\/pl\/wp-json\/wp\/v2\/pages\/13262\/revisions"}],"predecessor-version":[{"id":13286,"href":"https:\/\/www.botres.com\/pl\/wp-json\/wp\/v2\/pages\/13262\/revisions\/13286"}],"up":[{"embeddable":true,"href":"https:\/\/www.botres.com\/pl\/wp-json\/wp\/v2\/pages\/13240"}],"wp:attachment":[{"href":"https:\/\/www.botres.com\/pl\/wp-json\/wp\/v2\/media?parent=13262"}],"curies":[{"name":"wp","href":"https:\/\/api.w.org\/{rel}","templated":true}]}}