{"id":3521,"date":"2024-07-14T17:36:13","date_gmt":"2024-07-14T15:36:13","guid":{"rendered":"https:\/\/botres.com\/produkte\/gaerrestbehandlung-duenger\/"},"modified":"2025-05-08T11:06:13","modified_gmt":"2025-05-08T09:06:13","slug":"gaerrestbehandlung-duenger","status":"publish","type":"page","link":"https:\/\/www.botres.com\/de\/technology\/gaerrestbehandlung-duenger\/","title":{"rendered":"G\u00e4rrestbehandlung &amp; D\u00fcnger"},"content":{"rendered":"<p>[et_pb_section fb_built=&#8220;1&#8243; _builder_version=&#8220;4.27.4&#8243; _module_preset=&#8220;default&#8220; background_image=&#8220;https:\/\/www.botres.com\/wp-content\/uploads\/2024\/09\/Sincan-2-2.png&#8220; background_enable_video_mp4=&#8220;off&#8220; global_colors_info=&#8220;{}&#8220;][et_pb_row _builder_version=&#8220;4.25.1&#8243; _module_preset=&#8220;default&#8220; global_colors_info=&#8220;{}&#8220;][et_pb_column type=&#8220;4_4&#8243; _builder_version=&#8220;4.25.1&#8243; _module_preset=&#8220;default&#8220; global_colors_info=&#8220;{}&#8220;][et_pb_text module_class=&#8220;accent-bold accentcolor-on-bold&#8220; _builder_version=&#8220;4.27.0&#8243; _module_preset=&#8220;default&#8220; header_font=&#8220;|||on|||||&#8220; header_text_color=&#8220;#FFFFFF&#8220; custom_margin=&#8220;5rem||5rem||false|false&#8220; header_text_shadow_style=&#8220;preset1&#8243; global_colors_info=&#8220;{}&#8220;]<\/p>\n<h1><strong>BIOGAS AUF NACHHALTIGE WEISE ERZEUGEN<\/strong> <\/h1>\n<p>[\/et_pb_text][\/et_pb_column][\/et_pb_row][\/et_pb_section][et_pb_section fb_built=&#8220;1&#8243; _builder_version=&#8220;4.25.1&#8243; _module_preset=&#8220;default&#8220; custom_padding=&#8220;||0px|||&#8220; global_colors_info=&#8220;{}&#8220;][et_pb_row _builder_version=&#8220;4.25.1&#8243; _module_preset=&#8220;default&#8220; global_colors_info=&#8220;{}&#8220;][et_pb_column type=&#8220;4_4&#8243; _builder_version=&#8220;4.25.1&#8243; _module_preset=&#8220;default&#8220; global_colors_info=&#8220;{}&#8220;][et_pb_text _builder_version=&#8220;4.27.4&#8243; _module_preset=&#8220;b147756b-4572-46e4-ad90-d428afb5e7e5&#8243; header_font=&#8220;|||on|||||&#8220; animation_style=&#8220;fade&#8220; animation_duration=&#8220;650ms&#8220; global_colors_info=&#8220;{}&#8220;]<\/p>\n<h1><strong>G\u00e4rrestbehandlung &amp; D\u00fcnger<\/strong><\/h1>\n<p>[\/et_pb_text][\/et_pb_column][\/et_pb_row][\/et_pb_section][et_pb_section fb_built=&#8220;1&#8243; _builder_version=&#8220;4.25.1&#8243; _module_preset=&#8220;default&#8220; global_colors_info=&#8220;{}&#8220;][et_pb_row column_structure=&#8220;3_5,2_5&#8243; _builder_version=&#8220;4.25.1&#8243; _module_preset=&#8220;default&#8220; global_colors_info=&#8220;{}&#8220;][et_pb_column type=&#8220;3_5&#8243; _builder_version=&#8220;4.25.1&#8243; _module_preset=&#8220;default&#8220; global_colors_info=&#8220;{}&#8220;][et_pb_text _builder_version=&#8220;4.27.2&#8243; _module_preset=&#8220;b147756b-4572-46e4-ad90-d428afb5e7e5&#8243; animation_style=&#8220;fade&#8220; animation_duration=&#8220;650ms&#8220; global_colors_info=&#8220;{}&#8220;]<\/p>\n<p>In vielen l\u00e4ndlichen Regionen ist es noch immer \u00fcblich, dass Landwirte Rinder- oder Schweineg\u00fclle direkt auf die Felder ausbringen, um die Bodenfruchtbarkeit und die Ernteertr\u00e4ge zu steigern. Dieses Verfahren hat jedoch einige Nachteile, darunter Methanemissionen, die zum Klimawandel beitragen, Grundwasserverschmutzung und unangenehme Ger\u00fcche in der Umgebung.<\/p>\n<p>Es gibt jedoch eine wesentlich umweltfreundlichere Alternative zur Verbesserung der Bodenfruchtbarkeit. Bei der anaeroben Verg\u00e4rung in Biogasanlagen produzieren Bakterien Methan und hinterlassen eine n\u00e4hrstoffreiche Fl\u00fcssigkeit, den sogenannten G\u00e4rrest. Das Recycling und die Wiederverwendung von organischem Material als G\u00e4rr\u00fcckstand bietet erhebliche \u00f6kologische und wirtschaftliche Vorteile.<\/p>\n<p>Der gr\u00f6\u00dfte Vorteil von G\u00e4rrest ist die drastische Reduzierung von Treibhausgasemissionen. Als D\u00fcnger oder Kompost ausgebracht, bereichern G\u00e4rreste den Boden, ohne sch\u00e4dliche Gase in die Atmosph\u00e4re abzugeben.<\/p>\n<p>Als Komplettanbieter f\u00fcr Biogasanlagen sorgen wir nicht nur f\u00fcr eine effiziente Biogas- und Biomethanproduktion, sondern bieten auch umfassende Dienstleistungen rund um die G\u00e4rrestaufbereitung an. Dazu geh\u00f6ren die Trennung in fl\u00fcssige und feste Fraktionen sowie die Reduzierung des Wassergehalts, um Transport und Lagerung zu erleichtern. Unser Hygienisierungsverfahren beseitigt zudem Krankheitserreger und sorgt daf\u00fcr, dass nur hochwertiger D\u00fcnger auf die Felder gelangt. Das verbessert die Bodenqualit\u00e4t, spart Kosten und schont die Umwelt.<\/p>\n<p>&nbsp;<\/p>\n<p>[\/et_pb_text][\/et_pb_column][et_pb_column type=&#8220;2_5&#8243; _builder_version=&#8220;4.25.1&#8243; _module_preset=&#8220;default&#8220; global_colors_info=&#8220;{}&#8220;][et_pb_image src=&#8220;https:\/\/botres.com\/wp-content\/uploads\/2024\/07\/bunch-good-soil-hands-ground-background-scaled.jpg&#8220; title_text=&#8220;Erde in der Hand&#8220; _builder_version=&#8220;4.25.1&#8243; _module_preset=&#8220;default&#8220; global_colors_info=&#8220;{}&#8220;][\/et_pb_image][et_pb_image src=&#8220;https:\/\/botres.com\/wp-content\/uploads\/2024\/07\/Solutions-digestate-treatment-2.jpg&#8220; title_text=&#8220;Solutions digestate treatment 2&#8243; _builder_version=&#8220;4.25.1&#8243; _module_preset=&#8220;default&#8220; global_colors_info=&#8220;{}&#8220;][\/et_pb_image][et_pb_image src=&#8220;https:\/\/botres.com\/wp-content\/uploads\/2024\/07\/close-up-seedling-dirt-scaled.jpg&#8220; title_text=&#8220;close-up-seedling-dirt&#8220; _builder_version=&#8220;4.25.1&#8243; _module_preset=&#8220;default&#8220; global_colors_info=&#8220;{}&#8220;][\/et_pb_image][\/et_pb_column][\/et_pb_row][et_pb_row _builder_version=&#8220;4.27.0&#8243; _module_preset=&#8220;default&#8220; global_colors_info=&#8220;{}&#8220;][et_pb_column type=&#8220;4_4&#8243; _builder_version=&#8220;4.27.0&#8243; _module_preset=&#8220;default&#8220; global_colors_info=&#8220;{}&#8220;][et_pb_text _builder_version=&#8220;4.27.4&#8243; _module_preset=&#8220;default&#8220; header_2_text_color=&#8220;#0096C5&#8243; global_colors_info=&#8220;{}&#8220;]<\/p>\n<h2><strong>ABWASSERBEHANDLUNG \u2013 BOTRES LOX-TECHNOLOGIE: DIE IDEALE ERG\u00c4NZUNG ZUM BIOGASPROZESS<\/strong><\/h2>\n<p>[\/et_pb_text][\/et_pb_column][\/et_pb_row][et_pb_row column_structure=&#8220;3_5,2_5&#8243; _builder_version=&#8220;4.27.0&#8243; _module_preset=&#8220;default&#8220; global_colors_info=&#8220;{}&#8220;][et_pb_column type=&#8220;3_5&#8243; _builder_version=&#8220;4.27.0&#8243; _module_preset=&#8220;default&#8220; global_colors_info=&#8220;{}&#8220;][et_pb_text _builder_version=&#8220;4.27.2&#8243; _module_preset=&#8220;default&#8220; global_colors_info=&#8220;{}&#8220;]<\/p>\n<p>Die Abwassertechnologie von Botres Global f\u00fcr hochkonzentrierte Ammoniakstr\u00f6me bietet eine kosteng\u00fcnstige Alternative zu herk\u00f6mmlichen Nitrifikations-\/Denitrifikationssystemen. Unser innovatives Verfahren besteht aus drei Stufen, darunter eine aerobe und anoxische biologische Behandlung des G\u00e4rrests, kombiniert mit anschlie\u00dfender Ultrafiltration (UF) und optionaler Umkehrosmose (RO). Diese Methode reduziert den Energieverbrauch erheblich, macht externe organische Kohlenstoffquellen \u00fcberfl\u00fcssig und wandelt Ammoniak effizient in gasf\u00f6rmigen Stickstoff um. Durch die Integration dieses Systems in die Biogasproduktion steigern wir die Gesamteffizienz und schaffen eine nachhaltige, geschlossene L\u00f6sung f\u00fcr das Abfall- und Energiemanagement.<\/p>\n<p>[\/et_pb_text][\/et_pb_column][et_pb_column type=&#8220;2_5&#8243; _builder_version=&#8220;4.27.0&#8243; _module_preset=&#8220;default&#8220; global_colors_info=&#8220;{}&#8220;][et_pb_image src=&#8220;https:\/\/www.botres.com\/wp-content\/uploads\/2024\/10\/water-treatment-plant-clean-water-bright-future_110373-9221-scaled.jpg&#8220; title_text=&#8220;water-treatment-plant-clean-water-bright-future_110373-9221&#8243; _builder_version=&#8220;4.27.4&#8243; _module_preset=&#8220;default&#8220; hover_enabled=&#8220;0&#8243; global_colors_info=&#8220;{}&#8220; sticky_enabled=&#8220;0&#8243;][\/et_pb_image][\/et_pb_column][\/et_pb_row][\/et_pb_section][et_pb_section fb_built=&#8220;1&#8243; _builder_version=&#8220;4.27.0&#8243; _module_preset=&#8220;default&#8220; background_color=&#8220;#0096C5&#8243; custom_padding=&#8220;0px||0px|||&#8220; global_colors_info=&#8220;{}&#8220;][et_pb_row _builder_version=&#8220;4.25.1&#8243; _module_preset=&#8220;default&#8220; global_colors_info=&#8220;{}&#8220;][et_pb_column type=&#8220;4_4&#8243; _builder_version=&#8220;4.25.1&#8243; _module_preset=&#8220;default&#8220; global_colors_info=&#8220;{}&#8220;][et_pb_text _builder_version=&#8220;4.27.0&#8243; _module_preset=&#8220;7c58e020-85d6-488e-bb3b-9e82c1e6fe6d&#8220; global_colors_info=&#8220;{}&#8220;]<\/p>\n<h2 style=\"text-align: left;\">MINERALD\u00dcNGER DURCH G\u00c4RRESTE ERSETZEN \u2013 F\u00dcR EINE BESSERE UMWELT<\/h2>\n<p>[\/et_pb_text][\/et_pb_column][\/et_pb_row][\/et_pb_section][et_pb_section fb_built=&#8220;1&#8243; _builder_version=&#8220;4.25.1&#8243; _module_preset=&#8220;default&#8220; custom_padding=&#8220;44px|||||&#8220; saved_tabs=&#8220;all&#8220; global_colors_info=&#8220;{}&#8220;][et_pb_row _builder_version=&#8220;4.27.0&#8243; _module_preset=&#8220;default&#8220; global_colors_info=&#8220;{}&#8220;][et_pb_column type=&#8220;4_4&#8243; _builder_version=&#8220;4.27.0&#8243; _module_preset=&#8220;default&#8220; global_colors_info=&#8220;{}&#8220;][et_pb_text _builder_version=&#8220;4.27.2&#8243; _module_preset=&#8220;b147756b-4572-46e4-ad90-d428afb5e7e5&#8243; animation_style=&#8220;fade&#8220; animation_duration=&#8220;650ms&#8220; global_colors_info=&#8220;{}&#8220;]<\/p>\n<h2><strong>Aktuelles<\/strong><\/h2>\n<p>[\/et_pb_text][dnxte_blog_slider order=&#8220;DESC&#8220; excerpt_length=&#8220;40&#8243; dnxte_blogslider_spacebetween=&#8220;36&#8243; _builder_version=&#8220;4.27.0&#8243; _module_preset=&#8220;default&#8220; custom_margin=&#8220;3rem||||false|false&#8220; global_colors_info=&#8220;{}&#8220;][\/dnxte_blog_slider][\/et_pb_column][\/et_pb_row][\/et_pb_section]<\/p>\n","protected":false},"excerpt":{"rendered":"<p>BIOGAS AUF NACHHALTIGE WEISE ERZEUGEN G\u00e4rrestbehandlung &amp; D\u00fcngerIn vielen l\u00e4ndlichen Regionen ist es noch immer \u00fcblich, dass Landwirte Rinder- oder Schweineg\u00fclle direkt auf die Felder ausbringen, um die Bodenfruchtbarkeit und die Ernteertr\u00e4ge zu steigern. Dieses Verfahren hat jedoch einige Nachteile, darunter Methanemissionen, die zum Klimawandel beitragen, Grundwasserverschmutzung und unangenehme Ger\u00fcche in der Umgebung. Es gibt [&hellip;]<\/p>\n","protected":false},"author":5,"featured_media":0,"parent":1875,"menu_order":6,"comment_status":"closed","ping_status":"closed","template":"","meta":{"_acf_changed":false,"_et_pb_use_builder":"on","_et_pb_old_content":"","_et_gb_content_width":"","footnotes":""},"class_list":["post-3521","page","type-page","status-publish","hentry"],"acf":[],"yoast_head":"<!-- This site is optimized with the Yoast SEO plugin v27.4 - https:\/\/yoast.com\/product\/yoast-seo-wordpress\/ -->\n<title>G\u00e4rrestbehandlung &amp; D\u00fcnger - Botres<\/title>\n<meta name=\"robots\" content=\"index, follow, max-snippet:-1, max-image-preview:large, max-video-preview:-1\" \/>\n<link rel=\"canonical\" href=\"https:\/\/www.botres.com\/de\/technology\/gaerrestbehandlung-duenger\/\" \/>\n<meta property=\"og:locale\" content=\"de_DE\" \/>\n<meta property=\"og:type\" content=\"article\" \/>\n<meta property=\"og:title\" content=\"G\u00e4rrestbehandlung &amp; D\u00fcnger - Botres\" \/>\n<meta property=\"og:description\" content=\"BIOGAS AUF NACHHALTIGE WEISE ERZEUGEN G\u00e4rrestbehandlung &amp; D\u00fcngerIn vielen l\u00e4ndlichen Regionen ist es noch immer \u00fcblich, dass Landwirte Rinder- oder Schweineg\u00fclle direkt auf die Felder ausbringen, um die Bodenfruchtbarkeit und die Ernteertr\u00e4ge zu steigern. Dieses Verfahren hat jedoch einige Nachteile, darunter Methanemissionen, die zum Klimawandel beitragen, Grundwasserverschmutzung und unangenehme Ger\u00fcche in der Umgebung. Es gibt [&hellip;]\" \/>\n<meta property=\"og:url\" content=\"https:\/\/www.botres.com\/de\/technology\/gaerrestbehandlung-duenger\/\" \/>\n<meta property=\"og:site_name\" content=\"Botres\" \/>\n<meta property=\"article:publisher\" content=\"https:\/\/www.facebook.com\/profile.php?id=61550819780504\" \/>\n<meta property=\"article:modified_time\" content=\"2025-05-08T09:06:13+00:00\" \/>\n<meta property=\"og:image\" content=\"https:\/\/www.botres.com\/wp-content\/uploads\/2024\/01\/004-Anlage-Bilecik1-1.jpg\" \/>\n\t<meta property=\"og:image:width\" content=\"1536\" \/>\n\t<meta property=\"og:image:height\" content=\"1228\" \/>\n\t<meta property=\"og:image:type\" content=\"image\/jpeg\" \/>\n<meta name=\"twitter:card\" content=\"summary_large_image\" \/>\n<script type=\"application\/ld+json\" class=\"yoast-schema-graph\">{\"@context\":\"https:\\\/\\\/schema.org\",\"@graph\":[{\"@type\":\"WebPage\",\"@id\":\"https:\\\/\\\/www.botres.com\\\/de\\\/technology\\\/gaerrestbehandlung-duenger\\\/\",\"url\":\"https:\\\/\\\/www.botres.com\\\/de\\\/technology\\\/gaerrestbehandlung-duenger\\\/\",\"name\":\"G\u00e4rrestbehandlung &amp; D\u00fcnger - Botres\",\"isPartOf\":{\"@id\":\"https:\\\/\\\/www.botres.com\\\/#website\"},\"datePublished\":\"2024-07-14T15:36:13+00:00\",\"dateModified\":\"2025-05-08T09:06:13+00:00\",\"breadcrumb\":{\"@id\":\"https:\\\/\\\/www.botres.com\\\/de\\\/technology\\\/gaerrestbehandlung-duenger\\\/#breadcrumb\"},\"inLanguage\":\"de\",\"potentialAction\":[{\"@type\":\"ReadAction\",\"target\":[\"https:\\\/\\\/www.botres.com\\\/de\\\/technology\\\/gaerrestbehandlung-duenger\\\/\"]}]},{\"@type\":\"BreadcrumbList\",\"@id\":\"https:\\\/\\\/www.botres.com\\\/de\\\/technology\\\/gaerrestbehandlung-duenger\\\/#breadcrumb\",\"itemListElement\":[{\"@type\":\"ListItem\",\"position\":1,\"name\":\"Home\",\"item\":\"https:\\\/\\\/www.botres.com\\\/de\\\/\"},{\"@type\":\"ListItem\",\"position\":2,\"name\":\"Technologie\",\"item\":\"https:\\\/\\\/www.botres.com\\\/de\\\/technology\\\/\"},{\"@type\":\"ListItem\",\"position\":3,\"name\":\"G\u00e4rrestbehandlung &amp; D\u00fcnger\"}]},{\"@type\":\"WebSite\",\"@id\":\"https:\\\/\\\/www.botres.com\\\/#website\",\"url\":\"https:\\\/\\\/www.botres.com\\\/\",\"name\":\"Botres Global GmbH\",\"description\":\"\",\"publisher\":{\"@id\":\"https:\\\/\\\/www.botres.com\\\/#organization\"},\"potentialAction\":[{\"@type\":\"SearchAction\",\"target\":{\"@type\":\"EntryPoint\",\"urlTemplate\":\"https:\\\/\\\/www.botres.com\\\/?s={search_term_string}\"},\"query-input\":{\"@type\":\"PropertyValueSpecification\",\"valueRequired\":true,\"valueName\":\"search_term_string\"}}],\"inLanguage\":\"de\"},{\"@type\":\"Organization\",\"@id\":\"https:\\\/\\\/www.botres.com\\\/#organization\",\"name\":\"Botres Global GmbH\",\"url\":\"https:\\\/\\\/www.botres.com\\\/\",\"logo\":{\"@type\":\"ImageObject\",\"inLanguage\":\"de\",\"@id\":\"https:\\\/\\\/www.botres.com\\\/#\\\/schema\\\/logo\\\/image\\\/\",\"url\":\"https:\\\/\\\/www.botres.com\\\/wp-content\\\/uploads\\\/2024\\\/01\\\/cropped-cropped-Logo-Botres-quadratisch-scaled-1.jpg\",\"contentUrl\":\"https:\\\/\\\/www.botres.com\\\/wp-content\\\/uploads\\\/2024\\\/01\\\/cropped-cropped-Logo-Botres-quadratisch-scaled-1.jpg\",\"width\":512,\"height\":512,\"caption\":\"Botres Global GmbH\"},\"image\":{\"@id\":\"https:\\\/\\\/www.botres.com\\\/#\\\/schema\\\/logo\\\/image\\\/\"},\"sameAs\":[\"https:\\\/\\\/www.facebook.com\\\/profile.php?id=61550819780504\",\"https:\\\/\\\/www.linkedin.com\\\/company\\\/botres-global\\\/\",\"https:\\\/\\\/www.instagram.com\\\/botresglobal\\\/\"]}]}<\/script>\n<!-- \/ Yoast SEO plugin. -->","yoast_head_json":{"title":"G\u00e4rrestbehandlung &amp; D\u00fcnger - Botres","robots":{"index":"index","follow":"follow","max-snippet":"max-snippet:-1","max-image-preview":"max-image-preview:large","max-video-preview":"max-video-preview:-1"},"canonical":"https:\/\/www.botres.com\/de\/technology\/gaerrestbehandlung-duenger\/","og_locale":"de_DE","og_type":"article","og_title":"G\u00e4rrestbehandlung &amp; D\u00fcnger - Botres","og_description":"BIOGAS AUF NACHHALTIGE WEISE ERZEUGEN G\u00e4rrestbehandlung &amp; D\u00fcngerIn vielen l\u00e4ndlichen Regionen ist es noch immer \u00fcblich, dass Landwirte Rinder- oder Schweineg\u00fclle direkt auf die Felder ausbringen, um die Bodenfruchtbarkeit und die Ernteertr\u00e4ge zu steigern. Dieses Verfahren hat jedoch einige Nachteile, darunter Methanemissionen, die zum Klimawandel beitragen, Grundwasserverschmutzung und unangenehme Ger\u00fcche in der Umgebung. Es gibt [&hellip;]","og_url":"https:\/\/www.botres.com\/de\/technology\/gaerrestbehandlung-duenger\/","og_site_name":"Botres","article_publisher":"https:\/\/www.facebook.com\/profile.php?id=61550819780504","article_modified_time":"2025-05-08T09:06:13+00:00","og_image":[{"width":1536,"height":1228,"url":"https:\/\/www.botres.com\/wp-content\/uploads\/2024\/01\/004-Anlage-Bilecik1-1.jpg","type":"image\/jpeg"}],"twitter_card":"summary_large_image","schema":{"@context":"https:\/\/schema.org","@graph":[{"@type":"WebPage","@id":"https:\/\/www.botres.com\/de\/technology\/gaerrestbehandlung-duenger\/","url":"https:\/\/www.botres.com\/de\/technology\/gaerrestbehandlung-duenger\/","name":"G\u00e4rrestbehandlung &amp; D\u00fcnger - Botres","isPartOf":{"@id":"https:\/\/www.botres.com\/#website"},"datePublished":"2024-07-14T15:36:13+00:00","dateModified":"2025-05-08T09:06:13+00:00","breadcrumb":{"@id":"https:\/\/www.botres.com\/de\/technology\/gaerrestbehandlung-duenger\/#breadcrumb"},"inLanguage":"de","potentialAction":[{"@type":"ReadAction","target":["https:\/\/www.botres.com\/de\/technology\/gaerrestbehandlung-duenger\/"]}]},{"@type":"BreadcrumbList","@id":"https:\/\/www.botres.com\/de\/technology\/gaerrestbehandlung-duenger\/#breadcrumb","itemListElement":[{"@type":"ListItem","position":1,"name":"Home","item":"https:\/\/www.botres.com\/de\/"},{"@type":"ListItem","position":2,"name":"Technologie","item":"https:\/\/www.botres.com\/de\/technology\/"},{"@type":"ListItem","position":3,"name":"G\u00e4rrestbehandlung &amp; D\u00fcnger"}]},{"@type":"WebSite","@id":"https:\/\/www.botres.com\/#website","url":"https:\/\/www.botres.com\/","name":"Botres Global GmbH","description":"","publisher":{"@id":"https:\/\/www.botres.com\/#organization"},"potentialAction":[{"@type":"SearchAction","target":{"@type":"EntryPoint","urlTemplate":"https:\/\/www.botres.com\/?s={search_term_string}"},"query-input":{"@type":"PropertyValueSpecification","valueRequired":true,"valueName":"search_term_string"}}],"inLanguage":"de"},{"@type":"Organization","@id":"https:\/\/www.botres.com\/#organization","name":"Botres Global GmbH","url":"https:\/\/www.botres.com\/","logo":{"@type":"ImageObject","inLanguage":"de","@id":"https:\/\/www.botres.com\/#\/schema\/logo\/image\/","url":"https:\/\/www.botres.com\/wp-content\/uploads\/2024\/01\/cropped-cropped-Logo-Botres-quadratisch-scaled-1.jpg","contentUrl":"https:\/\/www.botres.com\/wp-content\/uploads\/2024\/01\/cropped-cropped-Logo-Botres-quadratisch-scaled-1.jpg","width":512,"height":512,"caption":"Botres Global GmbH"},"image":{"@id":"https:\/\/www.botres.com\/#\/schema\/logo\/image\/"},"sameAs":["https:\/\/www.facebook.com\/profile.php?id=61550819780504","https:\/\/www.linkedin.com\/company\/botres-global\/","https:\/\/www.instagram.com\/botresglobal\/"]}]}},"_links":{"self":[{"href":"https:\/\/www.botres.com\/de\/wp-json\/wp\/v2\/pages\/3521","targetHints":{"allow":["GET"]}}],"collection":[{"href":"https:\/\/www.botres.com\/de\/wp-json\/wp\/v2\/pages"}],"about":[{"href":"https:\/\/www.botres.com\/de\/wp-json\/wp\/v2\/types\/page"}],"author":[{"embeddable":true,"href":"https:\/\/www.botres.com\/de\/wp-json\/wp\/v2\/users\/5"}],"replies":[{"embeddable":true,"href":"https:\/\/www.botres.com\/de\/wp-json\/wp\/v2\/comments?post=3521"}],"version-history":[{"count":5,"href":"https:\/\/www.botres.com\/de\/wp-json\/wp\/v2\/pages\/3521\/revisions"}],"predecessor-version":[{"id":12746,"href":"https:\/\/www.botres.com\/de\/wp-json\/wp\/v2\/pages\/3521\/revisions\/12746"}],"up":[{"embeddable":true,"href":"https:\/\/www.botres.com\/de\/wp-json\/wp\/v2\/pages\/1875"}],"wp:attachment":[{"href":"https:\/\/www.botres.com\/de\/wp-json\/wp\/v2\/media?parent=3521"}],"curies":[{"name":"wp","href":"https:\/\/api.w.org\/{rel}","templated":true}]}}