{"id":3503,"date":"2024-06-14T20:52:05","date_gmt":"2024-06-14T18:52:05","guid":{"rendered":"https:\/\/botres.com\/produkte\/multi-feedstock-anlagen\/"},"modified":"2025-05-07T12:05:11","modified_gmt":"2025-05-07T10:05:11","slug":"multi-feedstock-anlagen","status":"publish","type":"page","link":"https:\/\/www.botres.com\/de\/technology\/multi-feedstock-anlagen\/","title":{"rendered":"Multi-Feedstock-Anlagen"},"content":{"rendered":"<p>[et_pb_section fb_built=&#8220;1&#8243; _builder_version=&#8220;4.27.4&#8243; _module_preset=&#8220;default&#8220; background_image=&#8220;https:\/\/www.botres.com\/wp-content\/uploads\/2024\/09\/Sincan-2-2.png&#8220; background_enable_video_mp4=&#8220;off&#8220; hover_enabled=&#8220;0&#8243; global_colors_info=&#8220;{}&#8220; title_text=&#8220;Biogasanlage&#8220; sticky_enabled=&#8220;0&#8243;][et_pb_row _builder_version=&#8220;4.25.1&#8243; _module_preset=&#8220;default&#8220; global_colors_info=&#8220;{}&#8220;][et_pb_column type=&#8220;4_4&#8243; _builder_version=&#8220;4.25.1&#8243; _module_preset=&#8220;default&#8220; global_colors_info=&#8220;{}&#8220;][et_pb_text module_class=&#8220;accent-bold accentcolor-on-bold&#8220; _builder_version=&#8220;4.27.0&#8243; _module_preset=&#8220;default&#8220; header_font=&#8220;|||on|||||&#8220; header_text_color=&#8220;#FFFFFF&#8220; custom_margin=&#8220;5rem||5rem||false|false&#8220; header_text_shadow_style=&#8220;preset1&#8243; global_colors_info=&#8220;{}&#8220;]<\/p>\n<h1><strong>BIOGAS AUF NACHHALTIGE WEISE ERZEUGEN<\/strong><\/h1>\n<h1><\/h1>\n<p>[\/et_pb_text][\/et_pb_column][\/et_pb_row][\/et_pb_section][et_pb_section fb_built=&#8220;1&#8243; _builder_version=&#8220;4.25.1&#8243; _module_preset=&#8220;default&#8220; global_colors_info=&#8220;{}&#8220;][et_pb_row _builder_version=&#8220;4.25.1&#8243; _module_preset=&#8220;default&#8220; global_colors_info=&#8220;{}&#8220;][et_pb_column type=&#8220;4_4&#8243; _builder_version=&#8220;4.25.1&#8243; _module_preset=&#8220;default&#8220; global_colors_info=&#8220;{}&#8220;][et_pb_text _builder_version=&#8220;4.25.1&#8243; _module_preset=&#8220;b147756b-4572-46e4-ad90-d428afb5e7e5&#8243; animation_style=&#8220;fade&#8220; animation_duration=&#8220;650ms&#8220; global_colors_info=&#8220;{}&#8220;]<\/p>\n<h1><strong><span class=\"OYPEnA text-decoration-none text-strikethrough-none\">MULTI-FEEDSTOCK-ANLAGEN<\/span><\/strong><\/h1>\n<p>[\/et_pb_text][\/et_pb_column][\/et_pb_row][et_pb_row column_structure=&#8220;3_5,2_5&#8243; _builder_version=&#8220;4.25.1&#8243; _module_preset=&#8220;default&#8220; global_colors_info=&#8220;{}&#8220;][et_pb_column type=&#8220;3_5&#8243; _builder_version=&#8220;4.25.1&#8243; _module_preset=&#8220;default&#8220; global_colors_info=&#8220;{}&#8220;][et_pb_text _builder_version=&#8220;4.27.2&#8243; _module_preset=&#8220;b147756b-4572-46e4-ad90-d428afb5e7e5&#8243; animation_style=&#8220;fade&#8220; animation_duration=&#8220;650ms&#8220; global_colors_info=&#8220;{}&#8220;]<\/p>\n<p>Unsere Biogasanlagen sind darauf ausgelegt, eine breite Palette organischer Abf\u00e4lle und Reststoffe zu verarbeiten und sie in erneuerbare Energie sowie hochwertigen D\u00fcnger umzuwandeln. Wir behandeln organische Abf\u00e4lle wie Lebensmittel- und K\u00fcchenabf\u00e4lle sowie G\u00fclle von H\u00fchnern, Schweinen und K\u00fchen. Auch andere organische Materialien wie Kl\u00e4rschlamm, Schlachthausabf\u00e4lle und industrielle Reststoffe k\u00f6nnen als Einsatzstoffe in unseren Anlagen genutzt werden.<\/p>\n<p>[\/et_pb_text][\/et_pb_column][et_pb_column type=&#8220;2_5&#8243; _builder_version=&#8220;4.25.1&#8243; _module_preset=&#8220;default&#8220; global_colors_info=&#8220;{}&#8220;][et_pb_image src=&#8220;https:\/\/botres.com\/wp-content\/uploads\/2024\/09\/fruit-vegetable-waste-scaled.jpg&#8220; title_text=&#8220;Obst- und Gem\u00fcsereste&#8220; _builder_version=&#8220;4.27.0&#8243; _module_preset=&#8220;default&#8220; global_colors_info=&#8220;{}&#8220;][\/et_pb_image][\/et_pb_column][\/et_pb_row][et_pb_row column_structure=&#8220;2_5,3_5&#8243; _builder_version=&#8220;4.25.1&#8243; _module_preset=&#8220;default&#8220; global_colors_info=&#8220;{}&#8220;][et_pb_column type=&#8220;2_5&#8243; _builder_version=&#8220;4.25.1&#8243; _module_preset=&#8220;default&#8220; global_colors_info=&#8220;{}&#8220;][et_pb_image src=&#8220;https:\/\/www.botres.com\/wp-content\/uploads\/2025\/04\/Solutions-Multi-feedstock-plants-2.jpg&#8220; title_text=&#8220;Stroh&#8220; _builder_version=&#8220;4.27.4&#8243; _module_preset=&#8220;default&#8220; global_colors_info=&#8220;{}&#8220;][\/et_pb_image][\/et_pb_column][et_pb_column type=&#8220;3_5&#8243; _builder_version=&#8220;4.25.1&#8243; _module_preset=&#8220;default&#8220; global_colors_info=&#8220;{}&#8220;][et_pb_text _builder_version=&#8220;4.27.2&#8243; _module_preset=&#8220;b147756b-4572-46e4-ad90-d428afb5e7e5&#8243; animation_style=&#8220;fade&#8220; animation_duration=&#8220;650ms&#8220; global_colors_info=&#8220;{}&#8220;]<\/p>\n<p><strong>Flexibilit\u00e4t und Anpassungsf\u00e4higkeit<\/strong><\/p>\n<p>Der gro\u00dfe Vorteil unserer Multi-Feedstock-Biogasanlagen ist ihre Flexibilit\u00e4t und Anpassungsf\u00e4higkeit. Durch die Verarbeitung verschiedenster organischer Abf\u00e4lle gew\u00e4hrleisten unsere Anlagen eine kontinuierliche Biogasproduktion auch bei schwankender Verf\u00fcgbarkeit einzelner Einsatzstoffe. Das macht sie besonders attraktiv f\u00fcr Industriebetriebe und Landwirte mit Zugang zu einer Vielzahl von Abfallstr\u00f6men.<\/p>\n<p>[\/et_pb_text][\/et_pb_column][\/et_pb_row][et_pb_row column_structure=&#8220;3_5,2_5&#8243; _builder_version=&#8220;4.25.1&#8243; _module_preset=&#8220;default&#8220; global_colors_info=&#8220;{}&#8220;][et_pb_column type=&#8220;3_5&#8243; _builder_version=&#8220;4.25.1&#8243; _module_preset=&#8220;default&#8220; global_colors_info=&#8220;{}&#8220;][et_pb_text _builder_version=&#8220;4.27.2&#8243; _module_preset=&#8220;b147756b-4572-46e4-ad90-d428afb5e7e5&#8243; animation_style=&#8220;fade&#8220; animation_duration=&#8220;650ms&#8220; global_colors_info=&#8220;{}&#8220;]<\/p>\n<p>Selbst als Single-Feedstock-Systeme sind unsere Anlagen in der Lage, hohe Leistungen zu erbringen.<\/p>\n<p>Ein wesentliches Merkmal aller unserer Anlagen ist der Einsatz der Nassverg\u00e4rungstechnologie. Diese steigert die Effizienz der Biogasproduktion und verbessert sowohl die Rentabilit\u00e4t als auch die Lebensdauer der Anlage.<\/p>\n<p>[\/et_pb_text][\/et_pb_column][et_pb_column type=&#8220;2_5&#8243; _builder_version=&#8220;4.25.1&#8243; _module_preset=&#8220;default&#8220; global_colors_info=&#8220;{}&#8220;][et_pb_image src=&#8220;https:\/\/botres.com\/wp-content\/uploads\/2024\/07\/heads-black-white-holstein-cows-feeding-grass-stable-holland-scaled.jpg&#8220; title_text=&#8220;K\u00f6pfe von schwarzen und wei\u00dfen Holsteink\u00fchen, die in einem holl\u00e4ndischen Stall Gras fressen&#8220; _builder_version=&#8220;4.25.1&#8243; _module_preset=&#8220;default&#8220; global_colors_info=&#8220;{}&#8220;][\/et_pb_image][\/et_pb_column][\/et_pb_row][et_pb_row column_structure=&#8220;2_5,3_5&#8243; _builder_version=&#8220;4.25.1&#8243; _module_preset=&#8220;default&#8220; global_colors_info=&#8220;{}&#8220;][et_pb_column type=&#8220;2_5&#8243; _builder_version=&#8220;4.25.1&#8243; _module_preset=&#8220;default&#8220; global_colors_info=&#8220;{}&#8220;][et_pb_image src=&#8220;https:\/\/www.botres.com\/wp-content\/uploads\/2025\/04\/Solutions-Multi-feedstock-plants-4-1.jpg&#8220; title_text=&#8220;H\u00fchner&#8220; _builder_version=&#8220;4.27.4&#8243; _module_preset=&#8220;default&#8220; global_colors_info=&#8220;{}&#8220;][\/et_pb_image][\/et_pb_column][et_pb_column type=&#8220;3_5&#8243; _builder_version=&#8220;4.25.1&#8243; _module_preset=&#8220;default&#8220; global_colors_info=&#8220;{}&#8220;][et_pb_text _builder_version=&#8220;4.27.2&#8243; _module_preset=&#8220;b147756b-4572-46e4-ad90-d428afb5e7e5&#8243; animation_style=&#8220;fade&#8220; animation_duration=&#8220;650ms&#8220; global_colors_info=&#8220;{}&#8220;]<\/p>\n<p><strong>Fachkundige Beratung und Unterst\u00fctzung<\/strong><\/p>\n<p>Als Experten f\u00fcr die Planung, den Bau und den Betrieb von Multi-Feedstock-Anlagen stehen wir Ihnen mit Rat und Tat zur Seite. Ob Sie neu in den Biogasmarkt einsteigen oder eine bestehende landwirtschaftliche Anlage auf die Verarbeitung von Abf\u00e4llen und Reststoffen umr\u00fcsten m\u00f6chten \u2013 wir begleiten Sie f\u00fcr einen reibungslosen \u00dcbergang.<\/p>\n<p>[\/et_pb_text][\/et_pb_column][\/et_pb_row][\/et_pb_section][et_pb_section fb_built=&#8220;1&#8243; _builder_version=&#8220;4.27.0&#8243; _module_preset=&#8220;default&#8220; background_color=&#8220;#0096C5&#8243; custom_padding=&#8220;0px||0px|||&#8220; global_colors_info=&#8220;{}&#8220;][et_pb_row _builder_version=&#8220;4.25.1&#8243; _module_preset=&#8220;default&#8220; global_colors_info=&#8220;{}&#8220;][et_pb_column type=&#8220;4_4&#8243; _builder_version=&#8220;4.25.1&#8243; _module_preset=&#8220;default&#8220; global_colors_info=&#8220;{}&#8220;][et_pb_text _builder_version=&#8220;4.27.2&#8243; _module_preset=&#8220;7c58e020-85d6-488e-bb3b-9e82c1e6fe6d&#8220; global_colors_info=&#8220;{}&#8220;]<\/p>\n<h2 style=\"text-align: left;\">BOTRES-MULTI-FEEDSTOCK-BIOGASANLAGEN WANDELN ORGANISCHE ABF\u00c4LLE AUF EFFIZIENTE WEISE IN ERNEUERBARE ENERGIE UM<\/h2>\n<p>[\/et_pb_text][\/et_pb_column][\/et_pb_row][\/et_pb_section][et_pb_section fb_built=&#8220;1&#8243; _builder_version=&#8220;4.25.1&#8243; _module_preset=&#8220;default&#8220; custom_padding=&#8220;44px|||||&#8220; saved_tabs=&#8220;all&#8220; global_colors_info=&#8220;{}&#8220;][et_pb_row _builder_version=&#8220;4.27.0&#8243; _module_preset=&#8220;default&#8220; global_colors_info=&#8220;{}&#8220;][et_pb_column type=&#8220;4_4&#8243; _builder_version=&#8220;4.27.0&#8243; _module_preset=&#8220;default&#8220; global_colors_info=&#8220;{}&#8220;][et_pb_text _builder_version=&#8220;4.27.2&#8243; _module_preset=&#8220;b147756b-4572-46e4-ad90-d428afb5e7e5&#8243; animation_style=&#8220;fade&#8220; animation_duration=&#8220;650ms&#8220; global_colors_info=&#8220;{}&#8220;]<\/p>\n<h2><strong>Aktuelles<\/strong><\/h2>\n<p>[\/et_pb_text][dnxte_blog_slider order=&#8220;DESC&#8220; date_position=&#8220;none&#8220; excerpt_length=&#8220;40&#8243; dnxte_blogslider_spacebetween=&#8220;36&#8243; _builder_version=&#8220;4.27.4&#8243; _module_preset=&#8220;default&#8220; custom_margin=&#8220;3rem||||false|false&#8220; global_colors_info=&#8220;{}&#8220;][\/dnxte_blog_slider][\/et_pb_column][\/et_pb_row][\/et_pb_section]<\/p>\n","protected":false},"excerpt":{"rendered":"<p>BIOGAS AUF NACHHALTIGE WEISE ERZEUGEN MULTI-FEEDSTOCK-ANLAGENUnsere Biogasanlagen sind darauf ausgelegt, eine breite Palette organischer Abf\u00e4lle und Reststoffe zu verarbeiten und sie in erneuerbare Energie sowie hochwertigen D\u00fcnger umzuwandeln. Wir behandeln organische Abf\u00e4lle wie Lebensmittel- und K\u00fcchenabf\u00e4lle sowie G\u00fclle von H\u00fchnern, Schweinen und K\u00fchen. Auch andere organische Materialien wie Kl\u00e4rschlamm, Schlachthausabf\u00e4lle und industrielle Reststoffe k\u00f6nnen als [&hellip;]<\/p>\n","protected":false},"author":5,"featured_media":0,"parent":1875,"menu_order":0,"comment_status":"closed","ping_status":"closed","template":"","meta":{"_acf_changed":false,"_et_pb_use_builder":"on","_et_pb_old_content":"","_et_gb_content_width":"","footnotes":""},"class_list":["post-3503","page","type-page","status-publish","hentry"],"acf":[],"yoast_head":"<!-- This site is optimized with the Yoast SEO plugin v27.4 - https:\/\/yoast.com\/product\/yoast-seo-wordpress\/ -->\n<title>Multi-Feedstock-Anlagen - Botres<\/title>\n<meta name=\"robots\" content=\"index, follow, max-snippet:-1, max-image-preview:large, max-video-preview:-1\" \/>\n<link rel=\"canonical\" href=\"https:\/\/www.botres.com\/de\/technology\/multi-feedstock-anlagen\/\" \/>\n<meta property=\"og:locale\" content=\"de_DE\" \/>\n<meta property=\"og:type\" content=\"article\" \/>\n<meta property=\"og:title\" content=\"Multi-Feedstock-Anlagen - Botres\" \/>\n<meta property=\"og:description\" content=\"BIOGAS AUF NACHHALTIGE WEISE ERZEUGEN MULTI-FEEDSTOCK-ANLAGENUnsere Biogasanlagen sind darauf ausgelegt, eine breite Palette organischer Abf\u00e4lle und Reststoffe zu verarbeiten und sie in erneuerbare Energie sowie hochwertigen D\u00fcnger umzuwandeln. Wir behandeln organische Abf\u00e4lle wie Lebensmittel- und K\u00fcchenabf\u00e4lle sowie G\u00fclle von H\u00fchnern, Schweinen und K\u00fchen. Auch andere organische Materialien wie Kl\u00e4rschlamm, Schlachthausabf\u00e4lle und industrielle Reststoffe k\u00f6nnen als [&hellip;]\" \/>\n<meta property=\"og:url\" content=\"https:\/\/www.botres.com\/de\/technology\/multi-feedstock-anlagen\/\" \/>\n<meta property=\"og:site_name\" content=\"Botres\" \/>\n<meta property=\"article:publisher\" content=\"https:\/\/www.facebook.com\/profile.php?id=61550819780504\" \/>\n<meta property=\"article:modified_time\" content=\"2025-05-07T10:05:11+00:00\" \/>\n<meta property=\"og:image\" content=\"https:\/\/www.botres.com\/wp-content\/uploads\/2024\/01\/004-Anlage-Bilecik1-1.jpg\" \/>\n\t<meta property=\"og:image:width\" content=\"1536\" \/>\n\t<meta property=\"og:image:height\" content=\"1228\" \/>\n\t<meta property=\"og:image:type\" content=\"image\/jpeg\" \/>\n<meta name=\"twitter:card\" content=\"summary_large_image\" \/>\n<script type=\"application\/ld+json\" class=\"yoast-schema-graph\">{\"@context\":\"https:\\\/\\\/schema.org\",\"@graph\":[{\"@type\":\"WebPage\",\"@id\":\"https:\\\/\\\/www.botres.com\\\/de\\\/technology\\\/multi-feedstock-anlagen\\\/\",\"url\":\"https:\\\/\\\/www.botres.com\\\/de\\\/technology\\\/multi-feedstock-anlagen\\\/\",\"name\":\"Multi-Feedstock-Anlagen - Botres\",\"isPartOf\":{\"@id\":\"https:\\\/\\\/www.botres.com\\\/#website\"},\"datePublished\":\"2024-06-14T18:52:05+00:00\",\"dateModified\":\"2025-05-07T10:05:11+00:00\",\"breadcrumb\":{\"@id\":\"https:\\\/\\\/www.botres.com\\\/de\\\/technology\\\/multi-feedstock-anlagen\\\/#breadcrumb\"},\"inLanguage\":\"de\",\"potentialAction\":[{\"@type\":\"ReadAction\",\"target\":[\"https:\\\/\\\/www.botres.com\\\/de\\\/technology\\\/multi-feedstock-anlagen\\\/\"]}]},{\"@type\":\"BreadcrumbList\",\"@id\":\"https:\\\/\\\/www.botres.com\\\/de\\\/technology\\\/multi-feedstock-anlagen\\\/#breadcrumb\",\"itemListElement\":[{\"@type\":\"ListItem\",\"position\":1,\"name\":\"Home\",\"item\":\"https:\\\/\\\/www.botres.com\\\/de\\\/\"},{\"@type\":\"ListItem\",\"position\":2,\"name\":\"Technologie\",\"item\":\"https:\\\/\\\/www.botres.com\\\/de\\\/technology\\\/\"},{\"@type\":\"ListItem\",\"position\":3,\"name\":\"Multi-Feedstock-Anlagen\"}]},{\"@type\":\"WebSite\",\"@id\":\"https:\\\/\\\/www.botres.com\\\/#website\",\"url\":\"https:\\\/\\\/www.botres.com\\\/\",\"name\":\"Botres Global GmbH\",\"description\":\"\",\"publisher\":{\"@id\":\"https:\\\/\\\/www.botres.com\\\/#organization\"},\"potentialAction\":[{\"@type\":\"SearchAction\",\"target\":{\"@type\":\"EntryPoint\",\"urlTemplate\":\"https:\\\/\\\/www.botres.com\\\/?s={search_term_string}\"},\"query-input\":{\"@type\":\"PropertyValueSpecification\",\"valueRequired\":true,\"valueName\":\"search_term_string\"}}],\"inLanguage\":\"de\"},{\"@type\":\"Organization\",\"@id\":\"https:\\\/\\\/www.botres.com\\\/#organization\",\"name\":\"Botres Global GmbH\",\"url\":\"https:\\\/\\\/www.botres.com\\\/\",\"logo\":{\"@type\":\"ImageObject\",\"inLanguage\":\"de\",\"@id\":\"https:\\\/\\\/www.botres.com\\\/#\\\/schema\\\/logo\\\/image\\\/\",\"url\":\"https:\\\/\\\/www.botres.com\\\/wp-content\\\/uploads\\\/2024\\\/01\\\/cropped-cropped-Logo-Botres-quadratisch-scaled-1.jpg\",\"contentUrl\":\"https:\\\/\\\/www.botres.com\\\/wp-content\\\/uploads\\\/2024\\\/01\\\/cropped-cropped-Logo-Botres-quadratisch-scaled-1.jpg\",\"width\":512,\"height\":512,\"caption\":\"Botres Global GmbH\"},\"image\":{\"@id\":\"https:\\\/\\\/www.botres.com\\\/#\\\/schema\\\/logo\\\/image\\\/\"},\"sameAs\":[\"https:\\\/\\\/www.facebook.com\\\/profile.php?id=61550819780504\",\"https:\\\/\\\/www.linkedin.com\\\/company\\\/botres-global\\\/\",\"https:\\\/\\\/www.instagram.com\\\/botresglobal\\\/\"]}]}<\/script>\n<!-- \/ Yoast SEO plugin. -->","yoast_head_json":{"title":"Multi-Feedstock-Anlagen - Botres","robots":{"index":"index","follow":"follow","max-snippet":"max-snippet:-1","max-image-preview":"max-image-preview:large","max-video-preview":"max-video-preview:-1"},"canonical":"https:\/\/www.botres.com\/de\/technology\/multi-feedstock-anlagen\/","og_locale":"de_DE","og_type":"article","og_title":"Multi-Feedstock-Anlagen - Botres","og_description":"BIOGAS AUF NACHHALTIGE WEISE ERZEUGEN MULTI-FEEDSTOCK-ANLAGENUnsere Biogasanlagen sind darauf ausgelegt, eine breite Palette organischer Abf\u00e4lle und Reststoffe zu verarbeiten und sie in erneuerbare Energie sowie hochwertigen D\u00fcnger umzuwandeln. Wir behandeln organische Abf\u00e4lle wie Lebensmittel- und K\u00fcchenabf\u00e4lle sowie G\u00fclle von H\u00fchnern, Schweinen und K\u00fchen. Auch andere organische Materialien wie Kl\u00e4rschlamm, Schlachthausabf\u00e4lle und industrielle Reststoffe k\u00f6nnen als [&hellip;]","og_url":"https:\/\/www.botres.com\/de\/technology\/multi-feedstock-anlagen\/","og_site_name":"Botres","article_publisher":"https:\/\/www.facebook.com\/profile.php?id=61550819780504","article_modified_time":"2025-05-07T10:05:11+00:00","og_image":[{"width":1536,"height":1228,"url":"https:\/\/www.botres.com\/wp-content\/uploads\/2024\/01\/004-Anlage-Bilecik1-1.jpg","type":"image\/jpeg"}],"twitter_card":"summary_large_image","schema":{"@context":"https:\/\/schema.org","@graph":[{"@type":"WebPage","@id":"https:\/\/www.botres.com\/de\/technology\/multi-feedstock-anlagen\/","url":"https:\/\/www.botres.com\/de\/technology\/multi-feedstock-anlagen\/","name":"Multi-Feedstock-Anlagen - Botres","isPartOf":{"@id":"https:\/\/www.botres.com\/#website"},"datePublished":"2024-06-14T18:52:05+00:00","dateModified":"2025-05-07T10:05:11+00:00","breadcrumb":{"@id":"https:\/\/www.botres.com\/de\/technology\/multi-feedstock-anlagen\/#breadcrumb"},"inLanguage":"de","potentialAction":[{"@type":"ReadAction","target":["https:\/\/www.botres.com\/de\/technology\/multi-feedstock-anlagen\/"]}]},{"@type":"BreadcrumbList","@id":"https:\/\/www.botres.com\/de\/technology\/multi-feedstock-anlagen\/#breadcrumb","itemListElement":[{"@type":"ListItem","position":1,"name":"Home","item":"https:\/\/www.botres.com\/de\/"},{"@type":"ListItem","position":2,"name":"Technologie","item":"https:\/\/www.botres.com\/de\/technology\/"},{"@type":"ListItem","position":3,"name":"Multi-Feedstock-Anlagen"}]},{"@type":"WebSite","@id":"https:\/\/www.botres.com\/#website","url":"https:\/\/www.botres.com\/","name":"Botres Global GmbH","description":"","publisher":{"@id":"https:\/\/www.botres.com\/#organization"},"potentialAction":[{"@type":"SearchAction","target":{"@type":"EntryPoint","urlTemplate":"https:\/\/www.botres.com\/?s={search_term_string}"},"query-input":{"@type":"PropertyValueSpecification","valueRequired":true,"valueName":"search_term_string"}}],"inLanguage":"de"},{"@type":"Organization","@id":"https:\/\/www.botres.com\/#organization","name":"Botres Global GmbH","url":"https:\/\/www.botres.com\/","logo":{"@type":"ImageObject","inLanguage":"de","@id":"https:\/\/www.botres.com\/#\/schema\/logo\/image\/","url":"https:\/\/www.botres.com\/wp-content\/uploads\/2024\/01\/cropped-cropped-Logo-Botres-quadratisch-scaled-1.jpg","contentUrl":"https:\/\/www.botres.com\/wp-content\/uploads\/2024\/01\/cropped-cropped-Logo-Botres-quadratisch-scaled-1.jpg","width":512,"height":512,"caption":"Botres Global GmbH"},"image":{"@id":"https:\/\/www.botres.com\/#\/schema\/logo\/image\/"},"sameAs":["https:\/\/www.facebook.com\/profile.php?id=61550819780504","https:\/\/www.linkedin.com\/company\/botres-global\/","https:\/\/www.instagram.com\/botresglobal\/"]}]}},"_links":{"self":[{"href":"https:\/\/www.botres.com\/de\/wp-json\/wp\/v2\/pages\/3503","targetHints":{"allow":["GET"]}}],"collection":[{"href":"https:\/\/www.botres.com\/de\/wp-json\/wp\/v2\/pages"}],"about":[{"href":"https:\/\/www.botres.com\/de\/wp-json\/wp\/v2\/types\/page"}],"author":[{"embeddable":true,"href":"https:\/\/www.botres.com\/de\/wp-json\/wp\/v2\/users\/5"}],"replies":[{"embeddable":true,"href":"https:\/\/www.botres.com\/de\/wp-json\/wp\/v2\/comments?post=3503"}],"version-history":[{"count":8,"href":"https:\/\/www.botres.com\/de\/wp-json\/wp\/v2\/pages\/3503\/revisions"}],"predecessor-version":[{"id":12735,"href":"https:\/\/www.botres.com\/de\/wp-json\/wp\/v2\/pages\/3503\/revisions\/12735"}],"up":[{"embeddable":true,"href":"https:\/\/www.botres.com\/de\/wp-json\/wp\/v2\/pages\/1875"}],"wp:attachment":[{"href":"https:\/\/www.botres.com\/de\/wp-json\/wp\/v2\/media?parent=3503"}],"curies":[{"name":"wp","href":"https:\/\/api.w.org\/{rel}","templated":true}]}}