{"id":1886,"date":"2024-01-23T17:33:08","date_gmt":"2024-01-23T16:33:08","guid":{"rendered":"https:\/\/botres.com\/?page_id=1886"},"modified":"2025-05-08T11:09:27","modified_gmt":"2025-05-08T09:09:27","slug":"projekte","status":"publish","type":"page","link":"https:\/\/www.botres.com\/de\/projekte\/","title":{"rendered":"Referenzen"},"content":{"rendered":"<p>[et_pb_section fb_built=&#8220;1&#8243; _builder_version=&#8220;4.27.4&#8243; _module_preset=&#8220;default&#8220; background_image=&#8220;https:\/\/www.botres.com\/wp-content\/uploads\/2024\/07\/electricity-transmission-towers-with-orange-glowing-wires-against-night-sky-scaled.jpg&#8220; background_position=&#8220;top_left&#8220; background_horizontal_offset=&#8220;0%&#8220; background_vertical_offset=&#8220;78%&#8220; background_enable_video_mp4=&#8220;off&#8220; hover_enabled=&#8220;0&#8243; global_colors_info=&#8220;{}&#8220; title_text=&#8220;Electricity transmission towers with orange glowing wires against night sky.&#8220; sticky_enabled=&#8220;0&#8243;][et_pb_row _builder_version=&#8220;4.25.1&#8243; _module_preset=&#8220;default&#8220; global_colors_info=&#8220;{}&#8220;][et_pb_column type=&#8220;4_4&#8243; _builder_version=&#8220;4.25.1&#8243; _module_preset=&#8220;default&#8220; global_colors_info=&#8220;{}&#8220;][et_pb_text module_class=&#8220;accent-bold accentcolor-on-bold&#8220; _builder_version=&#8220;4.27.2&#8243; _module_preset=&#8220;default&#8220; header_font=&#8220;|||on|||||&#8220; header_text_color=&#8220;#FFFFFF&#8220; custom_margin=&#8220;5rem||5rem||false|false&#8220; header_text_shadow_style=&#8220;preset1&#8243; global_colors_info=&#8220;{}&#8220;]<\/p>\n<h1><strong>DIE WELT MIT ERNEUERBARER ENERGIE VERSORGEN<\/strong><\/h1>\n<p>[\/et_pb_text][\/et_pb_column][\/et_pb_row][\/et_pb_section][et_pb_section fb_built=&#8220;1&#8243; _builder_version=&#8220;4.25.1&#8243; _module_preset=&#8220;default&#8220; custom_padding=&#8220;||106px|||&#8220; global_colors_info=&#8220;{}&#8220;][et_pb_row _builder_version=&#8220;4.25.1&#8243; _module_preset=&#8220;default&#8220; global_colors_info=&#8220;{}&#8220;][et_pb_column type=&#8220;4_4&#8243; _builder_version=&#8220;4.25.1&#8243; _module_preset=&#8220;default&#8220; global_colors_info=&#8220;{}&#8220;][et_pb_text _builder_version=&#8220;4.25.1&#8243; _module_preset=&#8220;b147756b-4572-46e4-ad90-d428afb5e7e5&#8243; animation_style=&#8220;fade&#8220; animation_duration=&#8220;650ms&#8220; global_colors_info=&#8220;{}&#8220;]<\/p>\n<h1><strong>WELTWEITE BIOGASPROJEKTE<\/strong><\/h1>\n<p>[\/et_pb_text][\/et_pb_column][\/et_pb_row][et_pb_row _builder_version=&#8220;4.25.1&#8243; _module_preset=&#8220;default&#8220; global_colors_info=&#8220;{}&#8220;][et_pb_column type=&#8220;4_4&#8243; _builder_version=&#8220;4.25.1&#8243; _module_preset=&#8220;default&#8220; global_colors_info=&#8220;{}&#8220;][et_pb_text _builder_version=&#8220;4.27.2&#8243; _module_preset=&#8220;b147756b-4572-46e4-ad90-d428afb5e7e5&#8243; animation_style=&#8220;fade&#8220; animation_duration=&#8220;650ms&#8220; global_colors_info=&#8220;{}&#8220;]<\/p>\n<p>Die erfolgreichen Biogasprojekte von Botres Global erstrecken sich \u00fcber den gesamten Globus. Mit innovativen Technologien und modernster Ausr\u00fcstung verarbeiten unsere Anlagen j\u00e4hrlich mehr als eine Million Tonnen organischer Abf\u00e4lle. Unsere realisierten Projekte erzeugen mehr als 350 GWh erneuerbare Energie pro Jahr und leisten damit einen wichtigen Beitrag zur Reduzierung von Treibhausgasemissionen und zur F\u00f6rderung nachhaltiger Energieziele weltweit. <\/p>\n<p>[\/et_pb_text][et_pb_image src=&#8220;https:\/\/botres.com\/wp-content\/uploads\/2024\/07\/botres-globe@2x.png&#8220; title_text=&#8220;Globus&#8220; _builder_version=&#8220;4.25.1&#8243; _module_preset=&#8220;default&#8220; width=&#8220;600px&#8220; max_width=&#8220;100%&#8220; module_alignment=&#8220;center&#8220; global_colors_info=&#8220;{}&#8220;][\/et_pb_image][\/et_pb_column][\/et_pb_row][et_pb_row _builder_version=&#8220;4.25.1&#8243; _module_preset=&#8220;default&#8220; global_colors_info=&#8220;{}&#8220;][et_pb_column type=&#8220;4_4&#8243; _builder_version=&#8220;4.25.1&#8243; _module_preset=&#8220;default&#8220; global_colors_info=&#8220;{}&#8220;][et_pb_text _builder_version=&#8220;4.27.2&#8243; _module_preset=&#8220;b147756b-4572-46e4-ad90-d428afb5e7e5&#8243; animation_style=&#8220;fade&#8220; animation_duration=&#8220;650ms&#8220; global_colors_info=&#8220;{}&#8220;]<\/p>\n<p>Unsere Biogasanlagen sind als Multi-Feedstock-Systeme konzipiert und k\u00f6nnen eine Vielzahl organischer Materialien verarbeiten. Dazu geh\u00f6ren organische Abf\u00e4lle, die organische Fraktion von Siedlungsabf\u00e4llen (OFMSW), Lebensmittelabf\u00e4lle und landwirtschaftliche Reststoffe. Diese Vielseitigkeit garantiert Flexibilit\u00e4t und Effizienz in der Biogasproduktion. <\/p>\n<p>[\/et_pb_text][\/et_pb_column][\/et_pb_row][et_pb_row _builder_version=&#8220;4.27.2&#8243; _module_preset=&#8220;default&#8220; global_colors_info=&#8220;{}&#8220;][et_pb_column type=&#8220;4_4&#8243; _builder_version=&#8220;4.27.2&#8243; _module_preset=&#8220;default&#8220; global_colors_info=&#8220;{}&#8220;][et_pb_heading title=&#8220;SEHEN SIE SICH UNSERE NEUESTEN PROJEKTE AN!&#8220; _builder_version=&#8220;4.27.2&#8243; _module_preset=&#8220;default&#8220; title_font=&#8220;&#8211;et_global_body_font|600|||||||&#8220; title_text_color=&#8220;#0096C5&#8243; background_color=&#8220;RGBA(255,255,255,0)&#8220; global_colors_info=&#8220;{}&#8220;][\/et_pb_heading][\/et_pb_column][\/et_pb_row][et_pb_row column_structure=&#8220;1_2,1_2&#8243; _builder_version=&#8220;4.27.2&#8243; _module_preset=&#8220;default&#8220; min_height=&#8220;272.8px&#8220; custom_margin=&#8220;|auto|-37px|auto||&#8220; custom_padding=&#8220;||52px|||&#8220; global_colors_info=&#8220;{}&#8220;][et_pb_column type=&#8220;1_2&#8243; _builder_version=&#8220;4.27.2&#8243; _module_preset=&#8220;default&#8220; global_colors_info=&#8220;{}&#8220;][dnxte_flip_box front_heading=&#8220;epc&#8220; front_heading_margin=&#8220;9px|150px|0|195px|false|false&#8220; flipbox_placement=&#8220;right&#8220; back_content=&#8220;<\/p>\n<p>ENGINEERING<br \/>PROCUREMENT<br \/>CONSTRUCTION<\/p>\n<p>&#8220; back_bgc_color=&#8220;#F6C318&#8243; back_heading_margin=&#8220;0|0|0|32px|false|false&#8220; back_content_margin=&#8220;0|0|20px|150px|false|false&#8220; back_content_padding=&#8220;20px||||false|false&#8220; _builder_version=&#8220;4.27.4&#8243; _module_preset=&#8220;default&#8220; front_flip_text_text_align=&#8220;right&#8220; front_flip_text_font_size=&#8220;60px&#8220; back_flip_text_text_color=&#8220;#000000&#8243; back_body_text_align=&#8220;left&#8220; back_body_text_color=&#8220;#000000&#8243; background_color=&#8220;#F6C318&#8243; max_height=&#8220;130px&#8220; custom_margin=&#8220;0px||-200px||false|false&#8220; custom_padding=&#8220;||0px|||&#8220; link_option_url=&#8220;https:\/\/www.botres.com\/project_category\/epc-projects\/&#8220; border_width_all_front_icon_borders=&#8220;1px&#8220; border_color_all_front_icon_borders=&#8220;#E09900&#8243; border_style_all_front_icon_borders=&#8220;dashed&#8220; global_colors_info=&#8220;{}&#8220;][\/dnxte_flip_box][\/et_pb_column][et_pb_column type=&#8220;1_2&#8243; _builder_version=&#8220;4.27.2&#8243; _module_preset=&#8220;default&#8220; global_colors_info=&#8220;{}&#8220;][dnxte_flip_box front_heading=&#8220;boo&#8220; front_heading_margin=&#8220;9px|150px|0|182px|false|false&#8220; flipbox_placement=&#8220;right&#8220; back_content=&#8220;<\/p>\n<p>BUILD<br \/>OWN<br \/>OPERATE<\/p>\n<p>&#8220; back_bgc_color=&#8220;#F6C318&#8243; back_heading_margin=&#8220;0|0|0|32px|false|false&#8220; back_content_margin=&#8220;0|0|20px|150px|false|false&#8220; back_content_padding=&#8220;20px||||false|false&#8220; _builder_version=&#8220;4.27.4&#8243; _module_preset=&#8220;default&#8220; front_flip_text_text_align=&#8220;right&#8220; front_flip_text_font_size=&#8220;60px&#8220; back_body_text_align=&#8220;left&#8220; back_body_text_color=&#8220;#000000&#8243; background_color=&#8220;#F6C318&#8243; max_height=&#8220;130px&#8220; custom_margin=&#8220;0px||-200px||false|false&#8220; custom_padding=&#8220;||0px|||&#8220; link_option_url=&#8220;https:\/\/www.botres.com\/project_category\/boo-projects\/&#8220; border_width_all_front_icon_borders=&#8220;1px&#8220; border_color_all_front_icon_borders=&#8220;#E09900&#8243; border_style_all_front_icon_borders=&#8220;dashed&#8220; global_colors_info=&#8220;{}&#8220;][\/dnxte_flip_box][\/et_pb_column][\/et_pb_row][\/et_pb_section][et_pb_section fb_built=&#8220;1&#8243; _builder_version=&#8220;4.27.4&#8243; _module_preset=&#8220;default&#8220; background_color=&#8220;#F6C318&#8243; custom_margin=&#8220;16px||||false|false&#8220; global_colors_info=&#8220;{}&#8220;][et_pb_row _builder_version=&#8220;4.27.4&#8243; _module_preset=&#8220;default&#8220; global_colors_info=&#8220;{}&#8220;][et_pb_column type=&#8220;4_4&#8243; _builder_version=&#8220;4.27.4&#8243; _module_preset=&#8220;default&#8220; global_colors_info=&#8220;{}&#8220;][et_pb_image src=&#8220;https:\/\/www.botres.com\/wp-content\/uploads\/2024\/09\/Sincan-2-2.png&#8220; title_text=&#8220;Sincan 2-2&#8243; _builder_version=&#8220;4.27.4&#8243; _module_preset=&#8220;default&#8220; global_colors_info=&#8220;{}&#8220;][\/et_pb_image][\/et_pb_column][\/et_pb_row][\/et_pb_section]<\/p>\n","protected":false},"excerpt":{"rendered":"<p>DIE WELT MIT ERNEUERBARER ENERGIE VERSORGENWELTWEITE BIOGASPROJEKTEDie erfolgreichen Biogasprojekte von Botres Global erstrecken sich \u00fcber den gesamten Globus. Mit innovativen Technologien und modernster Ausr\u00fcstung verarbeiten unsere Anlagen j\u00e4hrlich mehr als eine Million Tonnen organischer Abf\u00e4lle. Unsere realisierten Projekte erzeugen mehr als 350 GWh erneuerbare Energie pro Jahr und leisten damit einen wichtigen Beitrag zur Reduzierung [&hellip;]<\/p>\n","protected":false},"author":4,"featured_media":0,"parent":0,"menu_order":0,"comment_status":"closed","ping_status":"closed","template":"","meta":{"_acf_changed":false,"_et_pb_use_builder":"on","_et_pb_old_content":"","_et_gb_content_width":"","footnotes":""},"class_list":["post-1886","page","type-page","status-publish","hentry"],"acf":[],"yoast_head":"<!-- This site is optimized with the Yoast SEO plugin v27.4 - https:\/\/yoast.com\/product\/yoast-seo-wordpress\/ -->\n<title>Referenzen - Botres<\/title>\n<meta name=\"robots\" content=\"index, follow, max-snippet:-1, max-image-preview:large, max-video-preview:-1\" \/>\n<link rel=\"canonical\" href=\"https:\/\/www.botres.com\/de\/projekte\/\" \/>\n<meta property=\"og:locale\" content=\"de_DE\" \/>\n<meta property=\"og:type\" content=\"article\" \/>\n<meta property=\"og:title\" content=\"Referenzen - Botres\" \/>\n<meta property=\"og:description\" content=\"DIE WELT MIT ERNEUERBARER ENERGIE VERSORGENWELTWEITE BIOGASPROJEKTEDie erfolgreichen Biogasprojekte von Botres Global erstrecken sich \u00fcber den gesamten Globus. Mit innovativen Technologien und modernster Ausr\u00fcstung verarbeiten unsere Anlagen j\u00e4hrlich mehr als eine Million Tonnen organischer Abf\u00e4lle. Unsere realisierten Projekte erzeugen mehr als 350 GWh erneuerbare Energie pro Jahr und leisten damit einen wichtigen Beitrag zur Reduzierung [&hellip;]\" \/>\n<meta property=\"og:url\" content=\"https:\/\/www.botres.com\/de\/projekte\/\" \/>\n<meta property=\"og:site_name\" content=\"Botres\" \/>\n<meta property=\"article:publisher\" content=\"https:\/\/www.facebook.com\/profile.php?id=61550819780504\" \/>\n<meta property=\"article:modified_time\" content=\"2025-05-08T09:09:27+00:00\" \/>\n<meta property=\"og:image\" content=\"https:\/\/www.botres.com\/wp-content\/uploads\/2024\/01\/004-Anlage-Bilecik1-1.jpg\" \/>\n\t<meta property=\"og:image:width\" content=\"1536\" \/>\n\t<meta property=\"og:image:height\" content=\"1228\" \/>\n\t<meta property=\"og:image:type\" content=\"image\/jpeg\" \/>\n<meta name=\"twitter:card\" content=\"summary_large_image\" \/>\n<script type=\"application\/ld+json\" class=\"yoast-schema-graph\">{\"@context\":\"https:\\\/\\\/schema.org\",\"@graph\":[{\"@type\":\"WebPage\",\"@id\":\"https:\\\/\\\/www.botres.com\\\/de\\\/projekte\\\/\",\"url\":\"https:\\\/\\\/www.botres.com\\\/de\\\/projekte\\\/\",\"name\":\"Referenzen - Botres\",\"isPartOf\":{\"@id\":\"https:\\\/\\\/www.botres.com\\\/#website\"},\"datePublished\":\"2024-01-23T16:33:08+00:00\",\"dateModified\":\"2025-05-08T09:09:27+00:00\",\"breadcrumb\":{\"@id\":\"https:\\\/\\\/www.botres.com\\\/de\\\/projekte\\\/#breadcrumb\"},\"inLanguage\":\"de\",\"potentialAction\":[{\"@type\":\"ReadAction\",\"target\":[\"https:\\\/\\\/www.botres.com\\\/de\\\/projekte\\\/\"]}]},{\"@type\":\"BreadcrumbList\",\"@id\":\"https:\\\/\\\/www.botres.com\\\/de\\\/projekte\\\/#breadcrumb\",\"itemListElement\":[{\"@type\":\"ListItem\",\"position\":1,\"name\":\"Home\",\"item\":\"https:\\\/\\\/www.botres.com\\\/de\\\/\"},{\"@type\":\"ListItem\",\"position\":2,\"name\":\"Referenzen\"}]},{\"@type\":\"WebSite\",\"@id\":\"https:\\\/\\\/www.botres.com\\\/#website\",\"url\":\"https:\\\/\\\/www.botres.com\\\/\",\"name\":\"Botres Global GmbH\",\"description\":\"\",\"publisher\":{\"@id\":\"https:\\\/\\\/www.botres.com\\\/#organization\"},\"potentialAction\":[{\"@type\":\"SearchAction\",\"target\":{\"@type\":\"EntryPoint\",\"urlTemplate\":\"https:\\\/\\\/www.botres.com\\\/?s={search_term_string}\"},\"query-input\":{\"@type\":\"PropertyValueSpecification\",\"valueRequired\":true,\"valueName\":\"search_term_string\"}}],\"inLanguage\":\"de\"},{\"@type\":\"Organization\",\"@id\":\"https:\\\/\\\/www.botres.com\\\/#organization\",\"name\":\"Botres Global GmbH\",\"url\":\"https:\\\/\\\/www.botres.com\\\/\",\"logo\":{\"@type\":\"ImageObject\",\"inLanguage\":\"de\",\"@id\":\"https:\\\/\\\/www.botres.com\\\/#\\\/schema\\\/logo\\\/image\\\/\",\"url\":\"https:\\\/\\\/www.botres.com\\\/wp-content\\\/uploads\\\/2024\\\/01\\\/cropped-cropped-Logo-Botres-quadratisch-scaled-1.jpg\",\"contentUrl\":\"https:\\\/\\\/www.botres.com\\\/wp-content\\\/uploads\\\/2024\\\/01\\\/cropped-cropped-Logo-Botres-quadratisch-scaled-1.jpg\",\"width\":512,\"height\":512,\"caption\":\"Botres Global GmbH\"},\"image\":{\"@id\":\"https:\\\/\\\/www.botres.com\\\/#\\\/schema\\\/logo\\\/image\\\/\"},\"sameAs\":[\"https:\\\/\\\/www.facebook.com\\\/profile.php?id=61550819780504\",\"https:\\\/\\\/www.linkedin.com\\\/company\\\/botres-global\\\/\",\"https:\\\/\\\/www.instagram.com\\\/botresglobal\\\/\"]}]}<\/script>\n<!-- \/ Yoast SEO plugin. -->","yoast_head_json":{"title":"Referenzen - Botres","robots":{"index":"index","follow":"follow","max-snippet":"max-snippet:-1","max-image-preview":"max-image-preview:large","max-video-preview":"max-video-preview:-1"},"canonical":"https:\/\/www.botres.com\/de\/projekte\/","og_locale":"de_DE","og_type":"article","og_title":"Referenzen - Botres","og_description":"DIE WELT MIT ERNEUERBARER ENERGIE VERSORGENWELTWEITE BIOGASPROJEKTEDie erfolgreichen Biogasprojekte von Botres Global erstrecken sich \u00fcber den gesamten Globus. Mit innovativen Technologien und modernster Ausr\u00fcstung verarbeiten unsere Anlagen j\u00e4hrlich mehr als eine Million Tonnen organischer Abf\u00e4lle. Unsere realisierten Projekte erzeugen mehr als 350 GWh erneuerbare Energie pro Jahr und leisten damit einen wichtigen Beitrag zur Reduzierung [&hellip;]","og_url":"https:\/\/www.botres.com\/de\/projekte\/","og_site_name":"Botres","article_publisher":"https:\/\/www.facebook.com\/profile.php?id=61550819780504","article_modified_time":"2025-05-08T09:09:27+00:00","og_image":[{"width":1536,"height":1228,"url":"https:\/\/www.botres.com\/wp-content\/uploads\/2024\/01\/004-Anlage-Bilecik1-1.jpg","type":"image\/jpeg"}],"twitter_card":"summary_large_image","schema":{"@context":"https:\/\/schema.org","@graph":[{"@type":"WebPage","@id":"https:\/\/www.botres.com\/de\/projekte\/","url":"https:\/\/www.botres.com\/de\/projekte\/","name":"Referenzen - Botres","isPartOf":{"@id":"https:\/\/www.botres.com\/#website"},"datePublished":"2024-01-23T16:33:08+00:00","dateModified":"2025-05-08T09:09:27+00:00","breadcrumb":{"@id":"https:\/\/www.botres.com\/de\/projekte\/#breadcrumb"},"inLanguage":"de","potentialAction":[{"@type":"ReadAction","target":["https:\/\/www.botres.com\/de\/projekte\/"]}]},{"@type":"BreadcrumbList","@id":"https:\/\/www.botres.com\/de\/projekte\/#breadcrumb","itemListElement":[{"@type":"ListItem","position":1,"name":"Home","item":"https:\/\/www.botres.com\/de\/"},{"@type":"ListItem","position":2,"name":"Referenzen"}]},{"@type":"WebSite","@id":"https:\/\/www.botres.com\/#website","url":"https:\/\/www.botres.com\/","name":"Botres Global GmbH","description":"","publisher":{"@id":"https:\/\/www.botres.com\/#organization"},"potentialAction":[{"@type":"SearchAction","target":{"@type":"EntryPoint","urlTemplate":"https:\/\/www.botres.com\/?s={search_term_string}"},"query-input":{"@type":"PropertyValueSpecification","valueRequired":true,"valueName":"search_term_string"}}],"inLanguage":"de"},{"@type":"Organization","@id":"https:\/\/www.botres.com\/#organization","name":"Botres Global GmbH","url":"https:\/\/www.botres.com\/","logo":{"@type":"ImageObject","inLanguage":"de","@id":"https:\/\/www.botres.com\/#\/schema\/logo\/image\/","url":"https:\/\/www.botres.com\/wp-content\/uploads\/2024\/01\/cropped-cropped-Logo-Botres-quadratisch-scaled-1.jpg","contentUrl":"https:\/\/www.botres.com\/wp-content\/uploads\/2024\/01\/cropped-cropped-Logo-Botres-quadratisch-scaled-1.jpg","width":512,"height":512,"caption":"Botres Global GmbH"},"image":{"@id":"https:\/\/www.botres.com\/#\/schema\/logo\/image\/"},"sameAs":["https:\/\/www.facebook.com\/profile.php?id=61550819780504","https:\/\/www.linkedin.com\/company\/botres-global\/","https:\/\/www.instagram.com\/botresglobal\/"]}]}},"_links":{"self":[{"href":"https:\/\/www.botres.com\/de\/wp-json\/wp\/v2\/pages\/1886","targetHints":{"allow":["GET"]}}],"collection":[{"href":"https:\/\/www.botres.com\/de\/wp-json\/wp\/v2\/pages"}],"about":[{"href":"https:\/\/www.botres.com\/de\/wp-json\/wp\/v2\/types\/page"}],"author":[{"embeddable":true,"href":"https:\/\/www.botres.com\/de\/wp-json\/wp\/v2\/users\/4"}],"replies":[{"embeddable":true,"href":"https:\/\/www.botres.com\/de\/wp-json\/wp\/v2\/comments?post=1886"}],"version-history":[{"count":23,"href":"https:\/\/www.botres.com\/de\/wp-json\/wp\/v2\/pages\/1886\/revisions"}],"predecessor-version":[{"id":12747,"href":"https:\/\/www.botres.com\/de\/wp-json\/wp\/v2\/pages\/1886\/revisions\/12747"}],"wp:attachment":[{"href":"https:\/\/www.botres.com\/de\/wp-json\/wp\/v2\/media?parent=1886"}],"curies":[{"name":"wp","href":"https:\/\/api.w.org\/{rel}","templated":true}]}}