{"id":1883,"date":"2024-01-23T17:30:44","date_gmt":"2024-01-23T16:30:44","guid":{"rendered":"https:\/\/botres.com\/?page_id=1883"},"modified":"2024-01-27T14:57:24","modified_gmt":"2024-01-27T13:57:24","slug":"reststoff-bioraffinerie","status":"publish","type":"page","link":"https:\/\/www.botres.com\/de\/technology\/reststoff-bioraffinerie\/","title":{"rendered":"Reststoff Bioraffinerie"},"content":{"rendered":"<h1>Reststoff Bioraffinerie<\/h1>\n<p>Der Stickstoff des Rohstoffs wird von uns vor der Reststoff Bioraffinerie so behandelt, dass er das Grundwasser nicht gef\u00e4hrden kann.<\/p>\n<p>Bei der Gewinnung von Biogas entsteht G\u00e4rrest, den wir in unserer Reststoff Bioraffinerie nutzen, um Design-D\u00fcnger, hochwertiges Futter-Protein und essenzielle N\u00e4hrstoffe wie Aminos\u00e4uren herzustellen. Und das alles ohne Emissionen. 2\/3 des G\u00e4rrests wird als sauberes Wasser gewonnen.<\/p>\n","protected":false},"excerpt":{"rendered":"<p>Reststoff Bioraffinerie Der Stickstoff des Rohstoffs wird von uns vor der Reststoff Bioraffinerie so behandelt, dass er das Grundwasser nicht gef\u00e4hrden kann. Bei der Gewinnung von Biogas entsteht G\u00e4rrest, den wir in unserer Reststoff Bioraffinerie nutzen, um Design-D\u00fcnger, hochwertiges Futter-Protein und essenzielle N\u00e4hrstoffe wie Aminos\u00e4uren herzustellen. Und das alles ohne Emissionen. 2\/3 des G\u00e4rrests wird [&hellip;]<\/p>\n","protected":false},"author":4,"featured_media":333,"parent":1875,"menu_order":0,"comment_status":"closed","ping_status":"closed","template":"","meta":{"_acf_changed":false,"_et_pb_use_builder":"on","_et_pb_old_content":"","_et_gb_content_width":"","footnotes":""},"class_list":["post-1883","page","type-page","status-publish","has-post-thumbnail","hentry"],"acf":[],"yoast_head":"<!-- This site is optimized with the Yoast SEO plugin v27.4 - https:\/\/yoast.com\/product\/yoast-seo-wordpress\/ -->\n<title>Reststoff Bioraffinerie - Botres<\/title>\n<meta name=\"robots\" content=\"index, follow, max-snippet:-1, max-image-preview:large, max-video-preview:-1\" \/>\n<link rel=\"canonical\" href=\"https:\/\/www.botres.com\/de\/technology\/reststoff-bioraffinerie\/\" \/>\n<meta property=\"og:locale\" content=\"de_DE\" \/>\n<meta property=\"og:type\" content=\"article\" \/>\n<meta property=\"og:title\" content=\"Reststoff Bioraffinerie - Botres\" \/>\n<meta property=\"og:description\" content=\"Reststoff Bioraffinerie Der Stickstoff des Rohstoffs wird von uns vor der Reststoff Bioraffinerie so behandelt, dass er das Grundwasser nicht gef\u00e4hrden kann. Bei der Gewinnung von Biogas entsteht G\u00e4rrest, den wir in unserer Reststoff Bioraffinerie nutzen, um Design-D\u00fcnger, hochwertiges Futter-Protein und essenzielle N\u00e4hrstoffe wie Aminos\u00e4uren herzustellen. Und das alles ohne Emissionen. 2\/3 des G\u00e4rrests wird [&hellip;]\" \/>\n<meta property=\"og:url\" content=\"https:\/\/www.botres.com\/de\/technology\/reststoff-bioraffinerie\/\" \/>\n<meta property=\"og:site_name\" content=\"Botres\" \/>\n<meta property=\"article:publisher\" content=\"https:\/\/www.facebook.com\/profile.php?id=61550819780504\" \/>\n<meta property=\"article:modified_time\" content=\"2024-01-27T13:57:24+00:00\" \/>\n<meta property=\"og:image\" content=\"https:\/\/www.botres.com\/wp-content\/uploads\/2024\/01\/Anlage-Bilecik1.jpg\" \/>\n\t<meta property=\"og:image:width\" content=\"1536\" \/>\n\t<meta property=\"og:image:height\" content=\"1228\" \/>\n\t<meta property=\"og:image:type\" content=\"image\/jpeg\" \/>\n<meta name=\"twitter:card\" content=\"summary_large_image\" \/>\n<script type=\"application\/ld+json\" class=\"yoast-schema-graph\">{\"@context\":\"https:\\\/\\\/schema.org\",\"@graph\":[{\"@type\":\"WebPage\",\"@id\":\"https:\\\/\\\/www.botres.com\\\/de\\\/technology\\\/reststoff-bioraffinerie\\\/\",\"url\":\"https:\\\/\\\/www.botres.com\\\/de\\\/technology\\\/reststoff-bioraffinerie\\\/\",\"name\":\"Reststoff Bioraffinerie - Botres\",\"isPartOf\":{\"@id\":\"https:\\\/\\\/www.botres.com\\\/#website\"},\"primaryImageOfPage\":{\"@id\":\"https:\\\/\\\/www.botres.com\\\/de\\\/technology\\\/reststoff-bioraffinerie\\\/#primaryimage\"},\"image\":{\"@id\":\"https:\\\/\\\/www.botres.com\\\/de\\\/technology\\\/reststoff-bioraffinerie\\\/#primaryimage\"},\"thumbnailUrl\":\"https:\\\/\\\/www.botres.com\\\/wp-content\\\/uploads\\\/2024\\\/01\\\/Anlage-Bilecik1.jpg\",\"datePublished\":\"2024-01-23T16:30:44+00:00\",\"dateModified\":\"2024-01-27T13:57:24+00:00\",\"breadcrumb\":{\"@id\":\"https:\\\/\\\/www.botres.com\\\/de\\\/technology\\\/reststoff-bioraffinerie\\\/#breadcrumb\"},\"inLanguage\":\"de\",\"potentialAction\":[{\"@type\":\"ReadAction\",\"target\":[\"https:\\\/\\\/www.botres.com\\\/de\\\/technology\\\/reststoff-bioraffinerie\\\/\"]}]},{\"@type\":\"ImageObject\",\"inLanguage\":\"de\",\"@id\":\"https:\\\/\\\/www.botres.com\\\/de\\\/technology\\\/reststoff-bioraffinerie\\\/#primaryimage\",\"url\":\"https:\\\/\\\/www.botres.com\\\/wp-content\\\/uploads\\\/2024\\\/01\\\/Anlage-Bilecik1.jpg\",\"contentUrl\":\"https:\\\/\\\/www.botres.com\\\/wp-content\\\/uploads\\\/2024\\\/01\\\/Anlage-Bilecik1.jpg\",\"width\":1536,\"height\":1228},{\"@type\":\"BreadcrumbList\",\"@id\":\"https:\\\/\\\/www.botres.com\\\/de\\\/technology\\\/reststoff-bioraffinerie\\\/#breadcrumb\",\"itemListElement\":[{\"@type\":\"ListItem\",\"position\":1,\"name\":\"Home\",\"item\":\"https:\\\/\\\/www.botres.com\\\/de\\\/\"},{\"@type\":\"ListItem\",\"position\":2,\"name\":\"Technologie\",\"item\":\"https:\\\/\\\/www.botres.com\\\/de\\\/technology\\\/\"},{\"@type\":\"ListItem\",\"position\":3,\"name\":\"Reststoff Bioraffinerie\"}]},{\"@type\":\"WebSite\",\"@id\":\"https:\\\/\\\/www.botres.com\\\/#website\",\"url\":\"https:\\\/\\\/www.botres.com\\\/\",\"name\":\"Botres Global GmbH\",\"description\":\"\",\"publisher\":{\"@id\":\"https:\\\/\\\/www.botres.com\\\/#organization\"},\"potentialAction\":[{\"@type\":\"SearchAction\",\"target\":{\"@type\":\"EntryPoint\",\"urlTemplate\":\"https:\\\/\\\/www.botres.com\\\/?s={search_term_string}\"},\"query-input\":{\"@type\":\"PropertyValueSpecification\",\"valueRequired\":true,\"valueName\":\"search_term_string\"}}],\"inLanguage\":\"de\"},{\"@type\":\"Organization\",\"@id\":\"https:\\\/\\\/www.botres.com\\\/#organization\",\"name\":\"Botres Global GmbH\",\"url\":\"https:\\\/\\\/www.botres.com\\\/\",\"logo\":{\"@type\":\"ImageObject\",\"inLanguage\":\"de\",\"@id\":\"https:\\\/\\\/www.botres.com\\\/#\\\/schema\\\/logo\\\/image\\\/\",\"url\":\"https:\\\/\\\/www.botres.com\\\/wp-content\\\/uploads\\\/2024\\\/01\\\/cropped-cropped-Logo-Botres-quadratisch-scaled-1.jpg\",\"contentUrl\":\"https:\\\/\\\/www.botres.com\\\/wp-content\\\/uploads\\\/2024\\\/01\\\/cropped-cropped-Logo-Botres-quadratisch-scaled-1.jpg\",\"width\":512,\"height\":512,\"caption\":\"Botres Global GmbH\"},\"image\":{\"@id\":\"https:\\\/\\\/www.botres.com\\\/#\\\/schema\\\/logo\\\/image\\\/\"},\"sameAs\":[\"https:\\\/\\\/www.facebook.com\\\/profile.php?id=61550819780504\",\"https:\\\/\\\/www.linkedin.com\\\/company\\\/botres-global\\\/\",\"https:\\\/\\\/www.instagram.com\\\/botresglobal\\\/\"]}]}<\/script>\n<!-- \/ Yoast SEO plugin. -->","yoast_head_json":{"title":"Reststoff Bioraffinerie - Botres","robots":{"index":"index","follow":"follow","max-snippet":"max-snippet:-1","max-image-preview":"max-image-preview:large","max-video-preview":"max-video-preview:-1"},"canonical":"https:\/\/www.botres.com\/de\/technology\/reststoff-bioraffinerie\/","og_locale":"de_DE","og_type":"article","og_title":"Reststoff Bioraffinerie - Botres","og_description":"Reststoff Bioraffinerie Der Stickstoff des Rohstoffs wird von uns vor der Reststoff Bioraffinerie so behandelt, dass er das Grundwasser nicht gef\u00e4hrden kann. Bei der Gewinnung von Biogas entsteht G\u00e4rrest, den wir in unserer Reststoff Bioraffinerie nutzen, um Design-D\u00fcnger, hochwertiges Futter-Protein und essenzielle N\u00e4hrstoffe wie Aminos\u00e4uren herzustellen. Und das alles ohne Emissionen. 2\/3 des G\u00e4rrests wird [&hellip;]","og_url":"https:\/\/www.botres.com\/de\/technology\/reststoff-bioraffinerie\/","og_site_name":"Botres","article_publisher":"https:\/\/www.facebook.com\/profile.php?id=61550819780504","article_modified_time":"2024-01-27T13:57:24+00:00","og_image":[{"width":1536,"height":1228,"url":"https:\/\/www.botres.com\/wp-content\/uploads\/2024\/01\/Anlage-Bilecik1.jpg","type":"image\/jpeg"}],"twitter_card":"summary_large_image","schema":{"@context":"https:\/\/schema.org","@graph":[{"@type":"WebPage","@id":"https:\/\/www.botres.com\/de\/technology\/reststoff-bioraffinerie\/","url":"https:\/\/www.botres.com\/de\/technology\/reststoff-bioraffinerie\/","name":"Reststoff Bioraffinerie - Botres","isPartOf":{"@id":"https:\/\/www.botres.com\/#website"},"primaryImageOfPage":{"@id":"https:\/\/www.botres.com\/de\/technology\/reststoff-bioraffinerie\/#primaryimage"},"image":{"@id":"https:\/\/www.botres.com\/de\/technology\/reststoff-bioraffinerie\/#primaryimage"},"thumbnailUrl":"https:\/\/www.botres.com\/wp-content\/uploads\/2024\/01\/Anlage-Bilecik1.jpg","datePublished":"2024-01-23T16:30:44+00:00","dateModified":"2024-01-27T13:57:24+00:00","breadcrumb":{"@id":"https:\/\/www.botres.com\/de\/technology\/reststoff-bioraffinerie\/#breadcrumb"},"inLanguage":"de","potentialAction":[{"@type":"ReadAction","target":["https:\/\/www.botres.com\/de\/technology\/reststoff-bioraffinerie\/"]}]},{"@type":"ImageObject","inLanguage":"de","@id":"https:\/\/www.botres.com\/de\/technology\/reststoff-bioraffinerie\/#primaryimage","url":"https:\/\/www.botres.com\/wp-content\/uploads\/2024\/01\/Anlage-Bilecik1.jpg","contentUrl":"https:\/\/www.botres.com\/wp-content\/uploads\/2024\/01\/Anlage-Bilecik1.jpg","width":1536,"height":1228},{"@type":"BreadcrumbList","@id":"https:\/\/www.botres.com\/de\/technology\/reststoff-bioraffinerie\/#breadcrumb","itemListElement":[{"@type":"ListItem","position":1,"name":"Home","item":"https:\/\/www.botres.com\/de\/"},{"@type":"ListItem","position":2,"name":"Technologie","item":"https:\/\/www.botres.com\/de\/technology\/"},{"@type":"ListItem","position":3,"name":"Reststoff Bioraffinerie"}]},{"@type":"WebSite","@id":"https:\/\/www.botres.com\/#website","url":"https:\/\/www.botres.com\/","name":"Botres Global GmbH","description":"","publisher":{"@id":"https:\/\/www.botres.com\/#organization"},"potentialAction":[{"@type":"SearchAction","target":{"@type":"EntryPoint","urlTemplate":"https:\/\/www.botres.com\/?s={search_term_string}"},"query-input":{"@type":"PropertyValueSpecification","valueRequired":true,"valueName":"search_term_string"}}],"inLanguage":"de"},{"@type":"Organization","@id":"https:\/\/www.botres.com\/#organization","name":"Botres Global GmbH","url":"https:\/\/www.botres.com\/","logo":{"@type":"ImageObject","inLanguage":"de","@id":"https:\/\/www.botres.com\/#\/schema\/logo\/image\/","url":"https:\/\/www.botres.com\/wp-content\/uploads\/2024\/01\/cropped-cropped-Logo-Botres-quadratisch-scaled-1.jpg","contentUrl":"https:\/\/www.botres.com\/wp-content\/uploads\/2024\/01\/cropped-cropped-Logo-Botres-quadratisch-scaled-1.jpg","width":512,"height":512,"caption":"Botres Global GmbH"},"image":{"@id":"https:\/\/www.botres.com\/#\/schema\/logo\/image\/"},"sameAs":["https:\/\/www.facebook.com\/profile.php?id=61550819780504","https:\/\/www.linkedin.com\/company\/botres-global\/","https:\/\/www.instagram.com\/botresglobal\/"]}]}},"_links":{"self":[{"href":"https:\/\/www.botres.com\/de\/wp-json\/wp\/v2\/pages\/1883","targetHints":{"allow":["GET"]}}],"collection":[{"href":"https:\/\/www.botres.com\/de\/wp-json\/wp\/v2\/pages"}],"about":[{"href":"https:\/\/www.botres.com\/de\/wp-json\/wp\/v2\/types\/page"}],"author":[{"embeddable":true,"href":"https:\/\/www.botres.com\/de\/wp-json\/wp\/v2\/users\/4"}],"replies":[{"embeddable":true,"href":"https:\/\/www.botres.com\/de\/wp-json\/wp\/v2\/comments?post=1883"}],"version-history":[{"count":2,"href":"https:\/\/www.botres.com\/de\/wp-json\/wp\/v2\/pages\/1883\/revisions"}],"predecessor-version":[{"id":1885,"href":"https:\/\/www.botres.com\/de\/wp-json\/wp\/v2\/pages\/1883\/revisions\/1885"}],"up":[{"embeddable":true,"href":"https:\/\/www.botres.com\/de\/wp-json\/wp\/v2\/pages\/1875"}],"wp:featuredmedia":[{"embeddable":true,"href":"https:\/\/www.botres.com\/de\/wp-json\/wp\/v2\/media\/333"}],"wp:attachment":[{"href":"https:\/\/www.botres.com\/de\/wp-json\/wp\/v2\/media?parent=1883"}],"curies":[{"name":"wp","href":"https:\/\/api.w.org\/{rel}","templated":true}]}}