{"id":1836,"date":"2024-01-23T17:19:44","date_gmt":"2024-01-23T16:19:44","guid":{"rendered":"https:\/\/botres.com\/?page_id=1836"},"modified":"2025-05-08T12:58:36","modified_gmt":"2025-05-08T10:58:36","slug":"ueber-uns","status":"publish","type":"page","link":"https:\/\/www.botres.com\/de\/firma\/ueber-uns\/","title":{"rendered":"\u00dcber uns"},"content":{"rendered":"<p>[et_pb_section fb_built=&#8220;1&#8243; _builder_version=&#8220;4.27.4&#8243; _module_preset=&#8220;default&#8220; background_image=&#8220;https:\/\/www.botres.com\/wp-content\/uploads\/2024\/08\/beautiful-shot-bee-eater-bird-perched-branch-forest_181624-31908.jpg&#8220; background_position=&#8220;bottom_center&#8220; background_vertical_offset=&#8220;91%&#8220; background_enable_video_mp4=&#8220;off&#8220; global_colors_info=&#8220;{}&#8220;][et_pb_row _builder_version=&#8220;4.25.1&#8243; _module_preset=&#8220;default&#8220; global_colors_info=&#8220;{}&#8220;][et_pb_column type=&#8220;4_4&#8243; _builder_version=&#8220;4.25.1&#8243; _module_preset=&#8220;default&#8220; global_colors_info=&#8220;{}&#8220;][et_pb_text module_class=&#8220;accent-bold accentcolor-on-bold&#8220; _builder_version=&#8220;4.27.0&#8243; _module_preset=&#8220;default&#8220; header_font=&#8220;|||on|||||&#8220; header_text_color=&#8220;#FFFFFF&#8220; custom_margin=&#8220;5rem||5rem||false|false&#8220; header_text_shadow_style=&#8220;preset1&#8243; global_colors_info=&#8220;{}&#8220;]<\/p>\n<h1><strong>H\u00d6CHSTER INDUSTRIESTANDARD DANK EIGENER TECHNOLOGIE<\/strong><\/h1>\n<p>[\/et_pb_text][\/et_pb_column][\/et_pb_row][\/et_pb_section][et_pb_section fb_built=&#8220;1&#8243; _builder_version=&#8220;4.25.1&#8243; _module_preset=&#8220;default&#8220; global_colors_info=&#8220;{}&#8220;][et_pb_row _builder_version=&#8220;4.25.1&#8243; _module_preset=&#8220;default&#8220; global_colors_info=&#8220;{}&#8220;][et_pb_column type=&#8220;4_4&#8243; _builder_version=&#8220;4.25.1&#8243; _module_preset=&#8220;default&#8220; global_colors_info=&#8220;{}&#8220;][et_pb_text _builder_version=&#8220;4.25.1&#8243; _module_preset=&#8220;b147756b-4572-46e4-ad90-d428afb5e7e5&#8243; animation_style=&#8220;fade&#8220; animation_duration=&#8220;650ms&#8220; global_colors_info=&#8220;{}&#8220;]<\/p>\n<h1><strong>BIOGAS F\u00dcR EINE NACHHALTIGE ZUKUNFT<\/strong><\/h1>\n<p>[\/et_pb_text][et_pb_text _builder_version=&#8220;4.27.2&#8243; _module_preset=&#8220;b147756b-4572-46e4-ad90-d428afb5e7e5&#8243; animation_style=&#8220;fade&#8220; animation_duration=&#8220;650ms&#8220; global_colors_info=&#8220;{}&#8220;]<\/p>\n<p>Unsere Leidenschaft ist die Planung und der Bau von Biogasanlagen, die exakt auf die Bed\u00fcrfnisse unserer Kunden zugeschnitten sind.<\/p>\n<p>Dieser Leidenschaft verdankt Botres Global bereits zahlreiche bahnbrechende Erfolgsgeschichten. Zu unseren Kunden z\u00e4hlen einige der weltweit gr\u00f6\u00dften Unternehmen in den Bereichen Abfallwirtschaft und Infrastruktur. W\u00e4hrend wir unser EPC-Gesch\u00e4ft (Engineering-Procurement-Construction) deutlich ausgebaut haben, liegt unser neuer Fokus auf dem Bau und Betrieb eigener BOO-Anlagen (Build-Own-Operate). Diese strategische Neuausrichtung schafft Synergien und bietet unseren Kunden, die wir als langfristige Partner betrachten, erhebliche Vorteile.   <\/p>\n<p>[\/et_pb_text][\/et_pb_column][\/et_pb_row][et_pb_row _builder_version=&#8220;4.27.0&#8243; _module_preset=&#8220;default&#8220; global_colors_info=&#8220;{}&#8220;][et_pb_column type=&#8220;4_4&#8243; _builder_version=&#8220;4.27.0&#8243; _module_preset=&#8220;default&#8220; global_colors_info=&#8220;{}&#8220;][et_pb_image src=&#8220;https:\/\/www.botres.com\/wp-content\/uploads\/2025\/01\/Technology-6.png&#8220; title_text=&#8220;Technology (6)&#8220; _builder_version=&#8220;4.27.4&#8243; _module_preset=&#8220;default&#8220; width=&#8220;58%&#8220; module_alignment=&#8220;center&#8220; hover_enabled=&#8220;0&#8243; global_colors_info=&#8220;{}&#8220; sticky_enabled=&#8220;0&#8243;][\/et_pb_image][\/et_pb_column][\/et_pb_row][et_pb_row _builder_version=&#8220;4.25.1&#8243; _module_preset=&#8220;default&#8220; global_colors_info=&#8220;{}&#8220;][et_pb_column type=&#8220;4_4&#8243; _builder_version=&#8220;4.25.1&#8243; _module_preset=&#8220;default&#8220; global_colors_info=&#8220;{}&#8220;][et_pb_text _builder_version=&#8220;4.27.2&#8243; _module_preset=&#8220;b147756b-4572-46e4-ad90-d428afb5e7e5&#8243; global_colors_info=&#8220;{}&#8220;]<\/p>\n<h2><strong>Unternehmensstruktur<\/strong><\/h2>\n<p>Angefangen mit zwei Personen im Jahr 2012 ist Botres in den letzten Jahren stark gewachsen. Heute sind wir mit einem globalen Team t\u00e4tig, das von unserem Hauptsitz in \u00d6sterreich sowie von unseren Niederlassungen in Spanien, Italien und Polen aus operiert. Weitere Standorte sind in Planung. Diese internationale Pr\u00e4senz erm\u00f6glicht es uns, effizient in verschiedenen L\u00e4ndern zu arbeiten und rasch und vor Ort auf die Bed\u00fcrfnisse unserer Kunden einzugehen.<\/p>\n<p>[\/et_pb_text][\/et_pb_column][\/et_pb_row][\/et_pb_section][et_pb_section fb_built=&#8220;1&#8243; _builder_version=&#8220;4.27.2&#8243; _module_preset=&#8220;default&#8220; background_color=&#8220;#0096C5&#8243; global_colors_info=&#8220;{}&#8220;][et_pb_row _builder_version=&#8220;4.27.0&#8243; _module_preset=&#8220;default&#8220; global_colors_info=&#8220;{}&#8220;][et_pb_column type=&#8220;4_4&#8243; _builder_version=&#8220;4.27.0&#8243; _module_preset=&#8220;default&#8220; global_colors_info=&#8220;{}&#8220;][et_pb_image src=&#8220;https:\/\/botres.com\/wp-content\/uploads\/2024\/10\/Untitled-design-11-1.png&#8220; title_text=&#8220;Untitled design (11)&#8220; _builder_version=&#8220;4.27.2&#8243; _module_preset=&#8220;default&#8220; global_colors_info=&#8220;{}&#8220;][\/et_pb_image][\/et_pb_column][\/et_pb_row][et_pb_row _builder_version=&#8220;4.27.0&#8243; _module_preset=&#8220;default&#8220; global_colors_info=&#8220;{}&#8220;][et_pb_column type=&#8220;4_4&#8243; _builder_version=&#8220;4.27.0&#8243; _module_preset=&#8220;default&#8220; global_colors_info=&#8220;{}&#8220;][et_pb_text _builder_version=&#8220;4.27.2&#8243; _module_preset=&#8220;default&#8220; text_text_color=&#8220;#FFFFFF&#8220; global_colors_info=&#8220;{}&#8220;]<\/p>\n<p><span data-teams=\"true\"><span class=\"ui-provider a b c d e f g h i j k l m n o p q r s t u v w x y z ab ac ae af ag ah ai aj ak\" dir=\"ltr\">Im M\u00e4rz 2024 hat sich Hartree Partners (UK) Limited einen Anteil von 50 % an der Botres Holding GmbH und ihren Tochtergesellschaften erworben. Mit dieser Partnerschaft verfolgen wir das Ziel, unter der Marke Botres einen europ\u00e4ischen Biomethanproduzenten aufzubauen, dessen Schwerpunkt auf Rohstoffen liegt, die der Erneuerbare-Energien-Richtlinie (RED) entsprechen. Durch die B\u00fcndelung unserer Kompetenzen und Ressourcen sind wir zuversichtlich, au\u00dfergew\u00f6hnliche Ergebnisse zu erzielen und einen bedeutenden Beitrag zur Energiewende Europas leisten zu k\u00f6nnen.<\/span><\/span><\/p>\n<p>[\/et_pb_text][\/et_pb_column][\/et_pb_row][\/et_pb_section][et_pb_section fb_built=&#8220;1&#8243; _builder_version=&#8220;4.27.2&#8243; _module_preset=&#8220;default&#8220; background_color=&#8220;#F6C318&#8243; global_colors_info=&#8220;{}&#8220;][et_pb_row _builder_version=&#8220;4.25.1&#8243; _module_preset=&#8220;default&#8220; global_colors_info=&#8220;{}&#8220;][et_pb_column type=&#8220;4_4&#8243; _builder_version=&#8220;4.25.1&#8243; _module_preset=&#8220;default&#8220; global_colors_info=&#8220;{}&#8220;][et_pb_text _builder_version=&#8220;4.27.2&#8243; _module_preset=&#8220;default&#8220; global_colors_info=&#8220;{}&#8220;]<\/p>\n<h2><span style=\"color: #000000;\"><strong>DIE MENSCHEN HINTER BOTRES GLOBAL<\/strong><\/span><\/h2>\n<p>[\/et_pb_text][et_pb_text _builder_version=&#8220;4.27.2&#8243; _module_preset=&#8220;default&#8220; global_colors_info=&#8220;{}&#8220;]<\/p>\n<p>Unser Team besteht aus Expert:innen der Umweltbiotechnologie, erfahrenen (mehr als 20 Jahre) Verfahrens- und Maschinenbauingenieur:innen und Gesch\u00e4ftsf\u00fchrern, die ihr firmeneigenes Know-how einbringen und weitergeben.<\/p>\n<p>Wir sind dem Wert der Nachhaltigkeit und der Zuverl\u00e4ssigkeit bei der Erbringung all unserer Dienstleistungen verpflichtet. Kundenzufriedenheit, ethische Unternehmensf\u00fchrung und unsere Mitarbeiter:innen sind die Eckpfeiler von Botres Global.<\/p>\n<p>[\/et_pb_text][et_pb_image src=&#8220;https:\/\/botres.com\/wp-content\/uploads\/2024\/08\/4.jpg&#8220; title_text=&#8220;4&#8243; _builder_version=&#8220;4.27.0&#8243; _module_preset=&#8220;default&#8220; global_colors_info=&#8220;{}&#8220;][\/et_pb_image][\/et_pb_column][\/et_pb_row][\/et_pb_section][et_pb_section fb_built=&#8220;1&#8243; _builder_version=&#8220;4.25.1&#8243; _module_preset=&#8220;default&#8220; global_colors_info=&#8220;{}&#8220;][et_pb_row _builder_version=&#8220;4.25.1&#8243; _module_preset=&#8220;default&#8220; global_colors_info=&#8220;{}&#8220;][et_pb_column type=&#8220;4_4&#8243; _builder_version=&#8220;4.25.1&#8243; _module_preset=&#8220;default&#8220; global_colors_info=&#8220;{}&#8220;][et_pb_text _builder_version=&#8220;4.27.2&#8243; _module_preset=&#8220;b147756b-4572-46e4-ad90-d428afb5e7e5&#8243; global_colors_info=&#8220;{}&#8220;]<\/p>\n<h2><strong>UNSERE GESCHICHTE<\/strong><\/h2>\n<p>Botres Global wurde 2012 von Stefan Kromus und Markus Grasmug gegr\u00fcndet, die beide \u00fcber mehr als 20 Jahre Erfahrung in der Biogasbranche verf\u00fcgen. Die beiden Gr\u00fcnder haben nicht nur akademisch fundierte Branchenkenntnisse, sondern auch praktische Erfahrungen in der Abfallwirtschaft und im t\u00e4glichen Betrieb gesammelt. Bis heute sind sie gerne vor Ort aktiv, um den direkten Bezug zur Praxis und zum Kerngesch\u00e4ft zu erhalten.<\/p>\n<p>[\/et_pb_text][et_pb_image src=&#8220;https:\/\/botres.com\/wp-content\/uploads\/2024\/08\/Stefan-Markus.png&#8220; title_text=&#8220;Stefan Markus&#8220; align=&#8220;center&#8220; _builder_version=&#8220;4.27.0&#8243; _module_preset=&#8220;default&#8220; width=&#8220;63%&#8220; global_colors_info=&#8220;{}&#8220;][\/et_pb_image][\/et_pb_column][\/et_pb_row][\/et_pb_section][et_pb_section fb_built=&#8220;1&#8243; _builder_version=&#8220;4.27.2&#8243; _module_preset=&#8220;default&#8220; background_color=&#8220;#0096C5&#8243; global_colors_info=&#8220;{}&#8220;][et_pb_row _builder_version=&#8220;4.27.0&#8243; _module_preset=&#8220;default&#8220; width=&#8220;81%&#8220; max_width=&#8220;1069px&#8220; global_colors_info=&#8220;{}&#8220;][et_pb_column type=&#8220;4_4&#8243; _builder_version=&#8220;4.25.1&#8243; _module_preset=&#8220;default&#8220; global_colors_info=&#8220;{}&#8220;][et_pb_text _builder_version=&#8220;4.27.2&#8243; _module_preset=&#8220;default&#8220; text_text_color=&#8220;#FFFFFF&#8220; header_text_color=&#8220;#FFFFFF&#8220; header_2_text_color=&#8220;#FFFFFF&#8220; global_colors_info=&#8220;{}&#8220;]<\/p>\n<h2 style=\"font-weight: 400;\"><strong>WARUM DER NAME BOTRES GLOBAL?<\/strong><\/h2>\n<p>Der Name Botres stammt aus der griechischen Mythologie und steht f\u00fcr Ver\u00e4nderung, symbolisiert durch den Bienenfresser Vogel &#8211; ein Motiv, das sich in unserem Logo widerspiegelt.<\/p>\n<p>Bei Botres Global unterst\u00fctzen wir die globale Energiewende, indem wir organische Abf\u00e4lle in erneuerbare Energie umwandeln und nachhaltige Praktiken f\u00f6rdern, die den Weg in eine gr\u00fcnere Zukunft ebnen. Unsere Projekte sind darauf ausgerichtet, sowohl f\u00fcr unsere Kunden als auch f\u00fcr die Umwelt einen nachhaltigen Mehrwert zu schaffen. Geleitet von unserem Engagement f\u00fcr Innovation und Ver\u00e4nderung liefern wir stets herausragende Ergebnisse.<\/p>\n<p>[\/et_pb_text][et_pb_image src=&#8220;https:\/\/botres.com\/wp-content\/uploads\/2024\/07\/closeup-shot-bee-eater-with-colorful-feathers-scaled.jpg&#8220; title_text=&#8220;Nahaufnahme eines Bienenfressers mit buntem Gefieder&#8220; align=&#8220;center&#8220; _builder_version=&#8220;4.27.0&#8243; _module_preset=&#8220;default&#8220; width=&#8220;100%&#8220; max_width=&#8220;100%&#8220; global_colors_info=&#8220;{}&#8220;][\/et_pb_image][\/et_pb_column][\/et_pb_row][\/et_pb_section][et_pb_section fb_built=&#8220;1&#8243; _builder_version=&#8220;4.25.1&#8243; _module_preset=&#8220;default&#8220; custom_padding=&#8220;0px|||||&#8220; saved_tabs=&#8220;all&#8220; global_colors_info=&#8220;{}&#8220;][et_pb_row _builder_version=&#8220;4.27.0&#8243; _module_preset=&#8220;default&#8220; global_colors_info=&#8220;{}&#8220;][et_pb_column type=&#8220;4_4&#8243; _builder_version=&#8220;4.27.0&#8243; _module_preset=&#8220;default&#8220; global_colors_info=&#8220;{}&#8220;][et_pb_text _builder_version=&#8220;4.27.2&#8243; _module_preset=&#8220;b147756b-4572-46e4-ad90-d428afb5e7e5&#8243; animation_style=&#8220;fade&#8220; animation_duration=&#8220;650ms&#8220; global_colors_info=&#8220;{}&#8220;]<\/p>\n<h2><strong>Aktuelles<\/strong><\/h2>\n<p>[\/et_pb_text][dnxte_blog_slider order=&#8220;DESC&#8220; excerpt_length=&#8220;40&#8243; dnxte_blogslider_spacebetween=&#8220;36&#8243; _builder_version=&#8220;4.27.0&#8243; _module_preset=&#8220;default&#8220; custom_margin=&#8220;3rem||||false|false&#8220; global_colors_info=&#8220;{}&#8220;][\/dnxte_blog_slider][\/et_pb_column][\/et_pb_row][\/et_pb_section]<\/p>\n","protected":false},"excerpt":{"rendered":"<p>H\u00d6CHSTER INDUSTRIESTANDARD DANK EIGENER TECHNOLOGIEBIOGAS F\u00dcR EINE NACHHALTIGE ZUKUNFTUnsere Leidenschaft ist die Planung und der Bau von Biogasanlagen, die exakt auf die Bed\u00fcrfnisse unserer Kunden zugeschnitten sind. Dieser Leidenschaft verdankt Botres Global bereits zahlreiche bahnbrechende Erfolgsgeschichten. Zu unseren Kunden z\u00e4hlen einige der weltweit gr\u00f6\u00dften Unternehmen in den Bereichen Abfallwirtschaft und Infrastruktur. W\u00e4hrend wir unser EPC-Gesch\u00e4ft [&hellip;]<\/p>\n","protected":false},"author":4,"featured_media":314,"parent":1833,"menu_order":0,"comment_status":"closed","ping_status":"closed","template":"","meta":{"_acf_changed":false,"_et_pb_use_builder":"on","_et_pb_old_content":"","_et_gb_content_width":"","footnotes":""},"class_list":["post-1836","page","type-page","status-publish","has-post-thumbnail","hentry"],"acf":[],"yoast_head":"<!-- This site is optimized with the Yoast SEO plugin v27.4 - https:\/\/yoast.com\/product\/yoast-seo-wordpress\/ -->\n<title>\u00dcber uns - Botres<\/title>\n<meta name=\"robots\" content=\"index, follow, max-snippet:-1, max-image-preview:large, max-video-preview:-1\" \/>\n<link rel=\"canonical\" href=\"https:\/\/www.botres.com\/de\/firma\/ueber-uns\/\" \/>\n<meta property=\"og:locale\" content=\"de_DE\" \/>\n<meta property=\"og:type\" content=\"article\" \/>\n<meta property=\"og:title\" content=\"\u00dcber uns - Botres\" \/>\n<meta property=\"og:description\" content=\"H\u00d6CHSTER INDUSTRIESTANDARD DANK EIGENER TECHNOLOGIEBIOGAS F\u00dcR EINE NACHHALTIGE ZUKUNFTUnsere Leidenschaft ist die Planung und der Bau von Biogasanlagen, die exakt auf die Bed\u00fcrfnisse unserer Kunden zugeschnitten sind. Dieser Leidenschaft verdankt Botres Global bereits zahlreiche bahnbrechende Erfolgsgeschichten. Zu unseren Kunden z\u00e4hlen einige der weltweit gr\u00f6\u00dften Unternehmen in den Bereichen Abfallwirtschaft und Infrastruktur. W\u00e4hrend wir unser EPC-Gesch\u00e4ft [&hellip;]\" \/>\n<meta property=\"og:url\" content=\"https:\/\/www.botres.com\/de\/firma\/ueber-uns\/\" \/>\n<meta property=\"og:site_name\" content=\"Botres\" \/>\n<meta property=\"article:publisher\" content=\"https:\/\/www.facebook.com\/profile.php?id=61550819780504\" \/>\n<meta property=\"article:modified_time\" content=\"2025-05-08T10:58:36+00:00\" \/>\n<meta property=\"og:image\" content=\"https:\/\/www.botres.com\/wp-content\/uploads\/2024\/01\/company-1.jpg\" \/>\n\t<meta property=\"og:image:width\" content=\"383\" \/>\n\t<meta property=\"og:image:height\" content=\"320\" \/>\n\t<meta property=\"og:image:type\" content=\"image\/jpeg\" \/>\n<meta name=\"twitter:card\" content=\"summary_large_image\" \/>\n<script type=\"application\/ld+json\" class=\"yoast-schema-graph\">{\"@context\":\"https:\\\/\\\/schema.org\",\"@graph\":[{\"@type\":\"WebPage\",\"@id\":\"https:\\\/\\\/www.botres.com\\\/de\\\/firma\\\/ueber-uns\\\/\",\"url\":\"https:\\\/\\\/www.botres.com\\\/de\\\/firma\\\/ueber-uns\\\/\",\"name\":\"\u00dcber uns - Botres\",\"isPartOf\":{\"@id\":\"https:\\\/\\\/www.botres.com\\\/#website\"},\"primaryImageOfPage\":{\"@id\":\"https:\\\/\\\/www.botres.com\\\/de\\\/firma\\\/ueber-uns\\\/#primaryimage\"},\"image\":{\"@id\":\"https:\\\/\\\/www.botres.com\\\/de\\\/firma\\\/ueber-uns\\\/#primaryimage\"},\"thumbnailUrl\":\"https:\\\/\\\/www.botres.com\\\/wp-content\\\/uploads\\\/2024\\\/01\\\/company-1.jpg\",\"datePublished\":\"2024-01-23T16:19:44+00:00\",\"dateModified\":\"2025-05-08T10:58:36+00:00\",\"breadcrumb\":{\"@id\":\"https:\\\/\\\/www.botres.com\\\/de\\\/firma\\\/ueber-uns\\\/#breadcrumb\"},\"inLanguage\":\"de\",\"potentialAction\":[{\"@type\":\"ReadAction\",\"target\":[\"https:\\\/\\\/www.botres.com\\\/de\\\/firma\\\/ueber-uns\\\/\"]}]},{\"@type\":\"ImageObject\",\"inLanguage\":\"de\",\"@id\":\"https:\\\/\\\/www.botres.com\\\/de\\\/firma\\\/ueber-uns\\\/#primaryimage\",\"url\":\"https:\\\/\\\/www.botres.com\\\/wp-content\\\/uploads\\\/2024\\\/01\\\/company-1.jpg\",\"contentUrl\":\"https:\\\/\\\/www.botres.com\\\/wp-content\\\/uploads\\\/2024\\\/01\\\/company-1.jpg\",\"width\":383,\"height\":320},{\"@type\":\"BreadcrumbList\",\"@id\":\"https:\\\/\\\/www.botres.com\\\/de\\\/firma\\\/ueber-uns\\\/#breadcrumb\",\"itemListElement\":[{\"@type\":\"ListItem\",\"position\":1,\"name\":\"Home\",\"item\":\"https:\\\/\\\/www.botres.com\\\/de\\\/\"},{\"@type\":\"ListItem\",\"position\":2,\"name\":\"\u00dcber uns\",\"item\":\"https:\\\/\\\/www.botres.com\\\/de\\\/firma\\\/\"},{\"@type\":\"ListItem\",\"position\":3,\"name\":\"\u00dcber uns\"}]},{\"@type\":\"WebSite\",\"@id\":\"https:\\\/\\\/www.botres.com\\\/#website\",\"url\":\"https:\\\/\\\/www.botres.com\\\/\",\"name\":\"Botres Global GmbH\",\"description\":\"\",\"publisher\":{\"@id\":\"https:\\\/\\\/www.botres.com\\\/#organization\"},\"potentialAction\":[{\"@type\":\"SearchAction\",\"target\":{\"@type\":\"EntryPoint\",\"urlTemplate\":\"https:\\\/\\\/www.botres.com\\\/?s={search_term_string}\"},\"query-input\":{\"@type\":\"PropertyValueSpecification\",\"valueRequired\":true,\"valueName\":\"search_term_string\"}}],\"inLanguage\":\"de\"},{\"@type\":\"Organization\",\"@id\":\"https:\\\/\\\/www.botres.com\\\/#organization\",\"name\":\"Botres Global GmbH\",\"url\":\"https:\\\/\\\/www.botres.com\\\/\",\"logo\":{\"@type\":\"ImageObject\",\"inLanguage\":\"de\",\"@id\":\"https:\\\/\\\/www.botres.com\\\/#\\\/schema\\\/logo\\\/image\\\/\",\"url\":\"https:\\\/\\\/www.botres.com\\\/wp-content\\\/uploads\\\/2024\\\/01\\\/cropped-cropped-Logo-Botres-quadratisch-scaled-1.jpg\",\"contentUrl\":\"https:\\\/\\\/www.botres.com\\\/wp-content\\\/uploads\\\/2024\\\/01\\\/cropped-cropped-Logo-Botres-quadratisch-scaled-1.jpg\",\"width\":512,\"height\":512,\"caption\":\"Botres Global GmbH\"},\"image\":{\"@id\":\"https:\\\/\\\/www.botres.com\\\/#\\\/schema\\\/logo\\\/image\\\/\"},\"sameAs\":[\"https:\\\/\\\/www.facebook.com\\\/profile.php?id=61550819780504\",\"https:\\\/\\\/www.linkedin.com\\\/company\\\/botres-global\\\/\",\"https:\\\/\\\/www.instagram.com\\\/botresglobal\\\/\"]}]}<\/script>\n<!-- \/ Yoast SEO plugin. -->","yoast_head_json":{"title":"\u00dcber uns - Botres","robots":{"index":"index","follow":"follow","max-snippet":"max-snippet:-1","max-image-preview":"max-image-preview:large","max-video-preview":"max-video-preview:-1"},"canonical":"https:\/\/www.botres.com\/de\/firma\/ueber-uns\/","og_locale":"de_DE","og_type":"article","og_title":"\u00dcber uns - Botres","og_description":"H\u00d6CHSTER INDUSTRIESTANDARD DANK EIGENER TECHNOLOGIEBIOGAS F\u00dcR EINE NACHHALTIGE ZUKUNFTUnsere Leidenschaft ist die Planung und der Bau von Biogasanlagen, die exakt auf die Bed\u00fcrfnisse unserer Kunden zugeschnitten sind. Dieser Leidenschaft verdankt Botres Global bereits zahlreiche bahnbrechende Erfolgsgeschichten. Zu unseren Kunden z\u00e4hlen einige der weltweit gr\u00f6\u00dften Unternehmen in den Bereichen Abfallwirtschaft und Infrastruktur. W\u00e4hrend wir unser EPC-Gesch\u00e4ft [&hellip;]","og_url":"https:\/\/www.botres.com\/de\/firma\/ueber-uns\/","og_site_name":"Botres","article_publisher":"https:\/\/www.facebook.com\/profile.php?id=61550819780504","article_modified_time":"2025-05-08T10:58:36+00:00","og_image":[{"width":383,"height":320,"url":"https:\/\/www.botres.com\/wp-content\/uploads\/2024\/01\/company-1.jpg","type":"image\/jpeg"}],"twitter_card":"summary_large_image","schema":{"@context":"https:\/\/schema.org","@graph":[{"@type":"WebPage","@id":"https:\/\/www.botres.com\/de\/firma\/ueber-uns\/","url":"https:\/\/www.botres.com\/de\/firma\/ueber-uns\/","name":"\u00dcber uns - Botres","isPartOf":{"@id":"https:\/\/www.botres.com\/#website"},"primaryImageOfPage":{"@id":"https:\/\/www.botres.com\/de\/firma\/ueber-uns\/#primaryimage"},"image":{"@id":"https:\/\/www.botres.com\/de\/firma\/ueber-uns\/#primaryimage"},"thumbnailUrl":"https:\/\/www.botres.com\/wp-content\/uploads\/2024\/01\/company-1.jpg","datePublished":"2024-01-23T16:19:44+00:00","dateModified":"2025-05-08T10:58:36+00:00","breadcrumb":{"@id":"https:\/\/www.botres.com\/de\/firma\/ueber-uns\/#breadcrumb"},"inLanguage":"de","potentialAction":[{"@type":"ReadAction","target":["https:\/\/www.botres.com\/de\/firma\/ueber-uns\/"]}]},{"@type":"ImageObject","inLanguage":"de","@id":"https:\/\/www.botres.com\/de\/firma\/ueber-uns\/#primaryimage","url":"https:\/\/www.botres.com\/wp-content\/uploads\/2024\/01\/company-1.jpg","contentUrl":"https:\/\/www.botres.com\/wp-content\/uploads\/2024\/01\/company-1.jpg","width":383,"height":320},{"@type":"BreadcrumbList","@id":"https:\/\/www.botres.com\/de\/firma\/ueber-uns\/#breadcrumb","itemListElement":[{"@type":"ListItem","position":1,"name":"Home","item":"https:\/\/www.botres.com\/de\/"},{"@type":"ListItem","position":2,"name":"\u00dcber uns","item":"https:\/\/www.botres.com\/de\/firma\/"},{"@type":"ListItem","position":3,"name":"\u00dcber uns"}]},{"@type":"WebSite","@id":"https:\/\/www.botres.com\/#website","url":"https:\/\/www.botres.com\/","name":"Botres Global GmbH","description":"","publisher":{"@id":"https:\/\/www.botres.com\/#organization"},"potentialAction":[{"@type":"SearchAction","target":{"@type":"EntryPoint","urlTemplate":"https:\/\/www.botres.com\/?s={search_term_string}"},"query-input":{"@type":"PropertyValueSpecification","valueRequired":true,"valueName":"search_term_string"}}],"inLanguage":"de"},{"@type":"Organization","@id":"https:\/\/www.botres.com\/#organization","name":"Botres Global GmbH","url":"https:\/\/www.botres.com\/","logo":{"@type":"ImageObject","inLanguage":"de","@id":"https:\/\/www.botres.com\/#\/schema\/logo\/image\/","url":"https:\/\/www.botres.com\/wp-content\/uploads\/2024\/01\/cropped-cropped-Logo-Botres-quadratisch-scaled-1.jpg","contentUrl":"https:\/\/www.botres.com\/wp-content\/uploads\/2024\/01\/cropped-cropped-Logo-Botres-quadratisch-scaled-1.jpg","width":512,"height":512,"caption":"Botres Global GmbH"},"image":{"@id":"https:\/\/www.botres.com\/#\/schema\/logo\/image\/"},"sameAs":["https:\/\/www.facebook.com\/profile.php?id=61550819780504","https:\/\/www.linkedin.com\/company\/botres-global\/","https:\/\/www.instagram.com\/botresglobal\/"]}]}},"_links":{"self":[{"href":"https:\/\/www.botres.com\/de\/wp-json\/wp\/v2\/pages\/1836","targetHints":{"allow":["GET"]}}],"collection":[{"href":"https:\/\/www.botres.com\/de\/wp-json\/wp\/v2\/pages"}],"about":[{"href":"https:\/\/www.botres.com\/de\/wp-json\/wp\/v2\/types\/page"}],"author":[{"embeddable":true,"href":"https:\/\/www.botres.com\/de\/wp-json\/wp\/v2\/users\/4"}],"replies":[{"embeddable":true,"href":"https:\/\/www.botres.com\/de\/wp-json\/wp\/v2\/comments?post=1836"}],"version-history":[{"count":10,"href":"https:\/\/www.botres.com\/de\/wp-json\/wp\/v2\/pages\/1836\/revisions"}],"predecessor-version":[{"id":12756,"href":"https:\/\/www.botres.com\/de\/wp-json\/wp\/v2\/pages\/1836\/revisions\/12756"}],"up":[{"embeddable":true,"href":"https:\/\/www.botres.com\/de\/wp-json\/wp\/v2\/pages\/1833"}],"wp:featuredmedia":[{"embeddable":true,"href":"https:\/\/www.botres.com\/de\/wp-json\/wp\/v2\/media\/314"}],"wp:attachment":[{"href":"https:\/\/www.botres.com\/de\/wp-json\/wp\/v2\/media?parent=1836"}],"curies":[{"name":"wp","href":"https:\/\/api.w.org\/{rel}","templated":true}]}}