{"id":12620,"date":"2024-07-14T19:06:09","date_gmt":"2024-07-14T17:06:09","guid":{"rendered":"https:\/\/www.botres.com\/projekte\/epc-projekte\/"},"modified":"2025-05-08T11:24:17","modified_gmt":"2025-05-08T09:24:17","slug":"boo-projekte","status":"publish","type":"page","link":"https:\/\/www.botres.com\/de\/projekte\/boo-projekte\/","title":{"rendered":"BOO-Projekte"},"content":{"rendered":"<p>[et_pb_section fb_built=&#8220;1&#8243; _builder_version=&#8220;4.27.4&#8243; _module_preset=&#8220;default&#8220; background_image=&#8220;https:\/\/www.botres.com\/wp-content\/uploads\/2024\/07\/electricity-transmission-towers-with-orange-glowing-wires-against-night-sky-scaled.jpg&#8220; background_position=&#8220;bottom_center&#8220; background_vertical_offset=&#8220;24%&#8220; background_enable_video_mp4=&#8220;off&#8220; hover_enabled=&#8220;0&#8243; global_colors_info=&#8220;{}&#8220; title_text=&#8220;Electricity transmission towers with orange glowing wires against night sky.&#8220; sticky_enabled=&#8220;0&#8243;][et_pb_row _builder_version=&#8220;4.25.1&#8243; _module_preset=&#8220;default&#8220; global_colors_info=&#8220;{}&#8220;][et_pb_column type=&#8220;4_4&#8243; _builder_version=&#8220;4.25.1&#8243; _module_preset=&#8220;default&#8220; global_colors_info=&#8220;{}&#8220;][et_pb_text module_class=&#8220;accent-bold accentcolor-on-bold&#8220; _builder_version=&#8220;4.27.0&#8243; _module_preset=&#8220;default&#8220; header_font=&#8220;|||on|||||&#8220; header_text_color=&#8220;#FFFFFF&#8220; custom_margin=&#8220;5rem||5rem||false|false&#8220; header_text_shadow_style=&#8220;preset1&#8243; global_colors_info=&#8220;{}&#8220;]<\/p>\n<h1><strong>Versorgung der Welt mit organischer Energie<\/strong><\/h1>\n<p>[\/et_pb_text][\/et_pb_column][\/et_pb_row][\/et_pb_section][et_pb_section fb_built=&#8220;1&#8243; _builder_version=&#8220;4.25.1&#8243; _module_preset=&#8220;default&#8220; global_colors_info=&#8220;{}&#8220;][et_pb_row _builder_version=&#8220;4.25.1&#8243; _module_preset=&#8220;default&#8220; global_colors_info=&#8220;{}&#8220;][et_pb_column type=&#8220;4_4&#8243; _builder_version=&#8220;4.25.1&#8243; _module_preset=&#8220;default&#8220; global_colors_info=&#8220;{}&#8220;][et_pb_text _builder_version=&#8220;4.25.1&#8243; _module_preset=&#8220;b147756b-4572-46e4-ad90-d428afb5e7e5&#8243; animation_style=&#8220;fade&#8220; animation_duration=&#8220;650ms&#8220; global_colors_info=&#8220;{}&#8220;]<\/p>\n<h1><strong>BOO PROJEKTE<\/strong><\/h1>\n<p>[\/et_pb_text][\/et_pb_column][\/et_pb_row][et_pb_row column_structure=&#8220;1_2,1_2&#8243; _builder_version=&#8220;4.25.1&#8243; _module_preset=&#8220;default&#8220; global_colors_info=&#8220;{}&#8220;][et_pb_column type=&#8220;1_2&#8243; _builder_version=&#8220;4.25.1&#8243; _module_preset=&#8220;default&#8220; global_colors_info=&#8220;{}&#8220;][et_pb_text _builder_version=&#8220;4.25.1&#8243; _module_preset=&#8220;b147756b-4572-46e4-ad90-d428afb5e7e5&#8243; animation_style=&#8220;fade&#8220; animation_duration=&#8220;650ms&#8220; global_colors_info=&#8220;{}&#8220;]<\/p>\n<p><span>Bei Botres Global realisieren wir unsere Build-Own-Operate (BOO) Biogasprojekte, bei denen wir die Anlagen vollst\u00e4ndig selbst planen, bauen und betreiben. Mit diesem Modell behalten wir die volle Kontrolle \u00fcber die Qualit\u00e4t und Effizienz jeder einzelnen Anlage. Neben dem Bau neuer Anlagen erwerben wir auch bestehende Biogasanlagen (Brownfield-Anlagen) und r\u00fcsten sie mit unserer hochmodernen um, zur Gew\u00e4hrleistung einer h\u00f6heren Leistung und einer l\u00e4ngeren Betriebsdauer.  <\/span><\/p>\n<p>[\/et_pb_text][\/et_pb_column][et_pb_column type=&#8220;1_2&#8243; _builder_version=&#8220;4.25.1&#8243; _module_preset=&#8220;default&#8220; global_colors_info=&#8220;{}&#8220;][et_pb_image src=&#8220;https:\/\/botres.com\/wp-content\/uploads\/2024\/07\/botres-globe@2x.png&#8220; title_text=&#8220;Globus&#8220; _builder_version=&#8220;4.25.1&#8243; _module_preset=&#8220;default&#8220; width=&#8220;600px&#8220; max_width=&#8220;100%&#8220; module_alignment=&#8220;center&#8220; global_colors_info=&#8220;{}&#8220;][\/et_pb_image][\/et_pb_column][\/et_pb_row][et_pb_row _builder_version=&#8220;4.25.1&#8243; _module_preset=&#8220;default&#8220; global_colors_info=&#8220;{}&#8220;][et_pb_column type=&#8220;4_4&#8243; _builder_version=&#8220;4.25.1&#8243; _module_preset=&#8220;default&#8220; global_colors_info=&#8220;{}&#8220;][et_pb_portfolio fullwidth=&#8220;off&#8220; posts_number=&#8220;99&#8243; include_categories=&#8220;93&#8243; show_categories=&#8220;off&#8220; show_pagination=&#8220;off&#8220; hover_overlay_color=&#8220;RGBA(255,255,255,0)&#8220; disabled_on=&#8220;off|off|off&#8220; module_class=&#8220;sync-heights pa-blog-equal-height projects-sync-height&#8220; _builder_version=&#8220;4.27.4&#8243; _module_preset=&#8220;default&#8220; title_text_align=&#8220;center&#8220; text_orientation=&#8220;center&#8220; display_conditions=&#8220;W10=&#8220; global_colors_info=&#8220;{}&#8220;][\/et_pb_portfolio][\/et_pb_column][\/et_pb_row][\/et_pb_section]<\/p>\n","protected":false},"excerpt":{"rendered":"<p>Versorgung der Welt mit organischer EnergieBOO PROJEKTEBei Botres Global realisieren wir unsere Build-Own-Operate (BOO) Biogasprojekte, bei denen wir die Anlagen vollst\u00e4ndig selbst planen, bauen und betreiben. Mit diesem Modell behalten wir die volle Kontrolle \u00fcber die Qualit\u00e4t und Effizienz jeder einzelnen Anlage. Neben dem Bau neuer Anlagen erwerben wir auch bestehende Biogasanlagen (Brownfield-Anlagen) und r\u00fcsten [&hellip;]<\/p>\n","protected":false},"author":5,"featured_media":0,"parent":1886,"menu_order":1,"comment_status":"closed","ping_status":"closed","template":"","meta":{"_acf_changed":false,"_et_pb_use_builder":"on","_et_pb_old_content":"","_et_gb_content_width":"","footnotes":""},"class_list":["post-12620","page","type-page","status-publish","hentry"],"acf":[],"yoast_head":"<!-- This site is optimized with the Yoast SEO plugin v27.4 - https:\/\/yoast.com\/product\/yoast-seo-wordpress\/ -->\n<title>BOO-Projekte - Botres<\/title>\n<meta name=\"robots\" content=\"index, follow, max-snippet:-1, max-image-preview:large, max-video-preview:-1\" \/>\n<link rel=\"canonical\" href=\"https:\/\/www.botres.com\/de\/projekte\/boo-projekte\/\" \/>\n<meta property=\"og:locale\" content=\"de_DE\" \/>\n<meta property=\"og:type\" content=\"article\" \/>\n<meta property=\"og:title\" content=\"BOO-Projekte - Botres\" \/>\n<meta property=\"og:description\" content=\"Versorgung der Welt mit organischer EnergieBOO PROJEKTEBei Botres Global realisieren wir unsere Build-Own-Operate (BOO) Biogasprojekte, bei denen wir die Anlagen vollst\u00e4ndig selbst planen, bauen und betreiben. Mit diesem Modell behalten wir die volle Kontrolle \u00fcber die Qualit\u00e4t und Effizienz jeder einzelnen Anlage. Neben dem Bau neuer Anlagen erwerben wir auch bestehende Biogasanlagen (Brownfield-Anlagen) und r\u00fcsten [&hellip;]\" \/>\n<meta property=\"og:url\" content=\"https:\/\/www.botres.com\/de\/projekte\/boo-projekte\/\" \/>\n<meta property=\"og:site_name\" content=\"Botres\" \/>\n<meta property=\"article:publisher\" content=\"https:\/\/www.facebook.com\/profile.php?id=61550819780504\" \/>\n<meta property=\"article:modified_time\" content=\"2025-05-08T09:24:17+00:00\" \/>\n<meta property=\"og:image\" content=\"https:\/\/www.botres.com\/wp-content\/uploads\/2024\/01\/004-Anlage-Bilecik1-1.jpg\" \/>\n\t<meta property=\"og:image:width\" content=\"1536\" \/>\n\t<meta property=\"og:image:height\" content=\"1228\" \/>\n\t<meta property=\"og:image:type\" content=\"image\/jpeg\" \/>\n<meta name=\"twitter:card\" content=\"summary_large_image\" \/>\n<script type=\"application\/ld+json\" class=\"yoast-schema-graph\">{\"@context\":\"https:\\\/\\\/schema.org\",\"@graph\":[{\"@type\":\"WebPage\",\"@id\":\"https:\\\/\\\/www.botres.com\\\/de\\\/projekte\\\/boo-projekte\\\/\",\"url\":\"https:\\\/\\\/www.botres.com\\\/de\\\/projekte\\\/boo-projekte\\\/\",\"name\":\"BOO-Projekte - Botres\",\"isPartOf\":{\"@id\":\"https:\\\/\\\/www.botres.com\\\/#website\"},\"datePublished\":\"2024-07-14T17:06:09+00:00\",\"dateModified\":\"2025-05-08T09:24:17+00:00\",\"breadcrumb\":{\"@id\":\"https:\\\/\\\/www.botres.com\\\/de\\\/projekte\\\/boo-projekte\\\/#breadcrumb\"},\"inLanguage\":\"de\",\"potentialAction\":[{\"@type\":\"ReadAction\",\"target\":[\"https:\\\/\\\/www.botres.com\\\/de\\\/projekte\\\/boo-projekte\\\/\"]}]},{\"@type\":\"BreadcrumbList\",\"@id\":\"https:\\\/\\\/www.botres.com\\\/de\\\/projekte\\\/boo-projekte\\\/#breadcrumb\",\"itemListElement\":[{\"@type\":\"ListItem\",\"position\":1,\"name\":\"Home\",\"item\":\"https:\\\/\\\/www.botres.com\\\/de\\\/\"},{\"@type\":\"ListItem\",\"position\":2,\"name\":\"Referenzen\",\"item\":\"https:\\\/\\\/www.botres.com\\\/de\\\/projekte\\\/\"},{\"@type\":\"ListItem\",\"position\":3,\"name\":\"BOO-Projekte\"}]},{\"@type\":\"WebSite\",\"@id\":\"https:\\\/\\\/www.botres.com\\\/#website\",\"url\":\"https:\\\/\\\/www.botres.com\\\/\",\"name\":\"Botres Global GmbH\",\"description\":\"\",\"publisher\":{\"@id\":\"https:\\\/\\\/www.botres.com\\\/#organization\"},\"potentialAction\":[{\"@type\":\"SearchAction\",\"target\":{\"@type\":\"EntryPoint\",\"urlTemplate\":\"https:\\\/\\\/www.botres.com\\\/?s={search_term_string}\"},\"query-input\":{\"@type\":\"PropertyValueSpecification\",\"valueRequired\":true,\"valueName\":\"search_term_string\"}}],\"inLanguage\":\"de\"},{\"@type\":\"Organization\",\"@id\":\"https:\\\/\\\/www.botres.com\\\/#organization\",\"name\":\"Botres Global GmbH\",\"url\":\"https:\\\/\\\/www.botres.com\\\/\",\"logo\":{\"@type\":\"ImageObject\",\"inLanguage\":\"de\",\"@id\":\"https:\\\/\\\/www.botres.com\\\/#\\\/schema\\\/logo\\\/image\\\/\",\"url\":\"https:\\\/\\\/www.botres.com\\\/wp-content\\\/uploads\\\/2024\\\/01\\\/cropped-cropped-Logo-Botres-quadratisch-scaled-1.jpg\",\"contentUrl\":\"https:\\\/\\\/www.botres.com\\\/wp-content\\\/uploads\\\/2024\\\/01\\\/cropped-cropped-Logo-Botres-quadratisch-scaled-1.jpg\",\"width\":512,\"height\":512,\"caption\":\"Botres Global GmbH\"},\"image\":{\"@id\":\"https:\\\/\\\/www.botres.com\\\/#\\\/schema\\\/logo\\\/image\\\/\"},\"sameAs\":[\"https:\\\/\\\/www.facebook.com\\\/profile.php?id=61550819780504\",\"https:\\\/\\\/www.linkedin.com\\\/company\\\/botres-global\\\/\",\"https:\\\/\\\/www.instagram.com\\\/botresglobal\\\/\"]}]}<\/script>\n<!-- \/ Yoast SEO plugin. -->","yoast_head_json":{"title":"BOO-Projekte - Botres","robots":{"index":"index","follow":"follow","max-snippet":"max-snippet:-1","max-image-preview":"max-image-preview:large","max-video-preview":"max-video-preview:-1"},"canonical":"https:\/\/www.botres.com\/de\/projekte\/boo-projekte\/","og_locale":"de_DE","og_type":"article","og_title":"BOO-Projekte - Botres","og_description":"Versorgung der Welt mit organischer EnergieBOO PROJEKTEBei Botres Global realisieren wir unsere Build-Own-Operate (BOO) Biogasprojekte, bei denen wir die Anlagen vollst\u00e4ndig selbst planen, bauen und betreiben. Mit diesem Modell behalten wir die volle Kontrolle \u00fcber die Qualit\u00e4t und Effizienz jeder einzelnen Anlage. Neben dem Bau neuer Anlagen erwerben wir auch bestehende Biogasanlagen (Brownfield-Anlagen) und r\u00fcsten [&hellip;]","og_url":"https:\/\/www.botres.com\/de\/projekte\/boo-projekte\/","og_site_name":"Botres","article_publisher":"https:\/\/www.facebook.com\/profile.php?id=61550819780504","article_modified_time":"2025-05-08T09:24:17+00:00","og_image":[{"width":1536,"height":1228,"url":"https:\/\/www.botres.com\/wp-content\/uploads\/2024\/01\/004-Anlage-Bilecik1-1.jpg","type":"image\/jpeg"}],"twitter_card":"summary_large_image","schema":{"@context":"https:\/\/schema.org","@graph":[{"@type":"WebPage","@id":"https:\/\/www.botres.com\/de\/projekte\/boo-projekte\/","url":"https:\/\/www.botres.com\/de\/projekte\/boo-projekte\/","name":"BOO-Projekte - Botres","isPartOf":{"@id":"https:\/\/www.botres.com\/#website"},"datePublished":"2024-07-14T17:06:09+00:00","dateModified":"2025-05-08T09:24:17+00:00","breadcrumb":{"@id":"https:\/\/www.botres.com\/de\/projekte\/boo-projekte\/#breadcrumb"},"inLanguage":"de","potentialAction":[{"@type":"ReadAction","target":["https:\/\/www.botres.com\/de\/projekte\/boo-projekte\/"]}]},{"@type":"BreadcrumbList","@id":"https:\/\/www.botres.com\/de\/projekte\/boo-projekte\/#breadcrumb","itemListElement":[{"@type":"ListItem","position":1,"name":"Home","item":"https:\/\/www.botres.com\/de\/"},{"@type":"ListItem","position":2,"name":"Referenzen","item":"https:\/\/www.botres.com\/de\/projekte\/"},{"@type":"ListItem","position":3,"name":"BOO-Projekte"}]},{"@type":"WebSite","@id":"https:\/\/www.botres.com\/#website","url":"https:\/\/www.botres.com\/","name":"Botres Global GmbH","description":"","publisher":{"@id":"https:\/\/www.botres.com\/#organization"},"potentialAction":[{"@type":"SearchAction","target":{"@type":"EntryPoint","urlTemplate":"https:\/\/www.botres.com\/?s={search_term_string}"},"query-input":{"@type":"PropertyValueSpecification","valueRequired":true,"valueName":"search_term_string"}}],"inLanguage":"de"},{"@type":"Organization","@id":"https:\/\/www.botres.com\/#organization","name":"Botres Global GmbH","url":"https:\/\/www.botres.com\/","logo":{"@type":"ImageObject","inLanguage":"de","@id":"https:\/\/www.botres.com\/#\/schema\/logo\/image\/","url":"https:\/\/www.botres.com\/wp-content\/uploads\/2024\/01\/cropped-cropped-Logo-Botres-quadratisch-scaled-1.jpg","contentUrl":"https:\/\/www.botres.com\/wp-content\/uploads\/2024\/01\/cropped-cropped-Logo-Botres-quadratisch-scaled-1.jpg","width":512,"height":512,"caption":"Botres Global GmbH"},"image":{"@id":"https:\/\/www.botres.com\/#\/schema\/logo\/image\/"},"sameAs":["https:\/\/www.facebook.com\/profile.php?id=61550819780504","https:\/\/www.linkedin.com\/company\/botres-global\/","https:\/\/www.instagram.com\/botresglobal\/"]}]}},"_links":{"self":[{"href":"https:\/\/www.botres.com\/de\/wp-json\/wp\/v2\/pages\/12620","targetHints":{"allow":["GET"]}}],"collection":[{"href":"https:\/\/www.botres.com\/de\/wp-json\/wp\/v2\/pages"}],"about":[{"href":"https:\/\/www.botres.com\/de\/wp-json\/wp\/v2\/types\/page"}],"author":[{"embeddable":true,"href":"https:\/\/www.botres.com\/de\/wp-json\/wp\/v2\/users\/5"}],"replies":[{"embeddable":true,"href":"https:\/\/www.botres.com\/de\/wp-json\/wp\/v2\/comments?post=12620"}],"version-history":[{"count":6,"href":"https:\/\/www.botres.com\/de\/wp-json\/wp\/v2\/pages\/12620\/revisions"}],"predecessor-version":[{"id":12749,"href":"https:\/\/www.botres.com\/de\/wp-json\/wp\/v2\/pages\/12620\/revisions\/12749"}],"up":[{"embeddable":true,"href":"https:\/\/www.botres.com\/de\/wp-json\/wp\/v2\/pages\/1886"}],"wp:attachment":[{"href":"https:\/\/www.botres.com\/de\/wp-json\/wp\/v2\/media?parent=12620"}],"curies":[{"name":"wp","href":"https:\/\/api.w.org\/{rel}","templated":true}]}}